{"id":3451,"date":"2022-11-25T11:21:01","date_gmt":"2022-11-25T11:21:01","guid":{"rendered":"https:\/\/www.hotelmilanese.it\/wellness-center\/"},"modified":"2022-12-28T10:15:46","modified_gmt":"2022-12-28T10:15:46","slug":"wellness-center","status":"publish","type":"page","link":"https:\/\/www.hotelmilanese.it\/de\/wellness-center\/","title":{"rendered":"WELLNESS CENTER"},"content":{"rendered":"\t\t<div data-elementor-type=\"wp-page\" data-elementor-id=\"3451\" class=\"elementor elementor-3451 elementor-238\" data-elementor-post-type=\"page\">\n\t\t\t\t\t\t<section class=\"elementor-section elementor-top-section elementor-element elementor-element-16526427 elementor-section-full_width elementor-section-height-default elementor-section-height-default\" data-id=\"16526427\" data-element_type=\"section\" data-e-type=\"section\">\n\t\t\t\t\t\t<div class=\"elementor-container elementor-column-gap-no\">\n\t\t\t\t\t<div class=\"elementor-column elementor-col-100 elementor-top-column elementor-element elementor-element-495bd11c\" data-id=\"495bd11c\" data-element_type=\"column\" data-e-type=\"column\">\n\t\t\t<div class=\"elementor-widget-wrap elementor-element-populated\">\n\t\t\t\t\t\t<div class=\"elementor-element elementor-element-75c57197 elementor--h-position-right elementor--v-position-middle elementor-arrows-position-inside elementor-widget elementor-widget-slides\" data-id=\"75c57197\" data-element_type=\"widget\" data-e-type=\"widget\" data-settings=\"{&quot;navigation&quot;:&quot;arrows&quot;,&quot;autoplay&quot;:&quot;yes&quot;,&quot;pause_on_hover&quot;:&quot;yes&quot;,&quot;pause_on_interaction&quot;:&quot;yes&quot;,&quot;autoplay_speed&quot;:5000,&quot;infinite&quot;:&quot;yes&quot;,&quot;transition&quot;:&quot;slide&quot;,&quot;transition_speed&quot;:500}\" data-widget_type=\"slides.default\">\n\t\t\t\t<div class=\"elementor-widget-container\">\n\t\t\t\t\t\t\t\t\t<div class=\"elementor-swiper\">\n\t\t\t\t\t<div class=\"elementor-slides-wrapper elementor-main-swiper swiper\" role=\"region\" aria-roledescription=\"carousel\" aria-label=\"Slider\" dir=\"ltr\" data-animation=\"fadeInUp\">\n\t\t\t\t<div class=\"swiper-wrapper elementor-slides\">\n\t\t\t\t\t\t\t\t\t\t<div class=\"elementor-repeater-item-baa3a77 swiper-slide\" role=\"group\" aria-roledescription=\"slide\"><div class=\"swiper-slide-bg\" role=\"img\" aria-label=\"benessere2\"><\/div><div class=\"swiper-slide-inner\" ><div class=\"swiper-slide-contents\"><\/div><\/div><\/div><div class=\"elementor-repeater-item-8831193 swiper-slide\" role=\"group\" aria-roledescription=\"slide\"><div class=\"swiper-slide-bg\" role=\"img\" aria-label=\"benessere1\"><\/div><div class=\"swiper-slide-inner\" ><div class=\"swiper-slide-contents\"><\/div><\/div><\/div>\t\t\t\t<\/div>\n\t\t\t\t\t\t\t\t\t\t\t\t\t\t\t<div class=\"elementor-swiper-button elementor-swiper-button-prev\" role=\"button\" tabindex=\"0\" aria-label=\"Vorheriger Slide\">\n\t\t\t\t\t\t\t<i aria-hidden=\"true\" class=\"eicon-chevron-left\"><\/i>\t\t\t\t\t\t<\/div>\n\t\t\t\t\t\t<div class=\"elementor-swiper-button elementor-swiper-button-next\" role=\"button\" tabindex=\"0\" aria-label=\"N\u00e4chster Slide\">\n\t\t\t\t\t\t\t<i aria-hidden=\"true\" class=\"eicon-chevron-right\"><\/i>\t\t\t\t\t\t<\/div>\n\t\t\t\t\t\t\t\t\t\t\t\t\t\t\t\t\t<\/div>\n\t\t\t\t<\/div>\n\t\t\t\t\t\t\t\t<\/div>\n\t\t\t\t<\/div>\n\t\t\t\t\t<\/div>\n\t\t<\/div>\n\t\t\t\t\t<\/div>\n\t\t<\/section>\n\t\t\t\t<section class=\"elementor-section elementor-top-section elementor-element elementor-element-7b6b6806 elementor-section-boxed elementor-section-height-default elementor-section-height-default\" data-id=\"7b6b6806\" data-element_type=\"section\" data-e-type=\"section\">\n\t\t\t\t\t\t<div class=\"elementor-container elementor-column-gap-default\">\n\t\t\t\t\t<div class=\"elementor-column elementor-col-100 elementor-top-column elementor-element elementor-element-26b8abb6\" data-id=\"26b8abb6\" data-element_type=\"column\" data-e-type=\"column\">\n\t\t\t<div class=\"elementor-widget-wrap elementor-element-populated\">\n\t\t\t\t\t\t<div class=\"elementor-element elementor-element-7dfbb4d4 elementor-widget elementor-widget-heading\" data-id=\"7dfbb4d4\" data-element_type=\"widget\" data-e-type=\"widget\" data-widget_type=\"heading.default\">\n\t\t\t\t<div class=\"elementor-widget-container\">\n\t\t\t\t\t<h1 class=\"elementor-heading-title elementor-size-default\">G\u00d6NNEN SIE SICH IM HOTEL MONTMARTRE WOHLBEFINDEN: ENTDECKEN SIE IHRE KLEINE ECKE DES VERGN\u00dcGENS<\/h1>\t\t\t\t<\/div>\n\t\t\t\t<\/div>\n\t\t\t\t<div class=\"elementor-element elementor-element-1b3c30e2 elementor-widget elementor-widget-heading\" data-id=\"1b3c30e2\" data-element_type=\"widget\" data-e-type=\"widget\" data-widget_type=\"heading.default\">\n\t\t\t\t<div class=\"elementor-widget-container\">\n\t\t\t\t\t<h2 class=\"elementor-heading-title elementor-size-default\">Unser Wellnessbereich ist nur wenige Schritte entfernt von 8 bis 24 Uhr f\u00fcr alle G\u00e4ste ge\u00f6ffnet<\/h2>\t\t\t\t<\/div>\n\t\t\t\t<\/div>\n\t\t\t\t<div class=\"elementor-element elementor-element-494850e4 elementor-widget elementor-widget-text-editor\" data-id=\"494850e4\" data-element_type=\"widget\" data-e-type=\"widget\" data-widget_type=\"text-editor.default\">\n\t\t\t\t<div class=\"elementor-widget-container\">\n\t\t\t\t\t\t\t\t\t<p><i>Unser Ziel? Kombinieren Sie das Vergn\u00fcgen einer famili\u00e4ren Atmosph\u00e4re mit ma\u00dfgeschneiderten\u2026 <\/i><\/p>\n<p>Dies hat die Verbindung zwischen <b>dem Hotel Milanese und dem Hotel Montmartre<\/b> zunehmend gest\u00e4rkt. Direkt vor Ihnen trennen Sie nur wenige Sekunden von den besten Annehmlichkeiten, die Ihnen immer zur Verf\u00fcgung stehen.<\/p>\n<p>Im Montmartre finden Sie ein <strong>intimes Wellness-Center<\/strong>, das direkt vom Hotel Milanese aus zug\u00e4nglich ist. Im Inneren finden Sie einen kleinen <strong>Entspannungsbereich mit Naturholzliegen, eine Sauna, ein t\u00fcrkisches Bad und eine Erlebnisdusche<\/strong>.  <\/p>\n<p>In einem anderen Bereich, der vom Wellness-Center getrennt ist, gibt es auch eine <strong>Sonnendusche und einen Whirlpool.<\/strong> Wer m\u00f6chte, kann diese Dienstleistungen gegen einen Aufpreis in <strong>Anspruch nehmen und Momente der absoluten Ruhe und Gelassenheit genie\u00dfen<\/strong>. <\/p>\n<p>Sie haben immer die M\u00f6glichkeit, auch angenehme, <b>ma\u00dfgeschneiderte Massagen<\/b> und Behandlungen zu buchen.<\/p>\n<p>F\u00fcr Wellnessliebhaber gibt es auch <b>einen sch\u00f6nen Fitnessraum,<\/b> der immer ge\u00f6ffnet ist: Er ist sehr sauber und man kann auf <b>Laufb\u00e4ndern, Lieger\u00e4dern, Hanteln, Ellipsentrainern und Steppern trainieren<\/b>. Wenn Sie das sanfte Streicheln des Wassers auf Ihrer Haut lieben, <b>ist der Whirlpool das ganze Jahr \u00fcber ge\u00f6ffnet<\/b>.<\/p>\n<p>Hier finden Sie alle Serviceleistungen in unserem <b>Hotel mit Wellnesscenter in Rimini<\/b>:<\/p>\n\t\t\t\t\t\t\t\t<\/div>\n\t\t\t\t<\/div>\n\t\t\t\t<div class=\"elementor-element elementor-element-65c6be73 elementor-list-item-link-full_width elementor-widget elementor-widget-icon-list\" data-id=\"65c6be73\" data-element_type=\"widget\" data-e-type=\"widget\" data-widget_type=\"icon-list.default\">\n\t\t\t\t<div class=\"elementor-widget-container\">\n\t\t\t\t\t\t\t<ul class=\"elementor-icon-list-items\">\n\t\t\t\t\t\t\t<li class=\"elementor-icon-list-item\">\n\t\t\t\t\t\t\t\t\t\t\t<span class=\"elementor-icon-list-icon\">\n\t\t\t\t\t\t\t<i aria-hidden=\"true\" class=\"fas fa-circle\"><\/i>\t\t\t\t\t\t<\/span>\n\t\t\t\t\t\t\t\t\t\t<span class=\"elementor-icon-list-text\">Sauna<\/span>\n\t\t\t\t\t\t\t\t\t<\/li>\n\t\t\t\t\t\t\t\t<li class=\"elementor-icon-list-item\">\n\t\t\t\t\t\t\t\t\t\t\t<span class=\"elementor-icon-list-icon\">\n\t\t\t\t\t\t\t<i aria-hidden=\"true\" class=\"fas fa-circle\"><\/i>\t\t\t\t\t\t<\/span>\n\t\t\t\t\t\t\t\t\t\t<span class=\"elementor-icon-list-text\"> T\u00fcrkisches Bad<\/span>\n\t\t\t\t\t\t\t\t\t<\/li>\n\t\t\t\t\t\t\t\t<li class=\"elementor-icon-list-item\">\n\t\t\t\t\t\t\t\t\t\t\t<span class=\"elementor-icon-list-icon\">\n\t\t\t\t\t\t\t<i aria-hidden=\"true\" class=\"fas fa-circle\"><\/i>\t\t\t\t\t\t<\/span>\n\t\t\t\t\t\t\t\t\t\t<span class=\"elementor-icon-list-text\"> Emotionale Dusche<\/span>\n\t\t\t\t\t\t\t\t\t<\/li>\n\t\t\t\t\t\t\t\t<li class=\"elementor-icon-list-item\">\n\t\t\t\t\t\t\t\t\t\t\t<span class=\"elementor-icon-list-icon\">\n\t\t\t\t\t\t\t<i aria-hidden=\"true\" class=\"fas fa-circle\"><\/i>\t\t\t\t\t\t<\/span>\n\t\t\t\t\t\t\t\t\t\t<span class=\"elementor-icon-list-text\"> Entspannen Sie sich mit Liegest\u00fchlen<\/span>\n\t\t\t\t\t\t\t\t\t<\/li>\n\t\t\t\t\t\t<\/ul>\n\t\t\t\t\t\t<\/div>\n\t\t\t\t<\/div>\n\t\t\t\t<div class=\"elementor-element elementor-element-2c1901e0 elementor-pagination-position-outside elementor-widget elementor-widget-image-carousel\" data-id=\"2c1901e0\" data-element_type=\"widget\" data-e-type=\"widget\" data-settings=\"{&quot;slides_to_show&quot;:&quot;3&quot;,&quot;slides_to_scroll&quot;:&quot;1&quot;,&quot;navigation&quot;:&quot;dots&quot;,&quot;autoplay&quot;:&quot;yes&quot;,&quot;pause_on_hover&quot;:&quot;yes&quot;,&quot;pause_on_interaction&quot;:&quot;yes&quot;,&quot;autoplay_speed&quot;:5000,&quot;infinite&quot;:&quot;yes&quot;,&quot;speed&quot;:500,&quot;image_spacing_custom&quot;:{&quot;unit&quot;:&quot;px&quot;,&quot;size&quot;:20,&quot;sizes&quot;:[]},&quot;image_spacing_custom_tablet&quot;:{&quot;unit&quot;:&quot;px&quot;,&quot;size&quot;:&quot;&quot;,&quot;sizes&quot;:[]},&quot;image_spacing_custom_mobile&quot;:{&quot;unit&quot;:&quot;px&quot;,&quot;size&quot;:&quot;&quot;,&quot;sizes&quot;:[]}}\" data-widget_type=\"image-carousel.default\">\n\t\t\t\t<div class=\"elementor-widget-container\">\n\t\t\t\t\t\t\t<div class=\"elementor-image-carousel-wrapper swiper\" role=\"region\" aria-roledescription=\"carousel\" aria-label=\"Bild Karussell\" dir=\"ltr\">\n\t\t\t<div class=\"elementor-image-carousel swiper-wrapper\" aria-live=\"off\">\n\t\t\t\t\t\t\t\t<div class=\"swiper-slide\" role=\"group\" aria-roledescription=\"slide\" aria-label=\"1 von 3\"><a data-elementor-open-lightbox=\"yes\" data-elementor-lightbox-slideshow=\"2c1901e0\" data-e-action-hash=\"#elementor-action%3Aaction%3Dlightbox%26settings%3DeyJpZCI6MTYxMCwidXJsIjoiaHR0cHM6XC9cL3d3dy5ob3RlbG1pbGFuZXNlLml0XC93cC1jb250ZW50XC91cGxvYWRzXC8yMDIyXC8xMVwvcGFsZXN0cmEtMS1lMTY2OTcyNzE3NjUxOS5qcGciLCJzbGlkZXNob3ciOiIyYzE5MDFlMCJ9\" href=\"https:\/\/www.hotelmilanese.it\/wp-content\/uploads\/2022\/11\/palestra-1-e1669727176519.jpg\"><figure class=\"swiper-slide-inner\"><img decoding=\"async\" class=\"swiper-slide-image\" src=\"https:\/\/www.hotelmilanese.it\/wp-content\/uploads\/2022\/11\/palestra-1-e1669727176519.jpg\" alt=\"palestra-1\" \/><\/figure><\/a><\/div><div class=\"swiper-slide\" role=\"group\" aria-roledescription=\"slide\" aria-label=\"2 von 3\"><a data-elementor-open-lightbox=\"yes\" data-elementor-lightbox-slideshow=\"2c1901e0\" data-e-action-hash=\"#elementor-action%3Aaction%3Dlightbox%26settings%3DeyJpZCI6MTY4MiwidXJsIjoiaHR0cHM6XC9cL3d3dy5ob3RlbG1pbGFuZXNlLml0XC93cC1jb250ZW50XC91cGxvYWRzXC8yMDIyXC8xMVwvY2VudHJvLWJlbmVzc2VyZS5qcGciLCJzbGlkZXNob3ciOiIyYzE5MDFlMCJ9\" href=\"https:\/\/www.hotelmilanese.it\/wp-content\/uploads\/2022\/11\/centro-benessere.jpg\"><figure class=\"swiper-slide-inner\"><img decoding=\"async\" class=\"swiper-slide-image\" src=\"https:\/\/www.hotelmilanese.it\/wp-content\/uploads\/2022\/11\/centro-benessere.jpg\" alt=\"centro-benessere\" \/><\/figure><\/a><\/div><div class=\"swiper-slide\" role=\"group\" aria-roledescription=\"slide\" aria-label=\"3 von 3\"><a data-elementor-open-lightbox=\"yes\" data-elementor-lightbox-slideshow=\"2c1901e0\" data-e-action-hash=\"#elementor-action%3Aaction%3Dlightbox%26settings%3DeyJpZCI6MTA5MiwidXJsIjoiaHR0cHM6XC9cL3d3dy5ob3RlbG1pbGFuZXNlLml0XC93cC1jb250ZW50XC91cGxvYWRzXC8yMDIyXC8xMVwvYmVuZXNzZXJlMy1lMTY2OTcyMzI4NzQwMy5qcGciLCJzbGlkZXNob3ciOiIyYzE5MDFlMCJ9\" href=\"https:\/\/www.hotelmilanese.it\/wp-content\/uploads\/2022\/11\/benessere3-e1669723287403.jpg\"><figure class=\"swiper-slide-inner\"><img decoding=\"async\" class=\"swiper-slide-image\" src=\"https:\/\/www.hotelmilanese.it\/wp-content\/uploads\/2022\/11\/benessere3-e1669723287403.jpg\" alt=\"benessere3\" \/><\/figure><\/a><\/div>\t\t\t<\/div>\n\t\t\t\t\t\t\t\n\t\t\t\t\t\t\t\t\t<div class=\"swiper-pagination\"><\/div>\n\t\t\t\t\t\t\t\t\t<\/div>\n\t\t\t\t\t\t<\/div>\n\t\t\t\t<\/div>\n\t\t\t\t\t<\/div>\n\t\t<\/div>\n\t\t\t\t\t<\/div>\n\t\t<\/section>\n\t\t\t\t<\/div>\n\t\t","protected":false},"excerpt":{"rendered":"<p>Precedente Successivo G\u00d6NNEN SIE SICH IM HOTEL MONTMARTRE WOHLBEFINDEN: ENTDECKEN SIE IHRE KLEINE ECKE DES VERGN\u00dcGENS Unser Wellnessbereich ist nur wenige Schritte entfernt von 8 bis 24 Uhr f\u00fcr alle G\u00e4ste ge\u00f6ffnet Unser Ziel? Kombinieren Sie das Vergn\u00fcgen einer famili\u00e4ren Atmosph\u00e4re mit ma\u00dfgeschneiderten\u2026 Dies hat die Verbindung zwischen dem Hotel Milanese und dem Hotel Montmartre [&hellip;]<\/p>\n","protected":false},"author":1,"featured_media":0,"parent":0,"menu_order":0,"comment_status":"closed","ping_status":"closed","template":"","meta":{"_acf_changed":false,"footnotes":""},"class_list":["post-3451","page","type-page","status-publish","hentry"],"acf":[],"_links":{"self":[{"href":"https:\/\/www.hotelmilanese.it\/de\/wp-json\/wp\/v2\/pages\/3451","targetHints":{"allow":["GET"]}}],"collection":[{"href":"https:\/\/www.hotelmilanese.it\/de\/wp-json\/wp\/v2\/pages"}],"about":[{"href":"https:\/\/www.hotelmilanese.it\/de\/wp-json\/wp\/v2\/types\/page"}],"author":[{"embeddable":true,"href":"https:\/\/www.hotelmilanese.it\/de\/wp-json\/wp\/v2\/users\/1"}],"replies":[{"embeddable":true,"href":"https:\/\/www.hotelmilanese.it\/de\/wp-json\/wp\/v2\/comments?post=3451"}],"version-history":[{"count":1,"href":"https:\/\/www.hotelmilanese.it\/de\/wp-json\/wp\/v2\/pages\/3451\/revisions"}],"predecessor-version":[{"id":3452,"href":"https:\/\/www.hotelmilanese.it\/de\/wp-json\/wp\/v2\/pages\/3451\/revisions\/3452"}],"wp:attachment":[{"href":"https:\/\/www.hotelmilanese.it\/de\/wp-json\/wp\/v2\/media?parent=3451"}],"curies":[{"name":"wp","href":"https:\/\/api.w.org\/{rel}","templated":true}]}}