{"id":3523,"date":"2022-11-25T11:21:05","date_gmt":"2022-11-25T11:21:05","guid":{"rendered":"https:\/\/www.hotelmilanese.it\/wo-wir-sind\/"},"modified":"2022-12-29T10:00:59","modified_gmt":"2022-12-29T10:00:59","slug":"wo-wir-sind","status":"publish","type":"page","link":"https:\/\/www.hotelmilanese.it\/de\/wo-wir-sind\/","title":{"rendered":"WO WIR SIND"},"content":{"rendered":"\t\t<div data-elementor-type=\"wp-page\" data-elementor-id=\"3523\" class=\"elementor elementor-3523 elementor-252\" data-elementor-post-type=\"page\">\n\t\t\t\t\t\t<section class=\"elementor-section elementor-top-section elementor-element elementor-element-2133925b elementor-section-full_width elementor-section-height-default elementor-section-height-default\" data-id=\"2133925b\" data-element_type=\"section\" data-e-type=\"section\">\n\t\t\t\t\t\t<div class=\"elementor-container elementor-column-gap-no\">\n\t\t\t\t\t<div class=\"elementor-column elementor-col-100 elementor-top-column elementor-element elementor-element-2c91c82\" data-id=\"2c91c82\" data-element_type=\"column\" data-e-type=\"column\">\n\t\t\t<div class=\"elementor-widget-wrap elementor-element-populated\">\n\t\t\t\t\t\t<div class=\"elementor-element elementor-element-3cf3b0b8 elementor--h-position-right elementor--v-position-middle elementor-arrows-position-inside elementor-widget elementor-widget-slides\" data-id=\"3cf3b0b8\" data-element_type=\"widget\" data-e-type=\"widget\" data-settings=\"{&quot;navigation&quot;:&quot;arrows&quot;,&quot;autoplay&quot;:&quot;yes&quot;,&quot;pause_on_hover&quot;:&quot;yes&quot;,&quot;pause_on_interaction&quot;:&quot;yes&quot;,&quot;autoplay_speed&quot;:5000,&quot;infinite&quot;:&quot;yes&quot;,&quot;transition&quot;:&quot;slide&quot;,&quot;transition_speed&quot;:500}\" data-widget_type=\"slides.default\">\n\t\t\t\t<div class=\"elementor-widget-container\">\n\t\t\t\t\t\t\t\t\t<div class=\"elementor-swiper\">\n\t\t\t\t\t<div class=\"elementor-slides-wrapper elementor-main-swiper swiper\" role=\"region\" aria-roledescription=\"carousel\" aria-label=\"Slider\" dir=\"ltr\" data-animation=\"fadeInUp\">\n\t\t\t\t<div class=\"swiper-wrapper elementor-slides\">\n\t\t\t\t\t\t\t\t\t\t<div class=\"elementor-repeater-item-baa3a77 swiper-slide\" role=\"group\" aria-roledescription=\"slide\"><div class=\"swiper-slide-bg\" role=\"img\" aria-label=\"camera-vista-mare-laterale-hotel-milanese-slide-2\"><\/div><div class=\"swiper-slide-inner\" ><div class=\"swiper-slide-contents\"><\/div><\/div><\/div>\t\t\t\t<\/div>\n\t\t\t\t\t\t\t<\/div>\n\t\t\t\t<\/div>\n\t\t\t\t\t\t\t\t<\/div>\n\t\t\t\t<\/div>\n\t\t\t\t\t<\/div>\n\t\t<\/div>\n\t\t\t\t\t<\/div>\n\t\t<\/section>\n\t\t\t\t<section class=\"elementor-section elementor-top-section elementor-element elementor-element-73c7e338 elementor-section-boxed elementor-section-height-default elementor-section-height-default\" data-id=\"73c7e338\" data-element_type=\"section\" data-e-type=\"section\">\n\t\t\t\t\t\t<div class=\"elementor-container elementor-column-gap-default\">\n\t\t\t\t\t<div class=\"elementor-column elementor-col-100 elementor-top-column elementor-element elementor-element-72caad89\" data-id=\"72caad89\" data-element_type=\"column\" data-e-type=\"column\">\n\t\t\t<div class=\"elementor-widget-wrap elementor-element-populated\">\n\t\t\t\t\t\t<div class=\"elementor-element elementor-element-7d3ef185 elementor-widget elementor-widget-heading\" data-id=\"7d3ef185\" data-element_type=\"widget\" data-e-type=\"widget\" data-widget_type=\"heading.default\">\n\t\t\t\t<div class=\"elementor-widget-container\">\n\t\t\t\t\t<h1 class=\"elementor-heading-title elementor-size-default\">HOTEL IN RIMINI MIT BLICK AUF DEN STRAND? WILLKOMMEN IM HOTEL MILANESE, IM HERZEN DER ROMAGNA RIVIERA! <\/h1>\t\t\t\t<\/div>\n\t\t\t\t<\/div>\n\t\t\t\t<div class=\"elementor-element elementor-element-72ce2b0 elementor-widget elementor-widget-heading\" data-id=\"72ce2b0\" data-element_type=\"widget\" data-e-type=\"widget\" data-widget_type=\"heading.default\">\n\t\t\t\t<div class=\"elementor-widget-container\">\n\t\t\t\t\t<h2 class=\"elementor-heading-title elementor-size-default\">Hier haben Sie alles zur Hand, das Meer von Rimini vor und Rimini Fiera in wenigen Minuten.<\/h2>\t\t\t\t<\/div>\n\t\t\t\t<\/div>\n\t\t\t\t<div class=\"elementor-element elementor-element-44eaa334 elementor-widget elementor-widget-text-editor\" data-id=\"44eaa334\" data-element_type=\"widget\" data-e-type=\"widget\" data-widget_type=\"text-editor.default\">\n\t\t\t\t<div class=\"elementor-widget-container\">\n\t\t\t\t\t\t\t\t\t<p>Wussten Sie, dass die Ferien im <b>Hotel Milanese in Rimini am Meer<\/b> auch gr\u00fcn sind? Hier genie\u00dfen Sie den Komfort eines privilegierten Ortes, an <b>dem Sie alles zu Fu\u00df mit einem einfachen Spaziergang<\/b> erreichen k\u00f6nnen. <i>Parken Sie Ihr Auto am Hotel und vergessen Sie es\u2026<\/i> <\/p>\n<p><b>Der Strand liegt vor Ihnen<\/b>, die Fu\u00dfg\u00e4ngerpromenade verw\u00f6hnt Sie von morgens bis abends mit dem Duft von Salz, das historische Zentrum von Rimini ist nur wenige Zugminuten vom Bahnhof <b>Torre Pedrera entfernt<\/b>.<\/p>\n<p>Organisieren Sie eine Gesch\u00e4ftsreise? <b>Hier befinden Sie sich in der N\u00e4he der Rimini-Messe<\/b> und der wichtigsten Gesch\u00e4ftszentren der Riviera: Vermeiden Sie den Verkehr und befolgen Sie unsere <b>Ratschl\u00e4ge, um sie leichter oder mit \u00f6ffentlichen Verkehrsmitteln zu erreichen!<\/b><\/p>\n\t\t\t\t\t\t\t\t<\/div>\n\t\t\t\t<\/div>\n\t\t\t\t<div class=\"elementor-element elementor-element-3d62959b elementor-widget elementor-widget-image\" data-id=\"3d62959b\" data-element_type=\"widget\" data-e-type=\"widget\" data-widget_type=\"image.default\">\n\t\t\t\t<div class=\"elementor-widget-container\">\n\t\t\t\t\t\t\t\t\t\t\t\t\t\t\t<img fetchpriority=\"high\" decoding=\"async\" width=\"1540\" height=\"730\" src=\"https:\/\/www.hotelmilanese.it\/wp-content\/uploads\/2022\/11\/Milanese_it.jpg\" class=\"attachment-full size-full wp-image-2744\" alt=\"\" srcset=\"https:\/\/www.hotelmilanese.it\/wp-content\/uploads\/2022\/11\/Milanese_it.jpg 1540w, https:\/\/www.hotelmilanese.it\/wp-content\/uploads\/2022\/11\/Milanese_it-300x142.jpg 300w, https:\/\/www.hotelmilanese.it\/wp-content\/uploads\/2022\/11\/Milanese_it-1024x485.jpg 1024w, https:\/\/www.hotelmilanese.it\/wp-content\/uploads\/2022\/11\/Milanese_it-768x364.jpg 768w, https:\/\/www.hotelmilanese.it\/wp-content\/uploads\/2022\/11\/Milanese_it-1536x728.jpg 1536w\" sizes=\"(max-width: 1540px) 100vw, 1540px\" \/>\t\t\t\t\t\t\t\t\t\t\t\t\t\t\t<\/div>\n\t\t\t\t<\/div>\n\t\t\t\t\t<\/div>\n\t\t<\/div>\n\t\t\t\t\t<\/div>\n\t\t<\/section>\n\t\t\t\t<\/div>\n\t\t","protected":false},"excerpt":{"rendered":"<p>HOTEL IN RIMINI MIT BLICK AUF DEN STRAND? WILLKOMMEN IM HOTEL MILANESE, IM HERZEN DER ROMAGNA RIVIERA! Hier haben Sie alles zur Hand, das Meer von Rimini vor und Rimini Fiera in wenigen Minuten. Wussten Sie, dass die Ferien im Hotel Milanese in Rimini am Meer auch gr\u00fcn sind? Hier genie\u00dfen Sie den Komfort eines [&hellip;]<\/p>\n","protected":false},"author":1,"featured_media":0,"parent":0,"menu_order":0,"comment_status":"closed","ping_status":"closed","template":"","meta":{"_acf_changed":false,"footnotes":""},"class_list":["post-3523","page","type-page","status-publish","hentry"],"acf":[],"_links":{"self":[{"href":"https:\/\/www.hotelmilanese.it\/de\/wp-json\/wp\/v2\/pages\/3523","targetHints":{"allow":["GET"]}}],"collection":[{"href":"https:\/\/www.hotelmilanese.it\/de\/wp-json\/wp\/v2\/pages"}],"about":[{"href":"https:\/\/www.hotelmilanese.it\/de\/wp-json\/wp\/v2\/types\/page"}],"author":[{"embeddable":true,"href":"https:\/\/www.hotelmilanese.it\/de\/wp-json\/wp\/v2\/users\/1"}],"replies":[{"embeddable":true,"href":"https:\/\/www.hotelmilanese.it\/de\/wp-json\/wp\/v2\/comments?post=3523"}],"version-history":[{"count":1,"href":"https:\/\/www.hotelmilanese.it\/de\/wp-json\/wp\/v2\/pages\/3523\/revisions"}],"predecessor-version":[{"id":3524,"href":"https:\/\/www.hotelmilanese.it\/de\/wp-json\/wp\/v2\/pages\/3523\/revisions\/3524"}],"wp:attachment":[{"href":"https:\/\/www.hotelmilanese.it\/de\/wp-json\/wp\/v2\/media?parent=3523"}],"curies":[{"name":"wp","href":"https:\/\/api.w.org\/{rel}","templated":true}]}}