{"id":3590,"date":"2022-11-25T11:20:38","date_gmt":"2022-11-25T11:20:38","guid":{"rendered":"https:\/\/www.hotelmilanese.it\/business-hotel\/"},"modified":"2022-12-30T09:06:26","modified_gmt":"2022-12-30T09:06:26","slug":"business-hotel","status":"publish","type":"page","link":"https:\/\/www.hotelmilanese.it\/de\/business-hotel\/","title":{"rendered":"BUSINESS HOTEL"},"content":{"rendered":"\t\t<div data-elementor-type=\"wp-page\" data-elementor-id=\"3590\" class=\"elementor elementor-3590 elementor-167\" data-elementor-post-type=\"page\">\n\t\t\t\t\t\t<section class=\"elementor-section elementor-top-section elementor-element elementor-element-4c619dd9 elementor-section-full_width elementor-section-height-full elementor-section-height-default elementor-section-items-middle\" data-id=\"4c619dd9\" data-element_type=\"section\" data-e-type=\"section\">\n\t\t\t\t\t\t<div class=\"elementor-container elementor-column-gap-no\">\n\t\t\t\t\t<div class=\"elementor-column elementor-col-100 elementor-top-column elementor-element elementor-element-6a8162b6\" data-id=\"6a8162b6\" data-element_type=\"column\" data-e-type=\"column\">\n\t\t\t<div class=\"elementor-widget-wrap elementor-element-populated\">\n\t\t\t\t\t\t<div class=\"elementor-element elementor-element-15329e64 elementor--h-position-right elementor--v-position-middle elementor-arrows-position-inside elementor-widget elementor-widget-slides\" data-id=\"15329e64\" data-element_type=\"widget\" data-e-type=\"widget\" data-settings=\"{&quot;navigation&quot;:&quot;arrows&quot;,&quot;autoplay&quot;:&quot;yes&quot;,&quot;pause_on_hover&quot;:&quot;yes&quot;,&quot;pause_on_interaction&quot;:&quot;yes&quot;,&quot;autoplay_speed&quot;:5000,&quot;infinite&quot;:&quot;yes&quot;,&quot;transition&quot;:&quot;slide&quot;,&quot;transition_speed&quot;:500}\" data-widget_type=\"slides.default\">\n\t\t\t\t<div class=\"elementor-widget-container\">\n\t\t\t\t\t\t\t\t\t<div class=\"elementor-swiper\">\n\t\t\t\t\t<div class=\"elementor-slides-wrapper elementor-main-swiper swiper\" role=\"region\" aria-roledescription=\"carousel\" aria-label=\"Slider\" dir=\"ltr\" data-animation=\"fadeInUp\">\n\t\t\t\t<div class=\"swiper-wrapper elementor-slides\">\n\t\t\t\t\t\t\t\t\t\t<div class=\"elementor-repeater-item-baa3a77 swiper-slide\" role=\"group\" aria-roledescription=\"slide\"><div class=\"swiper-slide-bg\" role=\"img\" aria-label=\"\"><\/div><div class=\"swiper-slide-inner\" ><div class=\"swiper-slide-contents\"><\/div><\/div><\/div>\t\t\t\t<\/div>\n\t\t\t\t\t\t\t<\/div>\n\t\t\t\t<\/div>\n\t\t\t\t\t\t\t\t<\/div>\n\t\t\t\t<\/div>\n\t\t\t\t\t<\/div>\n\t\t<\/div>\n\t\t\t\t\t<\/div>\n\t\t<\/section>\n\t\t\t\t<section class=\"elementor-section elementor-top-section elementor-element elementor-element-589c6a6b elementor-section-boxed elementor-section-height-default elementor-section-height-default\" data-id=\"589c6a6b\" data-element_type=\"section\" data-e-type=\"section\">\n\t\t\t\t\t\t<div class=\"elementor-container elementor-column-gap-default\">\n\t\t\t\t\t<div class=\"elementor-column elementor-col-100 elementor-top-column elementor-element elementor-element-386c12a3\" data-id=\"386c12a3\" data-element_type=\"column\" data-e-type=\"column\">\n\t\t\t<div class=\"elementor-widget-wrap elementor-element-populated\">\n\t\t\t\t\t\t<div class=\"elementor-element elementor-element-e616f82 elementor-widget elementor-widget-heading\" data-id=\"e616f82\" data-element_type=\"widget\" data-e-type=\"widget\" data-widget_type=\"heading.default\">\n\t\t\t\t<div class=\"elementor-widget-container\">\n\t\t\t\t\t<h1 class=\"elementor-heading-title elementor-size-default\">DIE ARBEIT BRINGT SIE IN DIE ROMAGNA? HIER IST IHR BUSINESSHOTEL IN RIMINI IN DER N\u00c4HE DER MESSE <\/h1>\t\t\t\t<\/div>\n\t\t\t\t<\/div>\n\t\t\t\t<div class=\"elementor-element elementor-element-13a327e3 elementor-widget elementor-widget-heading\" data-id=\"13a327e3\" data-element_type=\"widget\" data-e-type=\"widget\" data-widget_type=\"heading.default\">\n\t\t\t\t<div class=\"elementor-widget-container\">\n\t\t\t\t\t<h2 class=\"elementor-heading-title elementor-size-default\">Hier sind Sie nur wenige Minuten von Rimini Fiera und den wichtigsten Gesch\u00e4ftszentren der Riviera Romagna entfernt<\/h2>\t\t\t\t<\/div>\n\t\t\t\t<\/div>\n\t\t\t\t<div class=\"elementor-element elementor-element-43e4eb26 elementor-widget elementor-widget-text-editor\" data-id=\"43e4eb26\" data-element_type=\"widget\" data-e-type=\"widget\" data-widget_type=\"text-editor.default\">\n\t\t\t\t<div class=\"elementor-widget-container\">\n\t\t\t\t\t\t\t\t\t<p>Planen Sie eine Gesch\u00e4ftsreise <b>oder eine Veranstaltung in der Romagna<\/b>? Entscheiden Sie sich f\u00fcr das Montmartre: Wir sind ein komfortables <b>Hotel direkt am Meer in der N\u00e4he von Rimini Fiera<\/b>. Hier wird die Gesch\u00e4ftsreise zum perfekten Vergn\u00fcgen. <\/p>\n<p>Als Business-Hotel in Rimini <b>bieten wir Ihnen stets ausgezeichnete Dienstleistungen, Professionalit\u00e4t und Verf\u00fcgbarkeit<\/b>. Es erwarten Sie <b>komfortable Zimmer<\/b>, in denen Sie sich ausruhen und Ihre Produktivit\u00e4t maximieren k\u00f6nnen, <b>Parkpl\u00e4tze<\/b> f\u00fcr Ihr Auto direkt am Hotel und ein abwechslungsreiches und ausgewogenes Fr\u00fchst\u00fcck, das Sie vor Ihren Sitzungen s\u00e4ttigt. Wenn Sie ins <b>Hotel zur\u00fcckkehren<\/b>, k\u00f6nnen Sie sich auch eine entspannende Verw\u00f6hnung im <b>Wellness-Center g\u00f6nnen<\/b>.  <\/p>\n<p>Das Hotel <b>liegt nur wenige Minuten von der Autobahnausfahrt Rimini Nord entfernt, in der N\u00e4he der Rimini-Messe<\/b> (die Sie mit nur einer \u00c4nderung auch mit dem Zug erreichen k\u00f6nnen) und wenige Kilometer von der Riccione Palacongressi und den wichtigsten Gesch\u00e4ftszentren der Riviera entfernt.<\/p>\n\t\t\t\t\t\t\t\t<\/div>\n\t\t\t\t<\/div>\n\t\t\t\t\t<\/div>\n\t\t<\/div>\n\t\t\t\t\t<\/div>\n\t\t<\/section>\n\t\t\t\t<section class=\"elementor-section elementor-top-section elementor-element elementor-element-5001a229 elementor-section-boxed elementor-section-height-default elementor-section-height-default\" data-id=\"5001a229\" data-element_type=\"section\" data-e-type=\"section\" data-settings=\"{&quot;background_background&quot;:&quot;classic&quot;}\">\n\t\t\t\t\t\t<div class=\"elementor-container elementor-column-gap-no\">\n\t\t\t\t\t<div class=\"elementor-column elementor-col-100 elementor-top-column elementor-element elementor-element-7660114\" data-id=\"7660114\" data-element_type=\"column\" data-e-type=\"column\" data-settings=\"{&quot;background_background&quot;:&quot;classic&quot;}\">\n\t\t\t<div class=\"elementor-widget-wrap elementor-element-populated\">\n\t\t\t\t\t\t<div class=\"elementor-element elementor-element-24cd75f9 elementor-widget elementor-widget-spacer\" data-id=\"24cd75f9\" data-element_type=\"widget\" data-e-type=\"widget\" data-widget_type=\"spacer.default\">\n\t\t\t\t<div class=\"elementor-widget-container\">\n\t\t\t\t\t\t\t<div class=\"elementor-spacer\">\n\t\t\t<div class=\"elementor-spacer-inner\"><\/div>\n\t\t<\/div>\n\t\t\t\t\t\t<\/div>\n\t\t\t\t<\/div>\n\t\t\t\t\t<\/div>\n\t\t<\/div>\n\t\t\t\t\t<\/div>\n\t\t<\/section>\n\t\t\t\t<\/div>\n\t\t","protected":false},"excerpt":{"rendered":"<p>DIE ARBEIT BRINGT SIE IN DIE ROMAGNA? HIER IST IHR BUSINESSHOTEL IN RIMINI IN DER N\u00c4HE DER MESSE Hier sind Sie nur wenige Minuten von Rimini Fiera und den wichtigsten Gesch\u00e4ftszentren der Riviera Romagna entfernt Planen Sie eine Gesch\u00e4ftsreise oder eine Veranstaltung in der Romagna? Entscheiden Sie sich f\u00fcr das Montmartre: Wir sind ein komfortables [&hellip;]<\/p>\n","protected":false},"author":1,"featured_media":0,"parent":0,"menu_order":0,"comment_status":"closed","ping_status":"closed","template":"","meta":{"_acf_changed":false,"footnotes":""},"class_list":["post-3590","page","type-page","status-publish","hentry"],"acf":[],"_links":{"self":[{"href":"https:\/\/www.hotelmilanese.it\/de\/wp-json\/wp\/v2\/pages\/3590","targetHints":{"allow":["GET"]}}],"collection":[{"href":"https:\/\/www.hotelmilanese.it\/de\/wp-json\/wp\/v2\/pages"}],"about":[{"href":"https:\/\/www.hotelmilanese.it\/de\/wp-json\/wp\/v2\/types\/page"}],"author":[{"embeddable":true,"href":"https:\/\/www.hotelmilanese.it\/de\/wp-json\/wp\/v2\/users\/1"}],"replies":[{"embeddable":true,"href":"https:\/\/www.hotelmilanese.it\/de\/wp-json\/wp\/v2\/comments?post=3590"}],"version-history":[{"count":3,"href":"https:\/\/www.hotelmilanese.it\/de\/wp-json\/wp\/v2\/pages\/3590\/revisions"}],"predecessor-version":[{"id":3593,"href":"https:\/\/www.hotelmilanese.it\/de\/wp-json\/wp\/v2\/pages\/3590\/revisions\/3593"}],"wp:attachment":[{"href":"https:\/\/www.hotelmilanese.it\/de\/wp-json\/wp\/v2\/media?parent=3590"}],"curies":[{"name":"wp","href":"https:\/\/api.w.org\/{rel}","templated":true}]}}