{"id":3656,"date":"2022-11-25T11:20:44","date_gmt":"2022-11-25T11:20:44","guid":{"rendered":"https:\/\/www.hotelmilanese.it\/rimini-torre-pedrera-strand\/"},"modified":"2022-12-30T11:50:12","modified_gmt":"2022-12-30T11:50:12","slug":"rimini-torre-pedrera-strand","status":"publish","type":"page","link":"https:\/\/www.hotelmilanese.it\/de\/rimini-torre-pedrera-strand\/","title":{"rendered":"RIMINI TORRE PEDRERA STRAND"},"content":{"rendered":"\t\t<div data-elementor-type=\"wp-page\" data-elementor-id=\"3656\" class=\"elementor elementor-3656 elementor-192\" data-elementor-post-type=\"page\">\n\t\t\t\t\t\t<section class=\"elementor-section elementor-top-section elementor-element elementor-element-4a3cee8b elementor-section-full_width elementor-section-height-default elementor-section-height-default\" data-id=\"4a3cee8b\" data-element_type=\"section\" data-e-type=\"section\">\n\t\t\t\t\t\t<div class=\"elementor-container elementor-column-gap-no\">\n\t\t\t\t\t<div class=\"elementor-column elementor-col-100 elementor-top-column elementor-element elementor-element-1dc6817d\" data-id=\"1dc6817d\" data-element_type=\"column\" data-e-type=\"column\">\n\t\t\t<div class=\"elementor-widget-wrap elementor-element-populated\">\n\t\t\t\t\t\t<div class=\"elementor-element elementor-element-24da5555 elementor--h-position-right elementor--v-position-middle elementor-arrows-position-inside elementor-widget elementor-widget-slides\" data-id=\"24da5555\" data-element_type=\"widget\" data-e-type=\"widget\" data-settings=\"{&quot;navigation&quot;:&quot;arrows&quot;,&quot;autoplay&quot;:&quot;yes&quot;,&quot;pause_on_hover&quot;:&quot;yes&quot;,&quot;pause_on_interaction&quot;:&quot;yes&quot;,&quot;autoplay_speed&quot;:5000,&quot;infinite&quot;:&quot;yes&quot;,&quot;transition&quot;:&quot;slide&quot;,&quot;transition_speed&quot;:500}\" data-widget_type=\"slides.default\">\n\t\t\t\t<div class=\"elementor-widget-container\">\n\t\t\t\t\t\t\t\t\t<div class=\"elementor-swiper\">\n\t\t\t\t\t<div class=\"elementor-slides-wrapper elementor-main-swiper swiper\" role=\"region\" aria-roledescription=\"carousel\" aria-label=\"Slider\" dir=\"ltr\" data-animation=\"fadeInUp\">\n\t\t\t\t<div class=\"swiper-wrapper elementor-slides\">\n\t\t\t\t\t\t\t\t\t\t<div class=\"elementor-repeater-item-baa3a77 swiper-slide\" role=\"group\" aria-roledescription=\"slide\"><div class=\"swiper-slide-bg\" role=\"img\" aria-label=\"hotel-milanese-torre-pedrera-vista-mare-slide-5\"><\/div><div class=\"swiper-slide-inner\" ><div class=\"swiper-slide-contents\"><\/div><\/div><\/div>\t\t\t\t<\/div>\n\t\t\t\t\t\t\t<\/div>\n\t\t\t\t<\/div>\n\t\t\t\t\t\t\t\t<\/div>\n\t\t\t\t<\/div>\n\t\t\t\t\t<\/div>\n\t\t<\/div>\n\t\t\t\t\t<\/div>\n\t\t<\/section>\n\t\t\t\t<section class=\"elementor-section elementor-top-section elementor-element elementor-element-1d24fdc6 elementor-section-boxed elementor-section-height-default elementor-section-height-default\" data-id=\"1d24fdc6\" data-element_type=\"section\" data-e-type=\"section\">\n\t\t\t\t\t\t<div class=\"elementor-container elementor-column-gap-default\">\n\t\t\t\t\t<div class=\"elementor-column elementor-col-100 elementor-top-column elementor-element elementor-element-22d7195b\" data-id=\"22d7195b\" data-element_type=\"column\" data-e-type=\"column\">\n\t\t\t<div class=\"elementor-widget-wrap elementor-element-populated\">\n\t\t\t\t\t\t<div class=\"elementor-element elementor-element-1f52ddf6 elementor-widget elementor-widget-heading\" data-id=\"1f52ddf6\" data-element_type=\"widget\" data-e-type=\"widget\" data-widget_type=\"heading.default\">\n\t\t\t\t<div class=\"elementor-widget-container\">\n\t\t\t\t\t<h1 class=\"elementor-heading-title elementor-size-default\">URLAUB IN RIMINI TORRE PEDRERA: STRAND, UNTERHALTUNG UND MAXIMALE RUHE!<\/h1>\t\t\t\t<\/div>\n\t\t\t\t<\/div>\n\t\t\t\t<div class=\"elementor-element elementor-element-5aa226ae elementor-widget elementor-widget-heading\" data-id=\"5aa226ae\" data-element_type=\"widget\" data-e-type=\"widget\" data-widget_type=\"heading.default\">\n\t\t\t\t<div class=\"elementor-widget-container\">\n\t\t\t\t\t<h2 class=\"elementor-heading-title elementor-size-default\">Entspannen Sie in der ruhigsten Gegend von Rimini, wo Sie noch die Romagna-Tradition atmen k\u00f6nnen<\/h2>\t\t\t\t<\/div>\n\t\t\t\t<\/div>\n\t\t\t\t<div class=\"elementor-element elementor-element-4614c017 elementor-widget elementor-widget-text-editor\" data-id=\"4614c017\" data-element_type=\"widget\" data-e-type=\"widget\" data-widget_type=\"text-editor.default\">\n\t\t\t\t<div class=\"elementor-widget-container\">\n\t\t\t\t\t\t\t\t\t<div class=\"entry-content\">\n<p>Manchmal reichen Worte nicht aus, um die Sch\u00f6nheit eines Ortes zu beschreiben. Deshalb schlie\u00dfen Sie, w\u00e4hrend wir Ihnen die Geschichten von <b>Torre Pedrera erz\u00e4hlen<\/b>, die Augen und stellen sich vor\u2026 <\/p>\n<p><i>Wie sch\u00f6n ist es, nach einem Winter voller Arbeit und Fristen Ihre Koffer f\u00fcr einen Strandurlaub zu packen?<\/i> Wenn Sie dieses <b>Gef\u00fchl der Freiheit und Sorglosigkeit<\/b> bereits genie\u00dfen, w\u00e4hrend Sie gl\u00fccklich l\u00e4cheln, ohne es zu merken. Ihre <b>Strandferien in Rimini Torre Pedrera<\/b> erwarten Sie mit neuen, wunderbaren Emotionen: Hier befinden Sie <b>sich im Herzen der friedlichsten Gegend von Rimini<\/b>. <\/p>\n<p>Jeder kennt die <b>Romagnola-Gastfreundschaft<\/b> <i>(ja, die mit der Hauptstadt A!)<\/i>. Sie besteht aus L\u00e4cheln und Traditionen, begleitet von einer sch\u00f6nen Piadina am Pier. An unseren Str\u00e4nden f\u00fchlen Sie sich auch mit Ihrer Familie immer sicher, und das <b>Hotel Milanese am Meer in Rimini<\/b> ist wie Ihr Zuhause. <\/p>\n<p>Torre Pedrera ist ein kleines<b> <\/b>K\u00fcstendorf mit einem perfekten Strand f\u00fcr Familien mit Kindern. <b>Die Felsen in Ufern\u00e4he machen den Meeresboden s\u00fc\u00df und sicher<\/b>,<b> <\/b>blockieren die Str\u00f6mungen und halten das Wasser immer warm. Dar\u00fcber hinaus wird das Gebiet <b>von unseren geliebten Rettungsschwimmern immer sorgf\u00e4ltig \u00fcberwacht<\/b>! <\/p>\n<p><b>Der Strand ist gut organisiert mit Badeeinrichtungen und vielen Dienstleistungen. <\/b>Abends wird die K\u00fcste jedoch mit Clubs, Eisdielen, Bars und vielen Veranstaltungen zum Leben erweckt. Verpassen Sie nicht die Konzerte, die w\u00f6chentlich organisierten M\u00e4rkte und das ber\u00fchmte <b>Ostk\u00fcstenfestival mit Oldtimern<\/b>! <\/p>\n<\/div>\n\t\t\t\t\t\t\t\t<\/div>\n\t\t\t\t<\/div>\n\t\t\t\t\t<\/div>\n\t\t<\/div>\n\t\t\t\t\t<\/div>\n\t\t<\/section>\n\t\t\t\t<\/div>\n\t\t","protected":false},"excerpt":{"rendered":"<p>URLAUB IN RIMINI TORRE PEDRERA: STRAND, UNTERHALTUNG UND MAXIMALE RUHE! Entspannen Sie in der ruhigsten Gegend von Rimini, wo Sie noch die Romagna-Tradition atmen k\u00f6nnen Manchmal reichen Worte nicht aus, um die Sch\u00f6nheit eines Ortes zu beschreiben. Deshalb schlie\u00dfen Sie, w\u00e4hrend wir Ihnen die Geschichten von Torre Pedrera erz\u00e4hlen, die Augen und stellen sich vor\u2026 [&hellip;]<\/p>\n","protected":false},"author":1,"featured_media":0,"parent":0,"menu_order":0,"comment_status":"closed","ping_status":"closed","template":"","meta":{"_acf_changed":false,"footnotes":""},"class_list":["post-3656","page","type-page","status-publish","hentry"],"acf":[],"_links":{"self":[{"href":"https:\/\/www.hotelmilanese.it\/de\/wp-json\/wp\/v2\/pages\/3656","targetHints":{"allow":["GET"]}}],"collection":[{"href":"https:\/\/www.hotelmilanese.it\/de\/wp-json\/wp\/v2\/pages"}],"about":[{"href":"https:\/\/www.hotelmilanese.it\/de\/wp-json\/wp\/v2\/types\/page"}],"author":[{"embeddable":true,"href":"https:\/\/www.hotelmilanese.it\/de\/wp-json\/wp\/v2\/users\/1"}],"replies":[{"embeddable":true,"href":"https:\/\/www.hotelmilanese.it\/de\/wp-json\/wp\/v2\/comments?post=3656"}],"version-history":[{"count":1,"href":"https:\/\/www.hotelmilanese.it\/de\/wp-json\/wp\/v2\/pages\/3656\/revisions"}],"predecessor-version":[{"id":3657,"href":"https:\/\/www.hotelmilanese.it\/de\/wp-json\/wp\/v2\/pages\/3656\/revisions\/3657"}],"wp:attachment":[{"href":"https:\/\/www.hotelmilanese.it\/de\/wp-json\/wp\/v2\/media?parent=3656"}],"curies":[{"name":"wp","href":"https:\/\/api.w.org\/{rel}","templated":true}]}}