{"id":3449,"date":"2022-11-25T11:21:01","date_gmt":"2022-11-25T11:21:01","guid":{"rendered":"https:\/\/www.hotelmilanese.it\/centre-de-bien-etre\/"},"modified":"2022-12-28T10:10:13","modified_gmt":"2022-12-28T10:10:13","slug":"centre-de-bien-etre","status":"publish","type":"page","link":"https:\/\/www.hotelmilanese.it\/fr\/centre-de-bien-etre\/","title":{"rendered":"CENTRE DE BIEN-\u00caTRE"},"content":{"rendered":"\t\t<div data-elementor-type=\"wp-page\" data-elementor-id=\"3449\" class=\"elementor elementor-3449 elementor-238\" data-elementor-post-type=\"page\">\n\t\t\t\t\t\t<section class=\"elementor-section elementor-top-section elementor-element elementor-element-16526427 elementor-section-full_width elementor-section-height-default elementor-section-height-default\" data-id=\"16526427\" data-element_type=\"section\" data-e-type=\"section\">\n\t\t\t\t\t\t<div class=\"elementor-container elementor-column-gap-no\">\n\t\t\t\t\t<div class=\"elementor-column elementor-col-100 elementor-top-column elementor-element elementor-element-495bd11c\" data-id=\"495bd11c\" data-element_type=\"column\" data-e-type=\"column\">\n\t\t\t<div class=\"elementor-widget-wrap elementor-element-populated\">\n\t\t\t\t\t\t<div class=\"elementor-element elementor-element-75c57197 elementor--h-position-right elementor--v-position-middle elementor-arrows-position-inside elementor-widget elementor-widget-slides\" data-id=\"75c57197\" data-element_type=\"widget\" data-e-type=\"widget\" data-settings=\"{&quot;navigation&quot;:&quot;arrows&quot;,&quot;autoplay&quot;:&quot;yes&quot;,&quot;pause_on_hover&quot;:&quot;yes&quot;,&quot;pause_on_interaction&quot;:&quot;yes&quot;,&quot;autoplay_speed&quot;:5000,&quot;infinite&quot;:&quot;yes&quot;,&quot;transition&quot;:&quot;slide&quot;,&quot;transition_speed&quot;:500}\" data-widget_type=\"slides.default\">\n\t\t\t\t<div class=\"elementor-widget-container\">\n\t\t\t\t\t\t\t\t\t<div class=\"elementor-swiper\">\n\t\t\t\t\t<div class=\"elementor-slides-wrapper elementor-main-swiper swiper\" role=\"region\" aria-roledescription=\"carousel\" aria-label=\"Diapositives\" dir=\"ltr\" data-animation=\"fadeInUp\">\n\t\t\t\t<div class=\"swiper-wrapper elementor-slides\">\n\t\t\t\t\t\t\t\t\t\t<div class=\"elementor-repeater-item-baa3a77 swiper-slide\" role=\"group\" aria-roledescription=\"slide\"><div class=\"swiper-slide-bg\" role=\"img\" aria-label=\"benessere2\"><\/div><div class=\"swiper-slide-inner\" ><div class=\"swiper-slide-contents\"><\/div><\/div><\/div><div class=\"elementor-repeater-item-8831193 swiper-slide\" role=\"group\" aria-roledescription=\"slide\"><div class=\"swiper-slide-bg\" role=\"img\" aria-label=\"benessere1\"><\/div><div class=\"swiper-slide-inner\" ><div class=\"swiper-slide-contents\"><\/div><\/div><\/div>\t\t\t\t<\/div>\n\t\t\t\t\t\t\t\t\t\t\t\t\t\t\t<div class=\"elementor-swiper-button elementor-swiper-button-prev\" role=\"button\" tabindex=\"0\" aria-label=\"Diapositive pr\u00e9c\u00e9dente\">\n\t\t\t\t\t\t\t<i aria-hidden=\"true\" class=\"eicon-chevron-left\"><\/i>\t\t\t\t\t\t<\/div>\n\t\t\t\t\t\t<div class=\"elementor-swiper-button elementor-swiper-button-next\" role=\"button\" tabindex=\"0\" aria-label=\"Diapositive suivante\">\n\t\t\t\t\t\t\t<i aria-hidden=\"true\" class=\"eicon-chevron-right\"><\/i>\t\t\t\t\t\t<\/div>\n\t\t\t\t\t\t\t\t\t\t\t\t\t\t\t\t\t<\/div>\n\t\t\t\t<\/div>\n\t\t\t\t\t\t\t\t<\/div>\n\t\t\t\t<\/div>\n\t\t\t\t\t<\/div>\n\t\t<\/div>\n\t\t\t\t\t<\/div>\n\t\t<\/section>\n\t\t\t\t<section class=\"elementor-section elementor-top-section elementor-element elementor-element-7b6b6806 elementor-section-boxed elementor-section-height-default elementor-section-height-default\" data-id=\"7b6b6806\" data-element_type=\"section\" data-e-type=\"section\">\n\t\t\t\t\t\t<div class=\"elementor-container elementor-column-gap-default\">\n\t\t\t\t\t<div class=\"elementor-column elementor-col-100 elementor-top-column elementor-element elementor-element-26b8abb6\" data-id=\"26b8abb6\" data-element_type=\"column\" data-e-type=\"column\">\n\t\t\t<div class=\"elementor-widget-wrap elementor-element-populated\">\n\t\t\t\t\t\t<div class=\"elementor-element elementor-element-7dfbb4d4 elementor-widget elementor-widget-heading\" data-id=\"7dfbb4d4\" data-element_type=\"widget\" data-e-type=\"widget\" data-widget_type=\"heading.default\">\n\t\t\t\t<div class=\"elementor-widget-container\">\n\t\t\t\t\t<h1 class=\"elementor-heading-title elementor-size-default\">OFFREZ-VOUS UN MOMENT DE BIEN-\u00caTRE \u00c0 L\u2019H\u00d4TEL MONTMARTRE : D\u00c9COUVREZ VOTRE PETIT COIN DE PLAISIR<\/h1>\t\t\t\t<\/div>\n\t\t\t\t<\/div>\n\t\t\t\t<div class=\"elementor-element elementor-element-1b3c30e2 elementor-widget elementor-widget-heading\" data-id=\"1b3c30e2\" data-element_type=\"widget\" data-e-type=\"widget\" data-widget_type=\"heading.default\">\n\t\t\t\t<div class=\"elementor-widget-container\">\n\t\t\t\t\t<h2 class=\"elementor-heading-title elementor-size-default\">Notre Espace Bien-\u00eatre est ouvert de 8h \u00e0 24h pour tous les clients, \u00e0 quelques pas<\/h2>\t\t\t\t<\/div>\n\t\t\t\t<\/div>\n\t\t\t\t<div class=\"elementor-element elementor-element-494850e4 elementor-widget elementor-widget-text-editor\" data-id=\"494850e4\" data-element_type=\"widget\" data-e-type=\"widget\" data-widget_type=\"text-editor.default\">\n\t\t\t\t<div class=\"elementor-widget-container\">\n\t\t\t\t\t\t\t\t\t<p><i>Notre but? Allier le plaisir d\u2019une ambiance familiale \u00e0 un v\u00e9ritable cocooning sur-mesure\u2026 <\/i><\/p>\n<p>C\u2019est ce qui a de plus en plus renforc\u00e9 <b>le lien entre l\u2019H\u00f4tel Milanese et l\u2019H\u00f4tel Montmartre<\/b>. Juste devant vous, quelques secondes seulement vous s\u00e9parent du meilleur confort toujours \u00e0 votre disposition.<\/p>\n<p>Au Montmartre, vous trouverez <strong>un centre de bien-\u00eatre intime<\/strong>, avec un acc\u00e8s direct depuis l&rsquo;h\u00f4tel Milanese. \u00c0 l&rsquo;int\u00e9rieur, vous trouverez <strong>un petit espace de d\u00e9tente avec des chaises longues en bois naturel, un sauna, un bain turc et une douche \u00e9motionnelle<\/strong>.  <\/p>\n<p>Dans un autre espace, s\u00e9par\u00e9 du centre de bien-\u00eatre, <strong>une douche solaire et un bain \u00e0 remous sont \u00e9galement disponibles<\/strong>. Ceux qui le souhaitent peuvent utiliser ces services, moyennant un co\u00fbt suppl\u00e9mentaire, en <strong>profitant de moments de tranquillit\u00e9 et de s\u00e9r\u00e9nit\u00e9 absolues<\/strong>. <\/p>\n<p>Vous avez toujours la possibilit\u00e9 de <b>r\u00e9server \u00e9galement d&rsquo;agr\u00e9ables massages<\/b> et traitements sur mesure.<\/p>\n<p>Pour ceux qui aiment le bien-\u00eatre, il y a aussi la <b>belle salle de sport<\/b>, qui est toujours ouverte : l&rsquo;int\u00e9rieur est tr\u00e8s propre et vous pouvez vous entra\u00eener sur des <b>tapis de course, des v\u00e9los d&rsquo;appartement, des poids, des machines elliptiques et des appareils de step<\/b>. Si vous aimez la douce caresse de l&rsquo;eau sur votre peau, <b>le bain \u00e0 remous est ouvert toute l&rsquo;ann\u00e9e<\/b>.<\/p>\n<p>Voici tous les services disponibles au sein de notre <b>h\u00f4tel avec centre de bien-\u00eatre \u00e0 Rimini<\/b>:<\/p>\n\t\t\t\t\t\t\t\t<\/div>\n\t\t\t\t<\/div>\n\t\t\t\t<div class=\"elementor-element elementor-element-65c6be73 elementor-list-item-link-full_width elementor-widget elementor-widget-icon-list\" data-id=\"65c6be73\" data-element_type=\"widget\" data-e-type=\"widget\" data-widget_type=\"icon-list.default\">\n\t\t\t\t<div class=\"elementor-widget-container\">\n\t\t\t\t\t\t\t<ul class=\"elementor-icon-list-items\">\n\t\t\t\t\t\t\t<li class=\"elementor-icon-list-item\">\n\t\t\t\t\t\t\t\t\t\t\t<span class=\"elementor-icon-list-icon\">\n\t\t\t\t\t\t\t<i aria-hidden=\"true\" class=\"fas fa-circle\"><\/i>\t\t\t\t\t\t<\/span>\n\t\t\t\t\t\t\t\t\t\t<span class=\"elementor-icon-list-text\">Sauna<\/span>\n\t\t\t\t\t\t\t\t\t<\/li>\n\t\t\t\t\t\t\t\t<li class=\"elementor-icon-list-item\">\n\t\t\t\t\t\t\t\t\t\t\t<span class=\"elementor-icon-list-icon\">\n\t\t\t\t\t\t\t<i aria-hidden=\"true\" class=\"fas fa-circle\"><\/i>\t\t\t\t\t\t<\/span>\n\t\t\t\t\t\t\t\t\t\t<span class=\"elementor-icon-list-text\"> Bain turc<\/span>\n\t\t\t\t\t\t\t\t\t<\/li>\n\t\t\t\t\t\t\t\t<li class=\"elementor-icon-list-item\">\n\t\t\t\t\t\t\t\t\t\t\t<span class=\"elementor-icon-list-icon\">\n\t\t\t\t\t\t\t<i aria-hidden=\"true\" class=\"fas fa-circle\"><\/i>\t\t\t\t\t\t<\/span>\n\t\t\t\t\t\t\t\t\t\t<span class=\"elementor-icon-list-text\"> Douche \u00e9motionnelle<\/span>\n\t\t\t\t\t\t\t\t\t<\/li>\n\t\t\t\t\t\t\t\t<li class=\"elementor-icon-list-item\">\n\t\t\t\t\t\t\t\t\t\t\t<span class=\"elementor-icon-list-icon\">\n\t\t\t\t\t\t\t<i aria-hidden=\"true\" class=\"fas fa-circle\"><\/i>\t\t\t\t\t\t<\/span>\n\t\t\t\t\t\t\t\t\t\t<span class=\"elementor-icon-list-text\"> Espace d\u00e9tente avec transats<\/span>\n\t\t\t\t\t\t\t\t\t<\/li>\n\t\t\t\t\t\t<\/ul>\n\t\t\t\t\t\t<\/div>\n\t\t\t\t<\/div>\n\t\t\t\t<div class=\"elementor-element elementor-element-2c1901e0 elementor-pagination-position-outside elementor-widget elementor-widget-image-carousel\" data-id=\"2c1901e0\" data-element_type=\"widget\" data-e-type=\"widget\" data-settings=\"{&quot;slides_to_show&quot;:&quot;3&quot;,&quot;slides_to_scroll&quot;:&quot;1&quot;,&quot;navigation&quot;:&quot;dots&quot;,&quot;autoplay&quot;:&quot;yes&quot;,&quot;pause_on_hover&quot;:&quot;yes&quot;,&quot;pause_on_interaction&quot;:&quot;yes&quot;,&quot;autoplay_speed&quot;:5000,&quot;infinite&quot;:&quot;yes&quot;,&quot;speed&quot;:500,&quot;image_spacing_custom&quot;:{&quot;unit&quot;:&quot;px&quot;,&quot;size&quot;:20,&quot;sizes&quot;:[]},&quot;image_spacing_custom_tablet&quot;:{&quot;unit&quot;:&quot;px&quot;,&quot;size&quot;:&quot;&quot;,&quot;sizes&quot;:[]},&quot;image_spacing_custom_mobile&quot;:{&quot;unit&quot;:&quot;px&quot;,&quot;size&quot;:&quot;&quot;,&quot;sizes&quot;:[]}}\" data-widget_type=\"image-carousel.default\">\n\t\t\t\t<div class=\"elementor-widget-container\">\n\t\t\t\t\t\t\t<div class=\"elementor-image-carousel-wrapper swiper\" role=\"region\" aria-roledescription=\"carousel\" aria-label=\"Carrousel d\u2019images\" dir=\"ltr\">\n\t\t\t<div class=\"elementor-image-carousel swiper-wrapper\" aria-live=\"off\">\n\t\t\t\t\t\t\t\t<div class=\"swiper-slide\" role=\"group\" aria-roledescription=\"slide\" aria-label=\"1 sur 3\"><a data-elementor-open-lightbox=\"yes\" data-elementor-lightbox-slideshow=\"2c1901e0\" data-e-action-hash=\"#elementor-action%3Aaction%3Dlightbox%26settings%3DeyJpZCI6MTYwOSwidXJsIjoiaHR0cHM6XC9cL3d3dy5ob3RlbG1pbGFuZXNlLml0XC93cC1jb250ZW50XC91cGxvYWRzXC8yMDIyXC8xMVwvcGFsZXN0cmEtMS1lMTY2OTcyNzE3NjUxOS5qcGciLCJzbGlkZXNob3ciOiIyYzE5MDFlMCJ9\" href=\"https:\/\/www.hotelmilanese.it\/wp-content\/uploads\/2022\/11\/palestra-1-e1669727176519.jpg\"><figure class=\"swiper-slide-inner\"><img decoding=\"async\" class=\"swiper-slide-image\" src=\"https:\/\/www.hotelmilanese.it\/wp-content\/uploads\/2022\/11\/palestra-1-e1669727176519.jpg\" alt=\"palestra-1\" \/><\/figure><\/a><\/div><div class=\"swiper-slide\" role=\"group\" aria-roledescription=\"slide\" aria-label=\"2 sur 3\"><a data-elementor-open-lightbox=\"yes\" data-elementor-lightbox-slideshow=\"2c1901e0\" data-e-action-hash=\"#elementor-action%3Aaction%3Dlightbox%26settings%3DeyJpZCI6MTY4MSwidXJsIjoiaHR0cHM6XC9cL3d3dy5ob3RlbG1pbGFuZXNlLml0XC93cC1jb250ZW50XC91cGxvYWRzXC8yMDIyXC8xMVwvY2VudHJvLWJlbmVzc2VyZS5qcGciLCJzbGlkZXNob3ciOiIyYzE5MDFlMCJ9\" href=\"https:\/\/www.hotelmilanese.it\/wp-content\/uploads\/2022\/11\/centro-benessere.jpg\"><figure class=\"swiper-slide-inner\"><img decoding=\"async\" class=\"swiper-slide-image\" src=\"https:\/\/www.hotelmilanese.it\/wp-content\/uploads\/2022\/11\/centro-benessere.jpg\" alt=\"centro-benessere\" \/><\/figure><\/a><\/div><div class=\"swiper-slide\" role=\"group\" aria-roledescription=\"slide\" aria-label=\"3 sur 3\"><a data-elementor-open-lightbox=\"yes\" data-elementor-lightbox-slideshow=\"2c1901e0\" data-e-action-hash=\"#elementor-action%3Aaction%3Dlightbox%26settings%3DeyJpZCI6MTA5MSwidXJsIjoiaHR0cHM6XC9cL3d3dy5ob3RlbG1pbGFuZXNlLml0XC93cC1jb250ZW50XC91cGxvYWRzXC8yMDIyXC8xMVwvYmVuZXNzZXJlMy1lMTY2OTcyMzI4NzQwMy5qcGciLCJzbGlkZXNob3ciOiIyYzE5MDFlMCJ9\" href=\"https:\/\/www.hotelmilanese.it\/wp-content\/uploads\/2022\/11\/benessere3-e1669723287403.jpg\"><figure class=\"swiper-slide-inner\"><img decoding=\"async\" class=\"swiper-slide-image\" src=\"https:\/\/www.hotelmilanese.it\/wp-content\/uploads\/2022\/11\/benessere3-e1669723287403.jpg\" alt=\"benessere3\" \/><\/figure><\/a><\/div>\t\t\t<\/div>\n\t\t\t\t\t\t\t\n\t\t\t\t\t\t\t\t\t<div class=\"swiper-pagination\"><\/div>\n\t\t\t\t\t\t\t\t\t<\/div>\n\t\t\t\t\t\t<\/div>\n\t\t\t\t<\/div>\n\t\t\t\t\t<\/div>\n\t\t<\/div>\n\t\t\t\t\t<\/div>\n\t\t<\/section>\n\t\t\t\t<\/div>\n\t\t","protected":false},"excerpt":{"rendered":"<p>Precedente Successivo OFFREZ-VOUS UN MOMENT DE BIEN-\u00caTRE \u00c0 L\u2019H\u00d4TEL MONTMARTRE : D\u00c9COUVREZ VOTRE PETIT COIN DE PLAISIR Notre Espace Bien-\u00eatre est ouvert de 8h \u00e0 24h pour tous les clients, \u00e0 quelques pas Notre but? Allier le plaisir d\u2019une ambiance familiale \u00e0 un v\u00e9ritable cocooning sur-mesure\u2026 C\u2019est ce qui a de plus en plus renforc\u00e9 [&hellip;]<\/p>\n","protected":false},"author":1,"featured_media":0,"parent":0,"menu_order":0,"comment_status":"closed","ping_status":"closed","template":"","meta":{"_acf_changed":false,"footnotes":""},"class_list":["post-3449","page","type-page","status-publish","hentry"],"acf":[],"_links":{"self":[{"href":"https:\/\/www.hotelmilanese.it\/fr\/wp-json\/wp\/v2\/pages\/3449","targetHints":{"allow":["GET"]}}],"collection":[{"href":"https:\/\/www.hotelmilanese.it\/fr\/wp-json\/wp\/v2\/pages"}],"about":[{"href":"https:\/\/www.hotelmilanese.it\/fr\/wp-json\/wp\/v2\/types\/page"}],"author":[{"embeddable":true,"href":"https:\/\/www.hotelmilanese.it\/fr\/wp-json\/wp\/v2\/users\/1"}],"replies":[{"embeddable":true,"href":"https:\/\/www.hotelmilanese.it\/fr\/wp-json\/wp\/v2\/comments?post=3449"}],"version-history":[{"count":1,"href":"https:\/\/www.hotelmilanese.it\/fr\/wp-json\/wp\/v2\/pages\/3449\/revisions"}],"predecessor-version":[{"id":3450,"href":"https:\/\/www.hotelmilanese.it\/fr\/wp-json\/wp\/v2\/pages\/3449\/revisions\/3450"}],"wp:attachment":[{"href":"https:\/\/www.hotelmilanese.it\/fr\/wp-json\/wp\/v2\/media?parent=3449"}],"curies":[{"name":"wp","href":"https:\/\/api.w.org\/{rel}","templated":true}]}}