{"id":3465,"date":"2022-11-25T11:20:58","date_gmt":"2022-11-25T11:20:58","guid":{"rendered":"https:\/\/www.hotelmilanese.it\/petit-dejeuner\/"},"modified":"2025-05-05T08:00:20","modified_gmt":"2025-05-05T08:00:20","slug":"petit-dejeuner","status":"publish","type":"page","link":"https:\/\/www.hotelmilanese.it\/fr\/petit-dejeuner\/","title":{"rendered":"PETIT-D\u00c9JEUNER"},"content":{"rendered":"\t\t<div data-elementor-type=\"wp-page\" data-elementor-id=\"3465\" class=\"elementor elementor-3465 elementor-226\" data-elementor-post-type=\"page\">\n\t\t\t\t\t\t<section class=\"elementor-section elementor-top-section elementor-element elementor-element-3e98adea elementor-section-full_width elementor-section-height-default elementor-section-height-default\" data-id=\"3e98adea\" data-element_type=\"section\" data-e-type=\"section\">\n\t\t\t\t\t\t<div class=\"elementor-container elementor-column-gap-no\">\n\t\t\t\t\t<div class=\"elementor-column elementor-col-100 elementor-top-column elementor-element elementor-element-248e25f4\" data-id=\"248e25f4\" data-element_type=\"column\" data-e-type=\"column\">\n\t\t\t<div class=\"elementor-widget-wrap elementor-element-populated\">\n\t\t\t\t\t\t<div class=\"elementor-element elementor-element-4d9186df elementor--h-position-right elementor--v-position-middle elementor-arrows-position-inside elementor-widget elementor-widget-slides\" data-id=\"4d9186df\" data-element_type=\"widget\" data-e-type=\"widget\" data-settings=\"{&quot;navigation&quot;:&quot;arrows&quot;,&quot;autoplay&quot;:&quot;yes&quot;,&quot;pause_on_hover&quot;:&quot;yes&quot;,&quot;pause_on_interaction&quot;:&quot;yes&quot;,&quot;autoplay_speed&quot;:5000,&quot;infinite&quot;:&quot;yes&quot;,&quot;transition&quot;:&quot;slide&quot;,&quot;transition_speed&quot;:500}\" data-widget_type=\"slides.default\">\n\t\t\t\t<div class=\"elementor-widget-container\">\n\t\t\t\t\t\t\t\t\t<div class=\"elementor-swiper\">\n\t\t\t\t\t<div class=\"elementor-slides-wrapper elementor-main-swiper swiper\" role=\"region\" aria-roledescription=\"carousel\" aria-label=\"Slides\" dir=\"ltr\" data-animation=\"fadeInUp\">\n\t\t\t\t<div class=\"swiper-wrapper elementor-slides\">\n\t\t\t\t\t\t\t\t\t\t<div class=\"elementor-repeater-item-baa3a77 swiper-slide\" role=\"group\" aria-roledescription=\"slide\"><div class=\"swiper-slide-bg\" role=\"img\" aria-label=\"colazione-1\"><\/div><div class=\"swiper-slide-inner\" ><div class=\"swiper-slide-contents\"><\/div><\/div><\/div>\t\t\t\t<\/div>\n\t\t\t\t\t\t\t<\/div>\n\t\t\t\t<\/div>\n\t\t\t\t\t\t\t\t<\/div>\n\t\t\t\t<\/div>\n\t\t\t\t\t<\/div>\n\t\t<\/div>\n\t\t\t\t\t<\/div>\n\t\t<\/section>\n\t\t\t\t<section class=\"elementor-section elementor-top-section elementor-element elementor-element-74f41229 elementor-section-boxed elementor-section-height-default elementor-section-height-default\" data-id=\"74f41229\" data-element_type=\"section\" data-e-type=\"section\">\n\t\t\t\t\t\t<div class=\"elementor-container elementor-column-gap-default\">\n\t\t\t\t\t<div class=\"elementor-column elementor-col-100 elementor-top-column elementor-element elementor-element-5bf19269\" data-id=\"5bf19269\" data-element_type=\"column\" data-e-type=\"column\">\n\t\t\t<div class=\"elementor-widget-wrap elementor-element-populated\">\n\t\t\t\t\t\t<div class=\"elementor-element elementor-element-1e7705e elementor-widget elementor-widget-heading\" data-id=\"1e7705e\" data-element_type=\"widget\" data-e-type=\"widget\" data-widget_type=\"heading.default\">\n\t\t\t\t<div class=\"elementor-widget-container\">\n\t\t\t\t\t<h1 class=\"elementor-heading-title elementor-size-default\">LE PETIT-D\u00c9JEUNER EST UN V\u00c9RITABLE VOYAGE DANS LE GO\u00dbT QUI COMMENCE AVEC LES INGR\u00c9DIENTS LES PLUS FRAIS DE QUALIT\u00c9<\/h1>\t\t\t\t<\/div>\n\t\t\t\t<\/div>\n\t\t\t\t<div class=\"elementor-element elementor-element-b356cf elementor-widget elementor-widget-heading\" data-id=\"b356cf\" data-element_type=\"widget\" data-e-type=\"widget\" data-widget_type=\"heading.default\">\n\t\t\t\t<div class=\"elementor-widget-container\">\n\t\t\t\t\t<h2 class=\"elementor-heading-title elementor-size-default\">Un merveilleux buffet pour tous les go\u00fbts vous attend dans la salle de 7h00 \u00e0 11h00 \u00e0 l'h\u00f4tel Montmartre avec vue panoramique sur la mer<\/h2>\t\t\t\t<\/div>\n\t\t\t\t<\/div>\n\t\t\t\t<div class=\"elementor-element elementor-element-7083c12c elementor-widget elementor-widget-text-editor\" data-id=\"7083c12c\" data-element_type=\"widget\" data-e-type=\"widget\" data-widget_type=\"text-editor.default\">\n\t\t\t\t<div class=\"elementor-widget-container\">\n\t\t\t\t\t\t\t\t\t<p><i>Avez-vous d\u00e9j\u00e0 remarqu\u00e9 qu\u2019en vacances, chaque plat est meilleur<\/i>? Peut-\u00eatre parce que vous l\u2019appr\u00e9ciez calmement, bouch\u00e9e apr\u00e8s bouch\u00e9e et ici au Milanais aussi <b>face \u00e0 la mer<\/b>. Chaque matin chez nous commence du bon pied: <b>un buffet plein de d\u00e9lices sucr\u00e9s et sal\u00e9s<\/b>, une vue imprenable juste devant vous et la bonne dose de calme, car le <b>petit-d\u00e9jeuner est ouvert jusqu\u2019\u00e0 11h00<\/b>.<\/p>\n\t\t\t\t\t\t\t\t<\/div>\n\t\t\t\t<\/div>\n\t\t\t\t<div class=\"elementor-element elementor-element-27aa52b2 elementor-widget elementor-widget-heading\" data-id=\"27aa52b2\" data-element_type=\"widget\" data-e-type=\"widget\" data-widget_type=\"heading.default\">\n\t\t\t\t<div class=\"elementor-widget-container\">\n\t\t\t\t\t<h3 class=\"elementor-heading-title elementor-size-default\">LE COIN DOUX<\/h3>\t\t\t\t<\/div>\n\t\t\t\t<\/div>\n\t\t\t\t<div class=\"elementor-element elementor-element-16dfc93f elementor-widget elementor-widget-text-editor\" data-id=\"16dfc93f\" data-element_type=\"widget\" data-e-type=\"widget\" data-widget_type=\"text-editor.default\">\n\t\t\t\t<div class=\"elementor-widget-container\">\n\t\t\t\t\t\t\t\t\t<p>Une pinc\u00e9e de sucre peut faire r\u00eaver votre r\u00e9veil: <b>g\u00e2teaux et tartes, brioches moelleuses aux mille garnitures et m\u00eame vegans, muffins, biscuits<\/b> comme les faisait grand-m\u00e8re. Enlevez quelques caprices m\u00eame avec du <b>yaourt, ajoutez des c\u00e9r\u00e9ales, des fruits secs, des jus aux mille couleurs et saveurs<\/b>. <\/p>\n<p>Chaque jour, vous trouverez \u00e9galement des <b>desserts v\u00e9g\u00e9taliens et sans gluten, 100% s\u00fbrs et de la plus haute qualit\u00e9<\/b>.<\/p>\n\t\t\t\t\t\t\t\t<\/div>\n\t\t\t\t<\/div>\n\t\t\t\t<div class=\"elementor-element elementor-element-3982204b elementor-widget elementor-widget-heading\" data-id=\"3982204b\" data-element_type=\"widget\" data-e-type=\"widget\" data-widget_type=\"heading.default\">\n\t\t\t\t<div class=\"elementor-widget-container\">\n\t\t\t\t\t<h3 class=\"elementor-heading-title elementor-size-default\">LE COIN SAL\u00c9<\/h3>\t\t\t\t<\/div>\n\t\t\t\t<\/div>\n\t\t\t\t<div class=\"elementor-element elementor-element-747d3a2b elementor-widget elementor-widget-text-editor\" data-id=\"747d3a2b\" data-element_type=\"widget\" data-e-type=\"widget\" data-widget_type=\"text-editor.default\">\n\t\t\t\t<div class=\"elementor-widget-container\">\n\t\t\t\t\t\t\t\t\t<p><i>Vous aimez vous sentir rassasi\u00e9 avec un bon petit-d\u00e9jeuner international? <\/i>Le r\u00e9veil est parfait pour vous aussi : profitez de votre moment de tranquillit\u00e9 face \u00e0 la mer et imaginez la journ\u00e9e qui vous attend devant un <b>toast au c\u0153ur rac\u00e9,<\/b>le bacon et les \u0153ufs <b>les plus internationaux,<\/b>ou choisissez un<b> sandwich avec toutes sortes de charcuteries. Vous aimez prendre un moment suppl\u00e9mentaire entre les draps moelleux? Offrez-vous un brunch qui met l\u2019eau \u00e0 la bouche!<\/b>.<br \/>\nAmi prenderti un momento in pi\u00f9 tra le soffici lenzuola?<br \/>\nRegalati un <b>brunch da acquolina in bocca!<\/b>  <\/p>\n\t\t\t\t\t\t\t\t<\/div>\n\t\t\t\t<\/div>\n\t\t\t\t<div class=\"elementor-element elementor-element-6f635936 elementor-widget elementor-widget-heading\" data-id=\"6f635936\" data-element_type=\"widget\" data-e-type=\"widget\" data-widget_type=\"heading.default\">\n\t\t\t\t<div class=\"elementor-widget-container\">\n\t\t\t\t\t<h3 class=\"elementor-heading-title elementor-size-default\">LA CAF\u00c9T\u00c9RIA<\/h3>\t\t\t\t<\/div>\n\t\t\t\t<\/div>\n\t\t\t\t<div class=\"elementor-element elementor-element-5a5b755b elementor-widget elementor-widget-text-editor\" data-id=\"5a5b755b\" data-element_type=\"widget\" data-e-type=\"widget\" data-widget_type=\"text-editor.default\">\n\t\t\t\t<div class=\"elementor-widget-container\">\n\t\t\t\t\t\t\t\t\t<p><b>Un caf\u00e9 avec vue sur la mer et ceux que vous aimez \u00e0 c\u00f4t\u00e9.<\/b> Cela ressemble au d\u00e9but d\u2019un po\u00e8me, mais c\u2019est plut\u00f4t votre petit-d\u00e9jeuner ici au Milanese. Servez-vous tranquillement en salle quand vous le souhaitez, gr\u00e2ce \u00e0 <b>notre machine express en libre-service<\/b>. Le cappuccino est aussi bon que celui du bar: <b>lait frais, caf\u00e9 fra\u00eechement moulu, beaucoup de passion<\/b>. <i>Tout \u00e0 port\u00e9e de main, sans attendre<\/i>!  <\/p>\n\t\t\t\t\t\t\t\t<\/div>\n\t\t\t\t<\/div>\n\t\t\t\t<div class=\"elementor-element elementor-element-e2d137a elementor-widget elementor-widget-heading\" data-id=\"e2d137a\" data-element_type=\"widget\" data-e-type=\"widget\" data-widget_type=\"heading.default\">\n\t\t\t\t<div class=\"elementor-widget-container\">\n\t\t\t\t\t<h3 class=\"elementor-heading-title elementor-size-default\">LA SALLE DU PETIT D\u00c9JEUNER<\/h3>\t\t\t\t<\/div>\n\t\t\t\t<\/div>\n\t\t\t\t<div class=\"elementor-element elementor-element-5656f88f elementor-widget elementor-widget-text-editor\" data-id=\"5656f88f\" data-element_type=\"widget\" data-e-type=\"widget\" data-widget_type=\"text-editor.default\">\n\t\t\t\t<div class=\"elementor-widget-container\">\n\t\t\t\t\t\t\t\t\t<div class=\"container\">\n<div class=\"row\">\n<div id=\"primary\" class=\"content-area\">\n<div class=\"col-xs-12\">\n<p>Le go\u00fbt est encore plus beau lorsqu\u2019il est partag\u00e9. C\u2019est pourquoi nous avons cr\u00e9\u00e9 <b>l\u2019environnement parfait pour profiter de toutes les saveurs en toute s\u00e9r\u00e9nit\u00e9<\/b>: la salle du petit-d\u00e9jeuner vous offre la juste intimit\u00e9, la tranquillit\u00e9 dont vous avez besoin le matin d\u00e8s votre r\u00e9veil. La lumi\u00e8re et <b>la vue imprenable sur la mer<\/b> sont les protagonistes. Vous avez toujours le bon <b>espace lorsque vous \u00eates assis \u00e0 table<\/b>, confortable m\u00eame en compagnie d\u2019enfants.   <\/p>\n<\/div>\n<\/div>\n<\/div>\n<\/div>\n\t\t\t\t\t\t\t\t<\/div>\n\t\t\t\t<\/div>\n\t\t\t\t<div class=\"elementor-element elementor-element-236ce9a8 elementor-pagination-position-outside elementor-widget elementor-widget-image-carousel\" data-id=\"236ce9a8\" data-element_type=\"widget\" data-e-type=\"widget\" data-settings=\"{&quot;slides_to_show&quot;:&quot;3&quot;,&quot;slides_to_scroll&quot;:&quot;1&quot;,&quot;navigation&quot;:&quot;dots&quot;,&quot;image_spacing_custom&quot;:{&quot;unit&quot;:&quot;px&quot;,&quot;size&quot;:10,&quot;sizes&quot;:[]},&quot;autoplay&quot;:&quot;yes&quot;,&quot;pause_on_hover&quot;:&quot;yes&quot;,&quot;pause_on_interaction&quot;:&quot;yes&quot;,&quot;autoplay_speed&quot;:5000,&quot;infinite&quot;:&quot;yes&quot;,&quot;speed&quot;:500,&quot;image_spacing_custom_tablet&quot;:{&quot;unit&quot;:&quot;px&quot;,&quot;size&quot;:&quot;&quot;,&quot;sizes&quot;:[]},&quot;image_spacing_custom_mobile&quot;:{&quot;unit&quot;:&quot;px&quot;,&quot;size&quot;:&quot;&quot;,&quot;sizes&quot;:[]}}\" data-widget_type=\"image-carousel.default\">\n\t\t\t\t<div class=\"elementor-widget-container\">\n\t\t\t\t\t\t\t<div class=\"elementor-image-carousel-wrapper swiper\" role=\"region\" aria-roledescription=\"carousel\" aria-label=\"Carosello d&#039;immagini\" dir=\"ltr\">\n\t\t\t<div class=\"elementor-image-carousel swiper-wrapper\" aria-live=\"off\">\n\t\t\t\t\t\t\t\t<div class=\"swiper-slide\" role=\"group\" aria-roledescription=\"slide\" aria-label=\"1 sur 10\"><a data-elementor-open-lightbox=\"yes\" data-elementor-lightbox-slideshow=\"236ce9a8\" data-e-action-hash=\"#elementor-action%3Aaction%3Dlightbox%26settings%3DeyJpZCI6MjI4MSwidXJsIjoiaHR0cHM6XC9cL3d3dy5ob3RlbG1pbGFuZXNlLml0XC93cC1jb250ZW50XC91cGxvYWRzXC8yMDIyXC8xMVwvdG9ydGUtY29sYXppb25lLW1vbnRtYXJ0cmUtaG90ZWwtNDEtZTE2Njk3MjIwNjU3OTAuanBlZyIsInNsaWRlc2hvdyI6IjIzNmNlOWE4In0%3D\" href=\"https:\/\/www.hotelmilanese.it\/wp-content\/uploads\/2022\/11\/torte-colazione-montmartre-hotel-41-e1669722065790.jpeg\"><figure class=\"swiper-slide-inner\"><img decoding=\"async\" class=\"swiper-slide-image\" src=\"https:\/\/www.hotelmilanese.it\/wp-content\/uploads\/2022\/11\/torte-colazione-montmartre-hotel-41-e1669722065790.jpeg\" alt=\"torte-colazione-montmartre-hotel-41\" \/><\/figure><\/a><\/div><div class=\"swiper-slide\" role=\"group\" aria-roledescription=\"slide\" aria-label=\"2 sur 10\"><a data-elementor-open-lightbox=\"yes\" data-elementor-lightbox-slideshow=\"236ce9a8\" data-e-action-hash=\"#elementor-action%3Aaction%3Dlightbox%26settings%3DeyJpZCI6Mjk3MSwidXJsIjoiaHR0cHM6XC9cL3d3dy5ob3RlbG1pbGFuZXNlLml0XC93cC1jb250ZW50XC91cGxvYWRzXC8yMDIyXC8xMVwvdG9ydGUtY29sYXppb25lLW1vbnRtYXJ0cmUtaG90ZWwtMjEtMi1lMTY2OTcyMjAxNTU4OS5qcGVnIiwic2xpZGVzaG93IjoiMjM2Y2U5YTgifQ%3D%3D\" href=\"https:\/\/www.hotelmilanese.it\/wp-content\/uploads\/2022\/11\/torte-colazione-montmartre-hotel-21-2-e1669722015589.jpeg\"><figure class=\"swiper-slide-inner\"><img decoding=\"async\" class=\"swiper-slide-image\" src=\"https:\/\/www.hotelmilanese.it\/wp-content\/uploads\/2022\/11\/torte-colazione-montmartre-hotel-21-2-e1669722015589.jpeg\" alt=\"torte-colazione-montmartre-hotel-21-2\" \/><\/figure><\/a><\/div><div class=\"swiper-slide\" role=\"group\" aria-roledescription=\"slide\" aria-label=\"3 sur 10\"><a data-elementor-open-lightbox=\"yes\" data-elementor-lightbox-slideshow=\"236ce9a8\" data-e-action-hash=\"#elementor-action%3Aaction%3Dlightbox%26settings%3DeyJpZCI6MjI5OSwidXJsIjoiaHR0cHM6XC9cL3d3dy5ob3RlbG1pbGFuZXNlLml0XC93cC1jb250ZW50XC91cGxvYWRzXC8yMDIyXC8xMVwvdG9ydGUtY29sYXppb25lLW1vbnRtYXJ0cmUtaG90ZWwtMzUuanBnIiwic2xpZGVzaG93IjoiMjM2Y2U5YTgifQ%3D%3D\" href=\"https:\/\/www.hotelmilanese.it\/wp-content\/uploads\/2022\/11\/torte-colazione-montmartre-hotel-35.jpg\"><figure class=\"swiper-slide-inner\"><img decoding=\"async\" class=\"swiper-slide-image\" src=\"https:\/\/www.hotelmilanese.it\/wp-content\/uploads\/2022\/11\/torte-colazione-montmartre-hotel-35.jpg\" alt=\"torte-colazione-montmartre-hotel-35\" \/><\/figure><\/a><\/div><div class=\"swiper-slide\" role=\"group\" aria-roledescription=\"slide\" aria-label=\"4 sur 10\"><a data-elementor-open-lightbox=\"yes\" data-elementor-lightbox-slideshow=\"236ce9a8\" data-e-action-hash=\"#elementor-action%3Aaction%3Dlightbox%26settings%3DeyJpZCI6MjIxNSwidXJsIjoiaHR0cHM6XC9cL3d3dy5ob3RlbG1pbGFuZXNlLml0XC93cC1jb250ZW50XC91cGxvYWRzXC8yMDIyXC8xMVwvdG9ydGUtY29sYXppb25lLW1vbnRtYXJ0cmUtaG90ZWwtMi5qcGciLCJzbGlkZXNob3ciOiIyMzZjZTlhOCJ9\" href=\"https:\/\/www.hotelmilanese.it\/wp-content\/uploads\/2022\/11\/torte-colazione-montmartre-hotel-2.jpg\"><figure class=\"swiper-slide-inner\"><img decoding=\"async\" class=\"swiper-slide-image\" src=\"https:\/\/www.hotelmilanese.it\/wp-content\/uploads\/2022\/11\/torte-colazione-montmartre-hotel-2.jpg\" alt=\"torte-colazione-montmartre-hotel-2\" \/><\/figure><\/a><\/div><div class=\"swiper-slide\" role=\"group\" aria-roledescription=\"slide\" aria-label=\"5 sur 10\"><a data-elementor-open-lightbox=\"yes\" data-elementor-lightbox-slideshow=\"236ce9a8\" data-e-action-hash=\"#elementor-action%3Aaction%3Dlightbox%26settings%3DeyJpZCI6MjE5NywidXJsIjoiaHR0cHM6XC9cL3d3dy5ob3RlbG1pbGFuZXNlLml0XC93cC1jb250ZW50XC91cGxvYWRzXC8yMDIyXC8xMVwvdG9ydGUtY29sYXppb25lLW1vbnRtYXJ0cmUtaG90ZWwtNC5qcGciLCJzbGlkZXNob3ciOiIyMzZjZTlhOCJ9\" href=\"https:\/\/www.hotelmilanese.it\/wp-content\/uploads\/2022\/11\/torte-colazione-montmartre-hotel-4.jpg\"><figure class=\"swiper-slide-inner\"><img decoding=\"async\" class=\"swiper-slide-image\" src=\"https:\/\/www.hotelmilanese.it\/wp-content\/uploads\/2022\/11\/torte-colazione-montmartre-hotel-4.jpg\" alt=\"torte-colazione-montmartre-hotel-4\" \/><\/figure><\/a><\/div><div class=\"swiper-slide\" role=\"group\" aria-roledescription=\"slide\" aria-label=\"6 sur 10\"><a data-elementor-open-lightbox=\"yes\" data-elementor-lightbox-slideshow=\"236ce9a8\" data-e-action-hash=\"#elementor-action%3Aaction%3Dlightbox%26settings%3DeyJpZCI6MjYxNywidXJsIjoiaHR0cHM6XC9cL3d3dy5ob3RlbG1pbGFuZXNlLml0XC93cC1jb250ZW50XC91cGxvYWRzXC8yMDIyXC8xMVwvdG9ydGUtY29sYXppb25lLW1vbnRtYXJ0cmUtaG90ZWwtMy5qcGciLCJzbGlkZXNob3ciOiIyMzZjZTlhOCJ9\" href=\"https:\/\/www.hotelmilanese.it\/wp-content\/uploads\/2022\/11\/torte-colazione-montmartre-hotel-3.jpg\"><figure class=\"swiper-slide-inner\"><img decoding=\"async\" class=\"swiper-slide-image\" src=\"https:\/\/www.hotelmilanese.it\/wp-content\/uploads\/2022\/11\/torte-colazione-montmartre-hotel-3.jpg\" alt=\"torte-colazione-montmartre-hotel-3\" \/><\/figure><\/a><\/div><div class=\"swiper-slide\" role=\"group\" aria-roledescription=\"slide\" aria-label=\"7 sur 10\"><a data-elementor-open-lightbox=\"yes\" data-elementor-lightbox-slideshow=\"236ce9a8\" data-e-action-hash=\"#elementor-action%3Aaction%3Dlightbox%26settings%3DeyJpZCI6MjM3MSwidXJsIjoiaHR0cHM6XC9cL3d3dy5ob3RlbG1pbGFuZXNlLml0XC93cC1jb250ZW50XC91cGxvYWRzXC8yMDIyXC8xMVwvdG9ydGUtY29sYXppb25lLW1vbnRtYXJ0cmUtaG90ZWwtMTQtMS1lMTY2OTcyMjEzNTIxMS5qcGVnIiwic2xpZGVzaG93IjoiMjM2Y2U5YTgifQ%3D%3D\" href=\"https:\/\/www.hotelmilanese.it\/wp-content\/uploads\/2022\/11\/torte-colazione-montmartre-hotel-14-1-e1669722135211.jpeg\"><figure class=\"swiper-slide-inner\"><img decoding=\"async\" class=\"swiper-slide-image\" src=\"https:\/\/www.hotelmilanese.it\/wp-content\/uploads\/2022\/11\/torte-colazione-montmartre-hotel-14-1-e1669722135211.jpeg\" alt=\"torte-colazione-montmartre-hotel-14-1\" \/><\/figure><\/a><\/div><div class=\"swiper-slide\" role=\"group\" aria-roledescription=\"slide\" aria-label=\"8 sur 10\"><a data-elementor-open-lightbox=\"yes\" data-elementor-lightbox-slideshow=\"236ce9a8\" data-e-action-hash=\"#elementor-action%3Aaction%3Dlightbox%26settings%3DeyJpZCI6MjQ0MywidXJsIjoiaHR0cHM6XC9cL3d3dy5ob3RlbG1pbGFuZXNlLml0XC93cC1jb250ZW50XC91cGxvYWRzXC8yMDIyXC8xMVwvY29sYXppb25lLWhvdGVsLW1vbnRtYXJ0cmUtMjEuanBnIiwic2xpZGVzaG93IjoiMjM2Y2U5YTgifQ%3D%3D\" href=\"https:\/\/www.hotelmilanese.it\/wp-content\/uploads\/2022\/11\/colazione-hotel-montmartre-21.jpg\"><figure class=\"swiper-slide-inner\"><img decoding=\"async\" class=\"swiper-slide-image\" src=\"https:\/\/www.hotelmilanese.it\/wp-content\/uploads\/2022\/11\/colazione-hotel-montmartre-21-1024x768.jpg\" alt=\"colazione-hotel-montmartre-21\" \/><\/figure><\/a><\/div><div class=\"swiper-slide\" role=\"group\" aria-roledescription=\"slide\" aria-label=\"9 sur 10\"><a data-elementor-open-lightbox=\"yes\" data-elementor-lightbox-slideshow=\"236ce9a8\" data-e-action-hash=\"#elementor-action%3Aaction%3Dlightbox%26settings%3DeyJpZCI6MTUzNywidXJsIjoiaHR0cHM6XC9cL3d3dy5ob3RlbG1pbGFuZXNlLml0XC93cC1jb250ZW50XC91cGxvYWRzXC8yMDIyXC8xMVwvdG9ydGUtY29sYXppb25lLW1vbnRtYXJ0cmUtaG90ZWwtMjYtMS1lMTY2OTcyMjA0NTk5MC5qcGVnIiwic2xpZGVzaG93IjoiMjM2Y2U5YTgifQ%3D%3D\" href=\"https:\/\/www.hotelmilanese.it\/wp-content\/uploads\/2022\/11\/torte-colazione-montmartre-hotel-26-1-e1669722045990.jpeg\"><figure class=\"swiper-slide-inner\"><img decoding=\"async\" class=\"swiper-slide-image\" src=\"https:\/\/www.hotelmilanese.it\/wp-content\/uploads\/2022\/11\/torte-colazione-montmartre-hotel-26-1-e1669722045990.jpeg\" alt=\"torte-colazione-montmartre-hotel-26-1\" \/><\/figure><\/a><\/div><div class=\"swiper-slide\" role=\"group\" aria-roledescription=\"slide\" aria-label=\"10 sur 10\"><a data-elementor-open-lightbox=\"yes\" data-elementor-lightbox-slideshow=\"236ce9a8\" data-e-action-hash=\"#elementor-action%3Aaction%3Dlightbox%26settings%3DeyJpZCI6MjI4MSwidXJsIjoiaHR0cHM6XC9cL3d3dy5ob3RlbG1pbGFuZXNlLml0XC93cC1jb250ZW50XC91cGxvYWRzXC8yMDIyXC8xMVwvdG9ydGUtY29sYXppb25lLW1vbnRtYXJ0cmUtaG90ZWwtNDEtZTE2Njk3MjIwNjU3OTAuanBlZyIsInNsaWRlc2hvdyI6IjIzNmNlOWE4In0%3D\" href=\"https:\/\/www.hotelmilanese.it\/wp-content\/uploads\/2022\/11\/torte-colazione-montmartre-hotel-41-e1669722065790.jpeg\"><figure class=\"swiper-slide-inner\"><img decoding=\"async\" class=\"swiper-slide-image\" src=\"https:\/\/www.hotelmilanese.it\/wp-content\/uploads\/2022\/11\/torte-colazione-montmartre-hotel-41-e1669722065790.jpeg\" alt=\"torte-colazione-montmartre-hotel-41\" \/><\/figure><\/a><\/div>\t\t\t<\/div>\n\t\t\t\t\t\t\t\n\t\t\t\t\t\t\t\t\t<div class=\"swiper-pagination\"><\/div>\n\t\t\t\t\t\t\t\t\t<\/div>\n\t\t\t\t\t\t<\/div>\n\t\t\t\t<\/div>\n\t\t\t\t\t<\/div>\n\t\t<\/div>\n\t\t\t\t\t<\/div>\n\t\t<\/section>\n\t\t\t\t<\/div>\n\t\t","protected":false},"excerpt":{"rendered":"<p>LE PETIT-D\u00c9JEUNER EST UN V\u00c9RITABLE VOYAGE DANS LE GO\u00dbT QUI COMMENCE AVEC LES INGR\u00c9DIENTS LES PLUS FRAIS DE QUALIT\u00c9 Un merveilleux buffet pour tous les go\u00fbts vous attend dans la salle de 7h00 \u00e0 11h00 \u00e0 l&rsquo;h\u00f4tel Montmartre avec vue panoramique sur la mer Avez-vous d\u00e9j\u00e0 remarqu\u00e9 qu\u2019en vacances, chaque plat est meilleur? Peut-\u00eatre parce [&hellip;]<\/p>\n","protected":false},"author":1,"featured_media":0,"parent":0,"menu_order":0,"comment_status":"closed","ping_status":"closed","template":"","meta":{"_acf_changed":false,"footnotes":""},"class_list":["post-3465","page","type-page","status-publish","hentry"],"acf":[],"_links":{"self":[{"href":"https:\/\/www.hotelmilanese.it\/fr\/wp-json\/wp\/v2\/pages\/3465","targetHints":{"allow":["GET"]}}],"collection":[{"href":"https:\/\/www.hotelmilanese.it\/fr\/wp-json\/wp\/v2\/pages"}],"about":[{"href":"https:\/\/www.hotelmilanese.it\/fr\/wp-json\/wp\/v2\/types\/page"}],"author":[{"embeddable":true,"href":"https:\/\/www.hotelmilanese.it\/fr\/wp-json\/wp\/v2\/users\/1"}],"replies":[{"embeddable":true,"href":"https:\/\/www.hotelmilanese.it\/fr\/wp-json\/wp\/v2\/comments?post=3465"}],"version-history":[{"count":3,"href":"https:\/\/www.hotelmilanese.it\/fr\/wp-json\/wp\/v2\/pages\/3465\/revisions"}],"predecessor-version":[{"id":5295,"href":"https:\/\/www.hotelmilanese.it\/fr\/wp-json\/wp\/v2\/pages\/3465\/revisions\/5295"}],"wp:attachment":[{"href":"https:\/\/www.hotelmilanese.it\/fr\/wp-json\/wp\/v2\/media?parent=3465"}],"curies":[{"name":"wp","href":"https:\/\/api.w.org\/{rel}","templated":true}]}}