{"id":5338,"date":"2025-07-07T08:33:30","date_gmt":"2025-07-07T08:33:30","guid":{"rendered":"https:\/\/www.hotelmilanese.it\/declaration-daccessibilite\/"},"modified":"2025-07-07T08:38:30","modified_gmt":"2025-07-07T08:38:30","slug":"declaration-daccessibilite","status":"publish","type":"page","link":"https:\/\/www.hotelmilanese.it\/fr\/declaration-daccessibilite\/","title":{"rendered":"D\u00e9claration d&rsquo;accessibilit\u00e9"},"content":{"rendered":"\t\t<div data-elementor-type=\"wp-page\" data-elementor-id=\"5338\" class=\"elementor elementor-5338 elementor-5325\" data-elementor-post-type=\"page\">\n\t\t\t\t<div class=\"elementor-element elementor-element-a0c149a e-flex e-con-boxed e-con e-parent\" data-id=\"a0c149a\" data-element_type=\"container\" data-e-type=\"container\">\n\t\t\t\t\t<div class=\"e-con-inner\">\n\t\t<div class=\"elementor-element elementor-element-82b6c49 e-con-full e-flex e-con e-child\" data-id=\"82b6c49\" data-element_type=\"container\" data-e-type=\"container\" data-settings=\"{&quot;background_background&quot;:&quot;classic&quot;}\">\n\t\t\t\t<div class=\"elementor-element elementor-element-4a4330d elementor-widget elementor-widget-heading\" data-id=\"4a4330d\" data-element_type=\"widget\" data-e-type=\"widget\" data-widget_type=\"heading.default\">\n\t\t\t\t<div class=\"elementor-widget-container\">\n\t\t\t\t\t<h1 class=\"elementor-heading-title elementor-size-default\">D\u00e9claration d'accessibilit\u00e9<\/h1>\t\t\t\t<\/div>\n\t\t\t\t<\/div>\n\t\t<div class=\"elementor-element elementor-element-b99ce8e e-con-full e-flex e-con e-child\" data-id=\"b99ce8e\" data-element_type=\"container\" data-e-type=\"container\">\n\t\t<div class=\"elementor-element elementor-element-f9f1541 e-con-full e-flex e-con e-child\" data-id=\"f9f1541\" data-element_type=\"container\" data-e-type=\"container\">\n\t\t\t\t<div class=\"elementor-element elementor-element-2b15c4d elementor-widget elementor-widget-heading\" data-id=\"2b15c4d\" data-element_type=\"widget\" data-e-type=\"widget\" data-widget_type=\"heading.default\">\n\t\t\t\t<div class=\"elementor-widget-container\">\n\t\t\t\t\t<p class=\"elementor-heading-title elementor-size-default\">Hotel Montmartre Di Maffi Marco S.a.s. <\/p>\t\t\t\t<\/div>\n\t\t\t\t<\/div>\n\t\t\t\t<div class=\"elementor-element elementor-element-8648129 elementor-widget elementor-widget-heading\" data-id=\"8648129\" data-element_type=\"widget\" data-e-type=\"widget\" data-widget_type=\"heading.default\">\n\t\t\t\t<div class=\"elementor-widget-container\">\n\t\t\t\t\t<p class=\"elementor-heading-title elementor-size-default\"><a href=\"mailto:info@hotelmilanese.it\">info@hotelmilanese.it<\/a><\/p>\t\t\t\t<\/div>\n\t\t\t\t<\/div>\n\t\t\t\t<div class=\"elementor-element elementor-element-dacfaf7 elementor-widget elementor-widget-text-editor\" data-id=\"dacfaf7\" data-element_type=\"widget\" data-e-type=\"widget\" data-widget_type=\"text-editor.default\">\n\t\t\t\t<div class=\"elementor-widget-container\">\n\t\t\t\t\t\t\t\t\tRagione Sociale: Hotel Montmartre srl<br>\r\nSede Legale: Viale S. Salvador, 36 \u2013 47922 Torre Pedrera di Rimini (RN) \u2013 Italia<br>\r\nP.IVA e C.F.: 02481710404<br>\r\nN. Iscr. Reg. Imp.: 02481710404 di RImini<br>\r\nREA: RN \u2013 264522<br>\r\nCapitale Sociale: 30.000,00 i.v.<br>\r\nPEC: hotelmontmartre@legalmail.it<br>\r\nCIR Hotel Milanese: 099014-AL-00169<br>\r\nCIN:IT099014A1GJTGHEHF\t\t\t\t\t\t\t\t<\/div>\n\t\t\t\t<\/div>\n\t\t\t\t<\/div>\n\t\t\t\t<div class=\"elementor-element elementor-element-323cbed elementor-widget elementor-widget-heading\" data-id=\"323cbed\" data-element_type=\"widget\" data-e-type=\"widget\" data-widget_type=\"heading.default\">\n\t\t\t\t<div class=\"elementor-widget-container\">\n\t\t\t\t\t<p class=\"elementor-heading-title elementor-size-default\">Le site a \u00e9t\u00e9 publi\u00e9 le <strong>29 novembre 2022<\/strong><\/p>\t\t\t\t<\/div>\n\t\t\t\t<\/div>\n\t\t\t\t<div class=\"elementor-element elementor-element-2135279 elementor-widget elementor-widget-heading\" data-id=\"2135279\" data-element_type=\"widget\" data-e-type=\"widget\" data-widget_type=\"heading.default\">\n\t\t\t\t<div class=\"elementor-widget-container\">\n\t\t\t\t\t<p class=\"elementor-heading-title elementor-size-default\">Le site a \u00e9t\u00e9 mis \u00e0 jour le <strong>9 juin 2025<\/strong><\/p>\t\t\t\t<\/div>\n\t\t\t\t<\/div>\n\t\t\t\t<div class=\"elementor-element elementor-element-c7992ba elementor-widget elementor-widget-spacer\" data-id=\"c7992ba\" data-element_type=\"widget\" data-e-type=\"widget\" data-widget_type=\"spacer.default\">\n\t\t\t\t<div class=\"elementor-widget-container\">\n\t\t\t\t\t\t\t<div class=\"elementor-spacer\">\n\t\t\t<div class=\"elementor-spacer-inner\"><\/div>\n\t\t<\/div>\n\t\t\t\t\t\t<\/div>\n\t\t\t\t<\/div>\n\t\t\t\t<div class=\"elementor-element elementor-element-cf1cb45 elementor-widget elementor-widget-heading\" data-id=\"cf1cb45\" data-element_type=\"widget\" data-e-type=\"widget\" data-widget_type=\"heading.default\">\n\t\t\t\t<div class=\"elementor-widget-container\">\n\t\t\t\t\t<p class=\"elementor-heading-title elementor-size-default\">Conformit\u00e9<\/p>\t\t\t\t<\/div>\n\t\t\t\t<\/div>\n\t\t\t\t<div class=\"elementor-element elementor-element-d3f21fb elementor-widget elementor-widget-text-editor\" data-id=\"d3f21fb\" data-element_type=\"widget\" data-e-type=\"widget\" data-widget_type=\"text-editor.default\">\n\t\t\t\t<div class=\"elementor-widget-container\">\n\t\t\t\t\t\t\t\t\t<p>Ce site est partiellement conforme aux exigences de l&rsquo;annexe A de la norme UNI CEI EN 301 549 (WCAG 2.1 niveau AA).<\/p>\n\t\t\t\t\t\t\t\t<\/div>\n\t\t\t\t<\/div>\n\t\t\t\t<div class=\"elementor-element elementor-element-695100e elementor-widget elementor-widget-heading\" data-id=\"695100e\" data-element_type=\"widget\" data-e-type=\"widget\" data-widget_type=\"heading.default\">\n\t\t\t\t<div class=\"elementor-widget-container\">\n\t\t\t\t\t<p class=\"elementor-heading-title elementor-size-default\">Contenus non accessibles<\/p>\t\t\t\t<\/div>\n\t\t\t\t<\/div>\n\t\t\t\t<div class=\"elementor-element elementor-element-cbfa46e elementor-widget elementor-widget-text-editor\" data-id=\"cbfa46e\" data-element_type=\"widget\" data-e-type=\"widget\" data-widget_type=\"text-editor.default\">\n\t\t\t\t<div class=\"elementor-widget-container\">\n\t\t\t\t\t\t\t\t\t<p>Les contenus suivants ne sont pas accessibles pour les raisons suivantes : <\/p>\n<ul>\n<li>Images sans texte alternatif ou avec un texte non pertinent<\/li>\n<li>Certains \u00e9l\u00e9ments ne respectent pas les contrastes de couleurs requis<\/li>\n<li>Le manque de balises s\u00e9mantiques limite partiellement la navigation avec un lecteur d\u2019\u00e9cran<\/li>\n<li>Vid\u00e9os : absence de sous-titres et de transcriptions<\/li>\n<li>Plan du site dans le pied de page non pr\u00e9sent<\/li>\n<li>Indicateur de focus non toujours visible<\/li>\n<li>Fil d\u2019Ariane non pr\u00e9sent<\/li>\n<li>Fichiers PDF non enti\u00e8rement accessibles<\/li>\n<\/ul>\n<p> Malgr\u00e9 les efforts de <strong>Hotel Montmartre Di Maffi Marco S.a.s. <\/strong>, d&rsquo;autres \u00e9l\u00e9ments non conformes peuvent ne pas \u00eatre list\u00e9s dans cette d\u00e9claration.<\/p>\n\t\t\t\t\t\t\t\t<\/div>\n\t\t\t\t<\/div>\n\t\t\t\t<div class=\"elementor-element elementor-element-7014e5a elementor-widget elementor-widget-heading\" data-id=\"7014e5a\" data-element_type=\"widget\" data-e-type=\"widget\" data-widget_type=\"heading.default\">\n\t\t\t\t<div class=\"elementor-widget-container\">\n\t\t\t\t\t<div class=\"elementor-heading-title elementor-size-default\">D\u00e9claration r\u00e9dig\u00e9e par<\/div>\t\t\t\t<\/div>\n\t\t\t\t<\/div>\n\t\t\t\t<div class=\"elementor-element elementor-element-3e9aff0 elementor-widget elementor-widget-text-editor\" data-id=\"3e9aff0\" data-element_type=\"widget\" data-e-type=\"widget\" data-widget_type=\"text-editor.default\">\n\t\t\t\t<div class=\"elementor-widget-container\">\n\t\t\t\t\t\t\t\t\t<p>Network Service Srl, sur la base d\u2019une \u00e9valuation interne effectu\u00e9e le 9 juin 2025. Cette d\u00e9claration a \u00e9t\u00e9 r\u00e9alis\u00e9e conform\u00e9ment \u00e0 la directive (UE) 2016\/2102, via une auto-\u00e9valuation effectu\u00e9e par Network Service Srl avec l\u2019aide d\u2019outils automatiques.<\/p>\n\t\t\t\t\t\t\t\t<\/div>\n\t\t\t\t<\/div>\n\t\t\t\t<div class=\"elementor-element elementor-element-1e8e28a elementor-widget elementor-widget-heading\" data-id=\"1e8e28a\" data-element_type=\"widget\" data-e-type=\"widget\" data-widget_type=\"heading.default\">\n\t\t\t\t<div class=\"elementor-widget-container\">\n\t\t\t\t\t<div class=\"elementor-heading-title elementor-size-default\">Modalit\u00e9 de signalement<\/div>\t\t\t\t<\/div>\n\t\t\t\t<\/div>\n\t\t\t\t<div class=\"elementor-element elementor-element-ec36ff9 elementor-widget elementor-widget-text-editor\" data-id=\"ec36ff9\" data-element_type=\"widget\" data-e-type=\"widget\" data-widget_type=\"text-editor.default\">\n\t\t\t\t<div class=\"elementor-widget-container\">\n\t\t\t\t\t\t\t\t\t<p>Vous pouvez signaler tout probl\u00e8me d\u2019accessibilit\u00e9 \u00e0 : Email : <span style=\"text-decoration: underline;\"><a href=\"mailto:accessibilita@network-service.it\">accessibilita@network-service.it<\/a><\/span> Nous vous r\u00e9pondrons dans un d\u00e9lai de 30 jours ouvrables.<\/p>\n\t\t\t\t\t\t\t\t<\/div>\n\t\t\t\t<\/div>\n\t\t\t\t<div class=\"elementor-element elementor-element-7b4b0b1 elementor-widget elementor-widget-heading\" data-id=\"7b4b0b1\" data-element_type=\"widget\" data-e-type=\"widget\" data-widget_type=\"heading.default\">\n\t\t\t\t<div class=\"elementor-widget-container\">\n\t\t\t\t\t<div class=\"elementor-heading-title elementor-size-default\">Signalement \u00e0 l\u2019AgID<\/div>\t\t\t\t<\/div>\n\t\t\t\t<\/div>\n\t\t\t\t<div class=\"elementor-element elementor-element-7f9389d elementor-widget elementor-widget-text-editor\" data-id=\"7f9389d\" data-element_type=\"widget\" data-e-type=\"widget\" data-widget_type=\"text-editor.default\">\n\t\t\t\t<div class=\"elementor-widget-container\">\n\t\t\t\t\t\t\t\t\t<p>Si la r\u00e9ponse ne vous satisfait pas, vous pouvez envoyer un signalement \u00e0 l\u2019AgID \u00e0 l\u2019adresse suivante : protocollo@pec.agid.gov.it.<\/p>\n\t\t\t\t\t\t\t\t<\/div>\n\t\t\t\t<\/div>\n\t\t\t\t<\/div>\n\t\t\t\t<\/div>\n\t\t\t\t\t<\/div>\n\t\t\t\t<\/div>\n\t\t\t\t<\/div>\n\t\t","protected":false},"excerpt":{"rendered":"<p>D\u00e9claration d&rsquo;accessibilit\u00e9 Le site a \u00e9t\u00e9 publi\u00e9 le Le site a \u00e9t\u00e9 mis \u00e0 jour le Conformit\u00e9 Ce site est partiellement conforme aux exigences de l&rsquo;annexe A de la norme UNI CEI EN 301 549 (WCAG 2.1 niveau AA). Contenus non accessibles Les contenus suivants ne sont pas accessibles pour les raisons suivantes : Images [&hellip;]<\/p>\n","protected":false},"author":1,"featured_media":0,"parent":0,"menu_order":0,"comment_status":"closed","ping_status":"closed","template":"elementor_canvas","meta":{"_acf_changed":false,"footnotes":""},"class_list":["post-5338","page","type-page","status-publish","hentry"],"acf":[],"_links":{"self":[{"href":"https:\/\/www.hotelmilanese.it\/fr\/wp-json\/wp\/v2\/pages\/5338","targetHints":{"allow":["GET"]}}],"collection":[{"href":"https:\/\/www.hotelmilanese.it\/fr\/wp-json\/wp\/v2\/pages"}],"about":[{"href":"https:\/\/www.hotelmilanese.it\/fr\/wp-json\/wp\/v2\/types\/page"}],"author":[{"embeddable":true,"href":"https:\/\/www.hotelmilanese.it\/fr\/wp-json\/wp\/v2\/users\/1"}],"replies":[{"embeddable":true,"href":"https:\/\/www.hotelmilanese.it\/fr\/wp-json\/wp\/v2\/comments?post=5338"}],"version-history":[{"count":1,"href":"https:\/\/www.hotelmilanese.it\/fr\/wp-json\/wp\/v2\/pages\/5338\/revisions"}],"predecessor-version":[{"id":5339,"href":"https:\/\/www.hotelmilanese.it\/fr\/wp-json\/wp\/v2\/pages\/5338\/revisions\/5339"}],"wp:attachment":[{"href":"https:\/\/www.hotelmilanese.it\/fr\/wp-json\/wp\/v2\/media?parent=5338"}],"curies":[{"name":"wp","href":"https:\/\/api.w.org\/{rel}","templated":true}]}}