{"id":3561,"date":"2022-11-25T11:21:06","date_gmt":"2022-11-25T11:21:06","guid":{"rendered":"https:\/\/www.hotelmilanese.it\/oferty\/"},"modified":"2024-12-03T15:53:35","modified_gmt":"2024-12-03T15:53:35","slug":"oferty","status":"publish","type":"page","link":"https:\/\/www.hotelmilanese.it\/pl\/oferty\/","title":{"rendered":"OFERTY"},"content":{"rendered":"\t\t<div data-elementor-type=\"wp-page\" data-elementor-id=\"3561\" class=\"elementor elementor-3561 elementor-259\" data-elementor-post-type=\"page\">\n\t\t\t\t\t\t<section class=\"elementor-section elementor-top-section elementor-element elementor-element-b5d0c58 elementor-section-height-min-height elementor-section-content-middle elementor-section-boxed elementor-section-height-default elementor-section-items-middle\" data-id=\"b5d0c58\" data-element_type=\"section\" data-e-type=\"section\">\n\t\t\t\t\t\t<div class=\"elementor-container elementor-column-gap-wide\">\n\t\t\t\t\t<div class=\"elementor-column elementor-col-100 elementor-top-column elementor-element elementor-element-20675529\" data-id=\"20675529\" data-element_type=\"column\" data-e-type=\"column\">\n\t\t\t<div class=\"elementor-widget-wrap elementor-element-populated\">\n\t\t\t\t\t\t<div class=\"elementor-element elementor-element-1a441525 elementor-widget elementor-widget-heading\" data-id=\"1a441525\" data-element_type=\"widget\" data-e-type=\"widget\" data-widget_type=\"heading.default\">\n\t\t\t\t<div class=\"elementor-widget-container\">\n\t\t\t\t\t<h1 class=\"elementor-heading-title elementor-size-default\">OFERTY WAKACYJNE W RIMINI: TEGO LATA MASZ MORZE MO\u017bLIWO\u015aCI!<\/h1>\t\t\t\t<\/div>\n\t\t\t\t<\/div>\n\t\t\t\t<div class=\"elementor-element elementor-element-7017ad9b elementor-widget elementor-widget-heading\" data-id=\"7017ad9b\" data-element_type=\"widget\" data-e-type=\"widget\" data-settings=\"{&quot;motion_fx_motion_fx_scrolling&quot;:&quot;yes&quot;,&quot;motion_fx_devices&quot;:[&quot;desktop&quot;,&quot;tablet&quot;,&quot;mobile&quot;]}\" data-widget_type=\"heading.default\">\n\t\t\t\t<div class=\"elementor-widget-container\">\n\t\t\t\t\t<h2 class=\"elementor-heading-title elementor-size-default\">Odkryj wszystkie promocje w Bed and Breakfast z widokiem na pla\u017c\u0119 w Torre Pedrera<\/h2>\t\t\t\t<\/div>\n\t\t\t\t<\/div>\n\t\t\t\t<div class=\"elementor-element elementor-element-e503e96 elementor-widget elementor-widget-text-editor\" data-id=\"e503e96\" data-element_type=\"widget\" data-e-type=\"widget\" data-widget_type=\"text-editor.default\">\n\t\t\t\t<div class=\"elementor-widget-container\">\n\t\t\t\t\t\t\t\t\t<p>Co oznaczaj\u0105 dla Ciebie\u00a0<i>\u201eniezapomniane wakacje\u201d?\u00a0<\/i> Dla nas wakacje, kt\u00f3re pozostaj\u0105 w Twoich wspomnieniach, to wypoczynek, uczucie lekko\u015bci i wygoda. Skoro mowa o bud\u017cecie \u2026 je\u015bli szukasz \u00a0<b>ofert w Rimini w formule Bed and Breakfast<\/b>,<b>\u00a0<\/b>tutaj w hotelu Milanese \u00a0<b>oferujemy promocje na ca\u0142y sezon\u00a0<\/b> i wyj\u0105tkowo korzystne pakiety. Zasmakuj dobrego samopoczucia i zafunduj sobie pobyt w \u00a0<b>hotelu w pobli\u017cu pla\u017cy w Rimini<\/b>:\u00a0<i>jeste\u015b na w\u0142a\u015bciwej stronie, tutaj zaoszcz\u0119dzisz i poczujesz si\u0119 jak w domu!<\/i><\/p>\n<p>Czy to praca sprowadza Ci\u0119 do regionu Romagna? Zaplanuj podr\u00f3\u017c\u00a0<b>s\u0142u\u017cbow\u0105 do Rimini i okolic<\/b> \u00a0z najwi\u0119ksz\u0105 \u0142atwo\u015bci\u0105: odkryj szczeg\u00f3\u0142y naszych ofert biznesowych! Gwarantujemy komfort \u00a0<b>hotelu w pobli\u017cu Targ\u00f3w Rimini<\/b>, z pokojami i pakietami \u015bniadaniowymi.\u00a0<i>Gotowy, aby da\u0107 z siebie wszystko?<\/i><\/p>\n<p>Planujesz now\u0105\u00a0podr\u00f3\u017c s\u0142u\u017cbow\u0105 na Riviera Romagnola<strong>? Odkryj wszystkie oferty biznesowe<\/strong> aktywne \u00a0w naszym <strong>Hotelu w pobli\u017cu Targ\u00f3w w Rimini<\/strong>, kompletne z najlepszymi us\u0142ugami:\u00a0<em>podr\u00f3\u017cuj wygodnie i zwi\u0119ksz swoj\u0105 produktywno\u015b\u0107!<\/em><\/p>\n\t\t\t\t\t\t\t\t<\/div>\n\t\t\t\t<\/div>\n\t\t\t\t<div class=\"elementor-element elementor-element-6e8653e elementor-grid-3 elementor-grid-tablet-2 elementor-grid-mobile-1 elementor-widget elementor-widget-loop-grid\" data-id=\"6e8653e\" data-element_type=\"widget\" data-e-type=\"widget\" data-settings=\"{&quot;template_id&quot;:5166,&quot;row_gap&quot;:{&quot;unit&quot;:&quot;px&quot;,&quot;size&quot;:10,&quot;sizes&quot;:[]},&quot;_skin&quot;:&quot;post&quot;,&quot;columns&quot;:&quot;3&quot;,&quot;columns_tablet&quot;:&quot;2&quot;,&quot;columns_mobile&quot;:&quot;1&quot;,&quot;edit_handle_selector&quot;:&quot;[data-elementor-type=\\&quot;loop-item\\&quot;]&quot;,&quot;row_gap_tablet&quot;:{&quot;unit&quot;:&quot;px&quot;,&quot;size&quot;:&quot;&quot;,&quot;sizes&quot;:[]},&quot;row_gap_mobile&quot;:{&quot;unit&quot;:&quot;px&quot;,&quot;size&quot;:&quot;&quot;,&quot;sizes&quot;:[]}}\" data-widget_type=\"loop-grid.post\">\n\t\t\t\t<div class=\"elementor-widget-container\">\n\t\t\t\t\t\t\t<div class=\"e-loop-nothing-found-message\">\n\t\t<\/div>\n\t\t\t\t\t\t<\/div>\n\t\t\t\t<\/div>\n\t\t\t\t<div class=\"elementor-element elementor-element-5f2f0fa4 elementor-widget elementor-widget-spacer\" data-id=\"5f2f0fa4\" data-element_type=\"widget\" data-e-type=\"widget\" data-widget_type=\"spacer.default\">\n\t\t\t\t<div class=\"elementor-widget-container\">\n\t\t\t\t\t\t\t<div class=\"elementor-spacer\">\n\t\t\t<div class=\"elementor-spacer-inner\"><\/div>\n\t\t<\/div>\n\t\t\t\t\t\t<\/div>\n\t\t\t\t<\/div>\n\t\t\t\t\t<\/div>\n\t\t<\/div>\n\t\t\t\t\t<\/div>\n\t\t<\/section>\n\t\t\t\t<\/div>\n\t\t","protected":false},"excerpt":{"rendered":"<p>OFERTY WAKACYJNE W RIMINI: TEGO LATA MASZ MORZE MO\u017bLIWO\u015aCI! Odkryj wszystkie promocje w Bed and Breakfast z widokiem na pla\u017c\u0119 w Torre Pedrera Co oznaczaj\u0105 dla Ciebie\u00a0\u201eniezapomniane wakacje\u201d?\u00a0 Dla nas wakacje, kt\u00f3re pozostaj\u0105 w Twoich wspomnieniach, to wypoczynek, uczucie lekko\u015bci i wygoda. Skoro mowa o bud\u017cecie \u2026 je\u015bli szukasz \u00a0ofert w Rimini w formule Bed [&hellip;]<\/p>\n","protected":false},"author":1,"featured_media":0,"parent":0,"menu_order":0,"comment_status":"closed","ping_status":"closed","template":"","meta":{"_acf_changed":false,"footnotes":""},"class_list":["post-3561","page","type-page","status-publish","hentry"],"acf":[],"_links":{"self":[{"href":"https:\/\/www.hotelmilanese.it\/pl\/wp-json\/wp\/v2\/pages\/3561","targetHints":{"allow":["GET"]}}],"collection":[{"href":"https:\/\/www.hotelmilanese.it\/pl\/wp-json\/wp\/v2\/pages"}],"about":[{"href":"https:\/\/www.hotelmilanese.it\/pl\/wp-json\/wp\/v2\/types\/page"}],"author":[{"embeddable":true,"href":"https:\/\/www.hotelmilanese.it\/pl\/wp-json\/wp\/v2\/users\/1"}],"replies":[{"embeddable":true,"href":"https:\/\/www.hotelmilanese.it\/pl\/wp-json\/wp\/v2\/comments?post=3561"}],"version-history":[{"count":8,"href":"https:\/\/www.hotelmilanese.it\/pl\/wp-json\/wp\/v2\/pages\/3561\/revisions"}],"predecessor-version":[{"id":5205,"href":"https:\/\/www.hotelmilanese.it\/pl\/wp-json\/wp\/v2\/pages\/3561\/revisions\/5205"}],"wp:attachment":[{"href":"https:\/\/www.hotelmilanese.it\/pl\/wp-json\/wp\/v2\/media?parent=3561"}],"curies":[{"name":"wp","href":"https:\/\/api.w.org\/{rel}","templated":true}]}}