{"id":3658,"date":"2022-11-25T11:20:44","date_gmt":"2022-11-25T11:20:44","guid":{"rendered":"https:\/\/www.hotelmilanese.it\/rimini-torre-pedrera-beach\/"},"modified":"2022-12-30T11:53:00","modified_gmt":"2022-12-30T11:53:00","slug":"rimini-torre-pedrera-beach","status":"publish","type":"page","link":"https:\/\/www.hotelmilanese.it\/pl\/rimini-torre-pedrera-beach\/","title":{"rendered":"RIMINI TORRE PEDRERA BEACH"},"content":{"rendered":"\t\t<div data-elementor-type=\"wp-page\" data-elementor-id=\"3658\" class=\"elementor elementor-3658 elementor-192\" data-elementor-post-type=\"page\">\n\t\t\t\t\t\t<section class=\"elementor-section elementor-top-section elementor-element elementor-element-4a3cee8b elementor-section-full_width elementor-section-height-default elementor-section-height-default\" data-id=\"4a3cee8b\" data-element_type=\"section\" data-e-type=\"section\">\n\t\t\t\t\t\t<div class=\"elementor-container elementor-column-gap-no\">\n\t\t\t\t\t<div class=\"elementor-column elementor-col-100 elementor-top-column elementor-element elementor-element-1dc6817d\" data-id=\"1dc6817d\" data-element_type=\"column\" data-e-type=\"column\">\n\t\t\t<div class=\"elementor-widget-wrap elementor-element-populated\">\n\t\t\t\t\t\t<div class=\"elementor-element elementor-element-24da5555 elementor--h-position-right elementor--v-position-middle elementor-arrows-position-inside elementor-widget elementor-widget-slides\" data-id=\"24da5555\" data-element_type=\"widget\" data-e-type=\"widget\" data-settings=\"{&quot;navigation&quot;:&quot;arrows&quot;,&quot;autoplay&quot;:&quot;yes&quot;,&quot;pause_on_hover&quot;:&quot;yes&quot;,&quot;pause_on_interaction&quot;:&quot;yes&quot;,&quot;autoplay_speed&quot;:5000,&quot;infinite&quot;:&quot;yes&quot;,&quot;transition&quot;:&quot;slide&quot;,&quot;transition_speed&quot;:500}\" data-widget_type=\"slides.default\">\n\t\t\t\t<div class=\"elementor-widget-container\">\n\t\t\t\t\t\t\t\t\t<div class=\"elementor-swiper\">\n\t\t\t\t\t<div class=\"elementor-slides-wrapper elementor-main-swiper swiper\" role=\"region\" aria-roledescription=\"carousel\" aria-label=\"Slajdy\" dir=\"ltr\" data-animation=\"fadeInUp\">\n\t\t\t\t<div class=\"swiper-wrapper elementor-slides\">\n\t\t\t\t\t\t\t\t\t\t<div class=\"elementor-repeater-item-baa3a77 swiper-slide\" role=\"group\" aria-roledescription=\"slide\"><div class=\"swiper-slide-bg\" role=\"img\" aria-label=\"hotel-milanese-torre-pedrera-vista-mare-slide-5\"><\/div><div class=\"swiper-slide-inner\" ><div class=\"swiper-slide-contents\"><\/div><\/div><\/div>\t\t\t\t<\/div>\n\t\t\t\t\t\t\t<\/div>\n\t\t\t\t<\/div>\n\t\t\t\t\t\t\t\t<\/div>\n\t\t\t\t<\/div>\n\t\t\t\t\t<\/div>\n\t\t<\/div>\n\t\t\t\t\t<\/div>\n\t\t<\/section>\n\t\t\t\t<section class=\"elementor-section elementor-top-section elementor-element elementor-element-1d24fdc6 elementor-section-boxed elementor-section-height-default elementor-section-height-default\" data-id=\"1d24fdc6\" data-element_type=\"section\" data-e-type=\"section\">\n\t\t\t\t\t\t<div class=\"elementor-container elementor-column-gap-default\">\n\t\t\t\t\t<div class=\"elementor-column elementor-col-100 elementor-top-column elementor-element elementor-element-22d7195b\" data-id=\"22d7195b\" data-element_type=\"column\" data-e-type=\"column\">\n\t\t\t<div class=\"elementor-widget-wrap elementor-element-populated\">\n\t\t\t\t\t\t<div class=\"elementor-element elementor-element-1f52ddf6 elementor-widget elementor-widget-heading\" data-id=\"1f52ddf6\" data-element_type=\"widget\" data-e-type=\"widget\" data-widget_type=\"heading.default\">\n\t\t\t\t<div class=\"elementor-widget-container\">\n\t\t\t\t\t<h1 class=\"elementor-heading-title elementor-size-default\">WAKACJE W RIMINI TORRE PEDRERA: PLA\u017bA, ROZRYWKA I MAKSYMALNY SPOK\u00d3J!<\/h1>\t\t\t\t<\/div>\n\t\t\t\t<\/div>\n\t\t\t\t<div class=\"elementor-element elementor-element-5aa226ae elementor-widget elementor-widget-heading\" data-id=\"5aa226ae\" data-element_type=\"widget\" data-e-type=\"widget\" data-widget_type=\"heading.default\">\n\t\t\t\t<div class=\"elementor-widget-container\">\n\t\t\t\t\t<h2 class=\"elementor-heading-title elementor-size-default\">Odpoczywaj w najspokojniejszej cz\u0119\u015bci Rimini, gdzie nadal mo\u017cesz poczu\u0107 tradycj\u0119 regionu Romagna<\/h2>\t\t\t\t<\/div>\n\t\t\t\t<\/div>\n\t\t\t\t<div class=\"elementor-element elementor-element-4614c017 elementor-widget elementor-widget-text-editor\" data-id=\"4614c017\" data-element_type=\"widget\" data-e-type=\"widget\" data-widget_type=\"text-editor.default\">\n\t\t\t\t<div class=\"elementor-widget-container\">\n\t\t\t\t\t\t\t\t\t<div class=\"entry-content\">\n<p>Czasami s\u0142owa nie wystarcz\u0105, aby opisa\u0107 pi\u0119kno miejsca. Dlatego gdy opowiadamy historie <b>Torre Pedrera<\/b>, zamknij oczy i wyobra\u017a to sobie\u2026 <\/p>\n<p><i>Pomy\u015bl o tym jak mi\u0142o, po d\u0142ugiej zimie trudach pracy i terminach, spakowa\u0107 walizki i wyjecha\u0107 na wakacje na pla\u017cy<\/i>? Ju\u017c rozkoszujesz si\u0119 tym poczuciem wolno\u015bci i <b>beztroski, u\u015bmiechasz si\u0119 rado\u015bnie<\/b>, nawet nie zdaj\u0105c sobie z tego sprawy. Twoje wakacje na pla\u017cy w <b>Rimini Torre Pedrera<\/b> czekaj\u0105 na Ciebie pe\u0142ne nowych, wspania\u0142ych emocji: oto <b>jeste\u015b w samym sercu najspokojniejszej cz\u0119\u015bci Rimini<\/b>. <\/p>\n<p>Wszyscy znaj\u0105 <b>go\u015bcinno\u015b\u0107 regionu Romagna<\/b> <i>(tak, t\u0119 przez du\u017ce G!)<\/i>, szczery u\u015bmiech i tradycje, oraz oczywi\u015bcie smak piadiny na molo. Na naszych pla\u017cach mo\u017cesz czu\u0107 si\u0119 bezpiecznie nawet z rodzin\u0105, a <b>hotel Milanese nad morzem w Rimini<\/b> b\u0119dzie Twoim drugim domem. <\/p>\n<p>Torre Pedrera to ma\u0142a nadmorska miejscowo\u015b\u0107<b> <\/b>z idealn\u0105 pla\u017c\u0105 dla rodzin z dzie\u0107mi. <b>Ska\u0142y w pobli\u017cu brzegu sprawiaj\u0105, \u017ce dno morskie jest p\u0142ytkie i bezpieczne<\/b>,<b> <\/b>blokuj\u0105 pr\u0105dy i utrzymuj\u0105 wod\u0119 zawsze w cieple. Ponadto teren <b>jest zawsze dok\u0142adnie monitorowany przez naszych ukochanych ratownik\u00f3w<\/b>! <\/p>\n<p><b>Pla\u017ca jest kameralna, dobrze zorganizowana z k\u0105pieliskami i wieloma us\u0142ugami. <\/b>Wieczorem jednak wybrze\u017ce o\u017cywa z klubami, lodziarniami, barami i wieloma wydarzeniami. Nie przegap koncert\u00f3w, targ\u00f3w organizowanych co tydzie\u0144 i s\u0142ynnego <b>East-Coast Festival<\/b> z zabytkowymi samochodami! <\/p>\n<\/div>\n\t\t\t\t\t\t\t\t<\/div>\n\t\t\t\t<\/div>\n\t\t\t\t\t<\/div>\n\t\t<\/div>\n\t\t\t\t\t<\/div>\n\t\t<\/section>\n\t\t\t\t<\/div>\n\t\t","protected":false},"excerpt":{"rendered":"<p>WAKACJE W RIMINI TORRE PEDRERA: PLA\u017bA, ROZRYWKA I MAKSYMALNY SPOK\u00d3J! Odpoczywaj w najspokojniejszej cz\u0119\u015bci Rimini, gdzie nadal mo\u017cesz poczu\u0107 tradycj\u0119 regionu Romagna Czasami s\u0142owa nie wystarcz\u0105, aby opisa\u0107 pi\u0119kno miejsca. Dlatego gdy opowiadamy historie Torre Pedrera, zamknij oczy i wyobra\u017a to sobie\u2026 Pomy\u015bl o tym jak mi\u0142o, po d\u0142ugiej zimie trudach pracy i terminach, spakowa\u0107 [&hellip;]<\/p>\n","protected":false},"author":1,"featured_media":0,"parent":0,"menu_order":0,"comment_status":"closed","ping_status":"closed","template":"","meta":{"_acf_changed":false,"footnotes":""},"class_list":["post-3658","page","type-page","status-publish","hentry"],"acf":[],"_links":{"self":[{"href":"https:\/\/www.hotelmilanese.it\/pl\/wp-json\/wp\/v2\/pages\/3658","targetHints":{"allow":["GET"]}}],"collection":[{"href":"https:\/\/www.hotelmilanese.it\/pl\/wp-json\/wp\/v2\/pages"}],"about":[{"href":"https:\/\/www.hotelmilanese.it\/pl\/wp-json\/wp\/v2\/types\/page"}],"author":[{"embeddable":true,"href":"https:\/\/www.hotelmilanese.it\/pl\/wp-json\/wp\/v2\/users\/1"}],"replies":[{"embeddable":true,"href":"https:\/\/www.hotelmilanese.it\/pl\/wp-json\/wp\/v2\/comments?post=3658"}],"version-history":[{"count":1,"href":"https:\/\/www.hotelmilanese.it\/pl\/wp-json\/wp\/v2\/pages\/3658\/revisions"}],"predecessor-version":[{"id":3659,"href":"https:\/\/www.hotelmilanese.it\/pl\/wp-json\/wp\/v2\/pages\/3658\/revisions\/3659"}],"wp:attachment":[{"href":"https:\/\/www.hotelmilanese.it\/pl\/wp-json\/wp\/v2\/media?parent=3658"}],"curies":[{"name":"wp","href":"https:\/\/api.w.org\/{rel}","templated":true}]}}