{"id":5342,"date":"2025-07-07T08:33:30","date_gmt":"2025-07-07T08:33:30","guid":{"rendered":"https:\/\/www.hotelmilanese.it\/deklaracja-dostepnosci\/"},"modified":"2025-07-07T08:43:29","modified_gmt":"2025-07-07T08:43:29","slug":"deklaracja-dostepnosci","status":"publish","type":"page","link":"https:\/\/www.hotelmilanese.it\/pl\/deklaracja-dostepnosci\/","title":{"rendered":"Deklaracja dost\u0119pno\u015bci"},"content":{"rendered":"\t\t<div data-elementor-type=\"wp-page\" data-elementor-id=\"5342\" class=\"elementor elementor-5342 elementor-5325\" data-elementor-post-type=\"page\">\n\t\t\t\t<div class=\"elementor-element elementor-element-a0c149a e-flex e-con-boxed e-con e-parent\" data-id=\"a0c149a\" data-element_type=\"container\" data-e-type=\"container\">\n\t\t\t\t\t<div class=\"e-con-inner\">\n\t\t<div class=\"elementor-element elementor-element-82b6c49 e-con-full e-flex e-con e-child\" data-id=\"82b6c49\" data-element_type=\"container\" data-e-type=\"container\" data-settings=\"{&quot;background_background&quot;:&quot;classic&quot;}\">\n\t\t\t\t<div class=\"elementor-element elementor-element-4a4330d elementor-widget elementor-widget-heading\" data-id=\"4a4330d\" data-element_type=\"widget\" data-e-type=\"widget\" data-widget_type=\"heading.default\">\n\t\t\t\t<div class=\"elementor-widget-container\">\n\t\t\t\t\t<h1 class=\"elementor-heading-title elementor-size-default\">Deklaracja dost\u0119pno\u015bci<\/h1>\t\t\t\t<\/div>\n\t\t\t\t<\/div>\n\t\t<div class=\"elementor-element elementor-element-b99ce8e e-con-full e-flex e-con e-child\" data-id=\"b99ce8e\" data-element_type=\"container\" data-e-type=\"container\">\n\t\t<div class=\"elementor-element elementor-element-f9f1541 e-con-full e-flex e-con e-child\" data-id=\"f9f1541\" data-element_type=\"container\" data-e-type=\"container\">\n\t\t\t\t<div class=\"elementor-element elementor-element-2b15c4d elementor-widget elementor-widget-heading\" data-id=\"2b15c4d\" data-element_type=\"widget\" data-e-type=\"widget\" data-widget_type=\"heading.default\">\n\t\t\t\t<div class=\"elementor-widget-container\">\n\t\t\t\t\t<p class=\"elementor-heading-title elementor-size-default\">Hotel Miramare<\/p>\t\t\t\t<\/div>\n\t\t\t\t<\/div>\n\t\t\t\t<div class=\"elementor-element elementor-element-8648129 elementor-widget elementor-widget-heading\" data-id=\"8648129\" data-element_type=\"widget\" data-e-type=\"widget\" data-widget_type=\"heading.default\">\n\t\t\t\t<div class=\"elementor-widget-container\">\n\t\t\t\t\t<p class=\"elementor-heading-title elementor-size-default\"><a href=\"mailto:info@hotelmilanese.it\">info@hotelmilanese.it<\/a><\/p>\t\t\t\t<\/div>\n\t\t\t\t<\/div>\n\t\t\t\t<div class=\"elementor-element elementor-element-dacfaf7 elementor-widget elementor-widget-text-editor\" data-id=\"dacfaf7\" data-element_type=\"widget\" data-e-type=\"widget\" data-widget_type=\"text-editor.default\">\n\t\t\t\t<div class=\"elementor-widget-container\">\n\t\t\t\t\t\t\t\t\tRagione Sociale: Hotel Montmartre srl<br>\r\nSede Legale: Viale S. Salvador, 36 \u2013 47922 Torre Pedrera di Rimini (RN) \u2013 Italia<br>\r\nP.IVA e C.F.: 02481710404<br>\r\nN. Iscr. Reg. Imp.: 02481710404 di RImini<br>\r\nREA: RN \u2013 264522<br>\r\nCapitale Sociale: 30.000,00 i.v.<br>\r\nPEC: hotelmontmartre@legalmail.it<br>\r\nCIR Hotel Milanese: 099014-AL-00169<br>\r\nCIN:IT099014A1GJTGHEHF\t\t\t\t\t\t\t\t<\/div>\n\t\t\t\t<\/div>\n\t\t\t\t<\/div>\n\t\t\t\t<div class=\"elementor-element elementor-element-323cbed elementor-widget elementor-widget-heading\" data-id=\"323cbed\" data-element_type=\"widget\" data-e-type=\"widget\" data-widget_type=\"heading.default\">\n\t\t\t\t<div class=\"elementor-widget-container\">\n\t\t\t\t\t<p class=\"elementor-heading-title elementor-size-default\">Strona zosta\u0142a opublikowana dnia <strong>29 listopada 2022<\/strong><\/p>\t\t\t\t<\/div>\n\t\t\t\t<\/div>\n\t\t\t\t<div class=\"elementor-element elementor-element-2135279 elementor-widget elementor-widget-heading\" data-id=\"2135279\" data-element_type=\"widget\" data-e-type=\"widget\" data-widget_type=\"heading.default\">\n\t\t\t\t<div class=\"elementor-widget-container\">\n\t\t\t\t\t<p class=\"elementor-heading-title elementor-size-default\">Strona zosta\u0142a zaktualizowana dnia <strong>9 czerwca 2025<\/strong><\/p>\t\t\t\t<\/div>\n\t\t\t\t<\/div>\n\t\t\t\t<div class=\"elementor-element elementor-element-c7992ba elementor-widget elementor-widget-spacer\" data-id=\"c7992ba\" data-element_type=\"widget\" data-e-type=\"widget\" data-widget_type=\"spacer.default\">\n\t\t\t\t<div class=\"elementor-widget-container\">\n\t\t\t\t\t\t\t<div class=\"elementor-spacer\">\n\t\t\t<div class=\"elementor-spacer-inner\"><\/div>\n\t\t<\/div>\n\t\t\t\t\t\t<\/div>\n\t\t\t\t<\/div>\n\t\t\t\t<div class=\"elementor-element elementor-element-cf1cb45 elementor-widget elementor-widget-heading\" data-id=\"cf1cb45\" data-element_type=\"widget\" data-e-type=\"widget\" data-widget_type=\"heading.default\">\n\t\t\t\t<div class=\"elementor-widget-container\">\n\t\t\t\t\t<p class=\"elementor-heading-title elementor-size-default\">Zgodno\u015b\u0107<\/p>\t\t\t\t<\/div>\n\t\t\t\t<\/div>\n\t\t\t\t<div class=\"elementor-element elementor-element-d3f21fb elementor-widget elementor-widget-text-editor\" data-id=\"d3f21fb\" data-element_type=\"widget\" data-e-type=\"widget\" data-widget_type=\"text-editor.default\">\n\t\t\t\t<div class=\"elementor-widget-container\">\n\t\t\t\t\t\t\t\t\t<p>Ta strona jest cz\u0119\u015bciowo zgodna z wymaganiami za\u0142\u0105cznika A normy UNI\u202fCEI\u202fEN\u202f301\u202f549 (WCAG 2.1 poziom AA).<\/p>\n\t\t\t\t\t\t\t\t<\/div>\n\t\t\t\t<\/div>\n\t\t\t\t<div class=\"elementor-element elementor-element-695100e elementor-widget elementor-widget-heading\" data-id=\"695100e\" data-element_type=\"widget\" data-e-type=\"widget\" data-widget_type=\"heading.default\">\n\t\t\t\t<div class=\"elementor-widget-container\">\n\t\t\t\t\t<p class=\"elementor-heading-title elementor-size-default\">Tre\u015bci niedost\u0119pne<\/p>\t\t\t\t<\/div>\n\t\t\t\t<\/div>\n\t\t\t\t<div class=\"elementor-element elementor-element-cbfa46e elementor-widget elementor-widget-text-editor\" data-id=\"cbfa46e\" data-element_type=\"widget\" data-e-type=\"widget\" data-widget_type=\"text-editor.default\">\n\t\t\t\t<div class=\"elementor-widget-container\">\n\t\t\t\t\t\t\t\t\t<p>Poni\u017csze tre\u015bci s\u0105 niedost\u0119pne z nast\u0119puj\u0105cych powod\u00f3w: <\/p>\n<ul> \u2003\u2003<\/p>\n<li>Obrazy bez tekstu alternatywnego lub z nieodpowiednim opisem<\/li>\n<p> \u2003\u2003<\/p>\n<li>Niekt\u00f3re elementy nie spe\u0142niaj\u0105 wymaga\u0144 dotycz\u0105cych kontrastu kolor\u00f3w<\/li>\n<p> \u2003\u2003<\/p>\n<li>Brak niekt\u00f3rych znacznik\u00f3w semantycznych cz\u0119\u015bciowo utrudnia nawigacj\u0119 za pomoc\u0105 czytnik\u00f3w ekranu<\/li>\n<p> \u2003\u2003<\/p>\n<li>Filmy: brak napis\u00f3w i transkrypcji<\/li>\n<p> \u2003\u2003<\/p>\n<li>Brak mapy strony w stopce<\/li>\n<p> \u2003\u2003<\/p>\n<li>Brak wyra\u017anego zaznaczenia element\u00f3w w fokusie<\/li>\n<p> \u2003\u2003<\/p>\n<li>Brak nawigacji breadcrumb<\/li>\n<p> \u2003\u2003<\/p>\n<li>Pliki PDF nie s\u0105 w pe\u0142ni dost\u0119pne<\/li>\n<\/ul>\n<p> Pomimo stara\u0144 <strong>Hotel Miramare<\/strong>, mog\u0105 wyst\u0119powa\u0107 inne niezgodno\u015bci, kt\u00f3re nie zosta\u0142y uj\u0119te w niniejszej Deklaracji.<\/p>\n\t\t\t\t\t\t\t\t<\/div>\n\t\t\t\t<\/div>\n\t\t\t\t<div class=\"elementor-element elementor-element-7014e5a elementor-widget elementor-widget-heading\" data-id=\"7014e5a\" data-element_type=\"widget\" data-e-type=\"widget\" data-widget_type=\"heading.default\">\n\t\t\t\t<div class=\"elementor-widget-container\">\n\t\t\t\t\t<div class=\"elementor-heading-title elementor-size-default\">O\u015bwiadczenie sporz\u0105dzone przez<\/div>\t\t\t\t<\/div>\n\t\t\t\t<\/div>\n\t\t\t\t<div class=\"elementor-element elementor-element-3e9aff0 elementor-widget elementor-widget-text-editor\" data-id=\"3e9aff0\" data-element_type=\"widget\" data-e-type=\"widget\" data-widget_type=\"text-editor.default\">\n\t\t\t\t<div class=\"elementor-widget-container\">\n\t\t\t\t\t\t\t\t\t<p>Network Service Srl na podstawie wewn\u0119trznej oceny przeprowadzonej w dniu 9 czerwca 2025. O\u015bwiadczenie zosta\u0142o przygotowane zgodnie z dyrektyw\u0105 (UE) 2016\/2102 na podstawie samooceny wykonanej przez Network Service Srl przy u\u017cyciu narz\u0119dzi automatycznych.<\/p>\n\t\t\t\t\t\t\t\t<\/div>\n\t\t\t\t<\/div>\n\t\t\t\t<div class=\"elementor-element elementor-element-1e8e28a elementor-widget elementor-widget-heading\" data-id=\"1e8e28a\" data-element_type=\"widget\" data-e-type=\"widget\" data-widget_type=\"heading.default\">\n\t\t\t\t<div class=\"elementor-widget-container\">\n\t\t\t\t\t<div class=\"elementor-heading-title elementor-size-default\">Spos\u00f3b zg\u0142aszania problem\u00f3w<\/div>\t\t\t\t<\/div>\n\t\t\t\t<\/div>\n\t\t\t\t<div class=\"elementor-element elementor-element-ec36ff9 elementor-widget elementor-widget-text-editor\" data-id=\"ec36ff9\" data-element_type=\"widget\" data-e-type=\"widget\" data-widget_type=\"text-editor.default\">\n\t\t\t\t<div class=\"elementor-widget-container\">\n\t\t\t\t\t\t\t\t\t<p>Problemy mo\u017cna zg\u0142asza\u0107 na adres: E-mail: <span style=\"text-decoration: underline;\"><a href=\"mailto:accessibilita@network-service.it\">accessibilita@network-service.it<\/a><\/span><a><\/a> Odpowiemy w ci\u0105gu 30 dni roboczych.<\/p>\n\t\t\t\t\t\t\t\t<\/div>\n\t\t\t\t<\/div>\n\t\t\t\t<div class=\"elementor-element elementor-element-7b4b0b1 elementor-widget elementor-widget-heading\" data-id=\"7b4b0b1\" data-element_type=\"widget\" data-e-type=\"widget\" data-widget_type=\"heading.default\">\n\t\t\t\t<div class=\"elementor-widget-container\">\n\t\t\t\t\t<div class=\"elementor-heading-title elementor-size-default\">Zg\u0142oszenia do AgID<\/div>\t\t\t\t<\/div>\n\t\t\t\t<\/div>\n\t\t\t\t<div class=\"elementor-element elementor-element-7f9389d elementor-widget elementor-widget-text-editor\" data-id=\"7f9389d\" data-element_type=\"widget\" data-e-type=\"widget\" data-widget_type=\"text-editor.default\">\n\t\t\t\t<div class=\"elementor-widget-container\">\n\t\t\t\t\t\t\t\t\t<p>Je\u015bli odpowied\u017a nie b\u0119dzie satysfakcjonuj\u0105ca, mo\u017cesz wys\u0142a\u0107 zg\u0142oszenie do AgID na adres: protocollo@pec.agid.gov.it.<\/p>\n\t\t\t\t\t\t\t\t<\/div>\n\t\t\t\t<\/div>\n\t\t\t\t<\/div>\n\t\t\t\t<\/div>\n\t\t\t\t\t<\/div>\n\t\t\t\t<\/div>\n\t\t\t\t<\/div>\n\t\t","protected":false},"excerpt":{"rendered":"<p>Deklaracja dost\u0119pno\u015bci Strona zosta\u0142a opublikowana dnia Strona zosta\u0142a zaktualizowana dnia Zgodno\u015b\u0107 Ta strona jest cz\u0119\u015bciowo zgodna z wymaganiami za\u0142\u0105cznika A normy UNI\u202fCEI\u202fEN\u202f301\u202f549 (WCAG 2.1 poziom AA). Tre\u015bci niedost\u0119pne Poni\u017csze tre\u015bci s\u0105 niedost\u0119pne z nast\u0119puj\u0105cych powod\u00f3w: \u2003\u2003 Obrazy bez tekstu alternatywnego lub z nieodpowiednim opisem \u2003\u2003 Niekt\u00f3re elementy nie spe\u0142niaj\u0105 wymaga\u0144 dotycz\u0105cych kontrastu kolor\u00f3w \u2003\u2003 Brak [&hellip;]<\/p>\n","protected":false},"author":1,"featured_media":0,"parent":0,"menu_order":0,"comment_status":"closed","ping_status":"closed","template":"elementor_canvas","meta":{"_acf_changed":false,"footnotes":""},"class_list":["post-5342","page","type-page","status-publish","hentry"],"acf":[],"_links":{"self":[{"href":"https:\/\/www.hotelmilanese.it\/pl\/wp-json\/wp\/v2\/pages\/5342","targetHints":{"allow":["GET"]}}],"collection":[{"href":"https:\/\/www.hotelmilanese.it\/pl\/wp-json\/wp\/v2\/pages"}],"about":[{"href":"https:\/\/www.hotelmilanese.it\/pl\/wp-json\/wp\/v2\/types\/page"}],"author":[{"embeddable":true,"href":"https:\/\/www.hotelmilanese.it\/pl\/wp-json\/wp\/v2\/users\/1"}],"replies":[{"embeddable":true,"href":"https:\/\/www.hotelmilanese.it\/pl\/wp-json\/wp\/v2\/comments?post=5342"}],"version-history":[{"count":1,"href":"https:\/\/www.hotelmilanese.it\/pl\/wp-json\/wp\/v2\/pages\/5342\/revisions"}],"predecessor-version":[{"id":5343,"href":"https:\/\/www.hotelmilanese.it\/pl\/wp-json\/wp\/v2\/pages\/5342\/revisions\/5343"}],"wp:attachment":[{"href":"https:\/\/www.hotelmilanese.it\/pl\/wp-json\/wp\/v2\/media?parent=5342"}],"curies":[{"name":"wp","href":"https:\/\/api.w.org\/{rel}","templated":true}]}}