{"id":3527,"date":"2022-11-25T11:21:05","date_gmt":"2022-11-25T11:21:05","guid":{"rendered":"https:\/\/www.hotelmilanese.it\/unde-suntem\/"},"modified":"2022-12-29T10:05:24","modified_gmt":"2022-12-29T10:05:24","slug":"unde-suntem","status":"publish","type":"page","link":"https:\/\/www.hotelmilanese.it\/ro\/unde-suntem\/","title":{"rendered":"UNDE SUNTEM"},"content":{"rendered":"\t\t<div data-elementor-type=\"wp-page\" data-elementor-id=\"3527\" class=\"elementor elementor-3527 elementor-252\" data-elementor-post-type=\"page\">\n\t\t\t\t\t\t<section class=\"elementor-section elementor-top-section elementor-element elementor-element-2133925b elementor-section-full_width elementor-section-height-default elementor-section-height-default\" data-id=\"2133925b\" data-element_type=\"section\" data-e-type=\"section\">\n\t\t\t\t\t\t<div class=\"elementor-container elementor-column-gap-no\">\n\t\t\t\t\t<div class=\"elementor-column elementor-col-100 elementor-top-column elementor-element elementor-element-2c91c82\" data-id=\"2c91c82\" data-element_type=\"column\" data-e-type=\"column\">\n\t\t\t<div class=\"elementor-widget-wrap elementor-element-populated\">\n\t\t\t\t\t\t<div class=\"elementor-element elementor-element-3cf3b0b8 elementor--h-position-right elementor--v-position-middle elementor-arrows-position-inside elementor-widget elementor-widget-slides\" data-id=\"3cf3b0b8\" data-element_type=\"widget\" data-e-type=\"widget\" data-settings=\"{&quot;navigation&quot;:&quot;arrows&quot;,&quot;autoplay&quot;:&quot;yes&quot;,&quot;pause_on_hover&quot;:&quot;yes&quot;,&quot;pause_on_interaction&quot;:&quot;yes&quot;,&quot;autoplay_speed&quot;:5000,&quot;infinite&quot;:&quot;yes&quot;,&quot;transition&quot;:&quot;slide&quot;,&quot;transition_speed&quot;:500}\" data-widget_type=\"slides.default\">\n\t\t\t\t<div class=\"elementor-widget-container\">\n\t\t\t\t\t\t\t\t\t<div class=\"elementor-swiper\">\n\t\t\t\t\t<div class=\"elementor-slides-wrapper elementor-main-swiper swiper\" role=\"region\" aria-roledescription=\"carousel\" aria-label=\"Slides\" dir=\"ltr\" data-animation=\"fadeInUp\">\n\t\t\t\t<div class=\"swiper-wrapper elementor-slides\">\n\t\t\t\t\t\t\t\t\t\t<div class=\"elementor-repeater-item-baa3a77 swiper-slide\" role=\"group\" aria-roledescription=\"slide\"><div class=\"swiper-slide-bg\" role=\"img\" aria-label=\"camera-vista-mare-laterale-hotel-milanese-slide-2\"><\/div><div class=\"swiper-slide-inner\" ><div class=\"swiper-slide-contents\"><\/div><\/div><\/div>\t\t\t\t<\/div>\n\t\t\t\t\t\t\t<\/div>\n\t\t\t\t<\/div>\n\t\t\t\t\t\t\t\t<\/div>\n\t\t\t\t<\/div>\n\t\t\t\t\t<\/div>\n\t\t<\/div>\n\t\t\t\t\t<\/div>\n\t\t<\/section>\n\t\t\t\t<section class=\"elementor-section elementor-top-section elementor-element elementor-element-73c7e338 elementor-section-boxed elementor-section-height-default elementor-section-height-default\" data-id=\"73c7e338\" data-element_type=\"section\" data-e-type=\"section\">\n\t\t\t\t\t\t<div class=\"elementor-container elementor-column-gap-default\">\n\t\t\t\t\t<div class=\"elementor-column elementor-col-100 elementor-top-column elementor-element elementor-element-72caad89\" data-id=\"72caad89\" data-element_type=\"column\" data-e-type=\"column\">\n\t\t\t<div class=\"elementor-widget-wrap elementor-element-populated\">\n\t\t\t\t\t\t<div class=\"elementor-element elementor-element-7d3ef185 elementor-widget elementor-widget-heading\" data-id=\"7d3ef185\" data-element_type=\"widget\" data-e-type=\"widget\" data-widget_type=\"heading.default\">\n\t\t\t\t<div class=\"elementor-widget-container\">\n\t\t\t\t\t<h1 class=\"elementor-heading-title elementor-size-default\">HOTEL \u00ceN RIMINI CU VEDERE LA PLAJ\u0102? BINE A\u021aI VENIT \u00ceN MILANESE, \u00ceN INIMA RIVIEREI ROMAGNOLE! <\/h1>\t\t\t\t<\/div>\n\t\t\t\t<\/div>\n\t\t\t\t<div class=\"elementor-element elementor-element-72ce2b0 elementor-widget elementor-widget-heading\" data-id=\"72ce2b0\" data-element_type=\"widget\" data-e-type=\"widget\" data-widget_type=\"heading.default\">\n\t\t\t\t<div class=\"elementor-widget-container\">\n\t\t\t\t\t<h2 class=\"elementor-heading-title elementor-size-default\">Aici ave\u021bi totul la \u00eendem\u00e2n\u0103, marea din Rimini \u00een fa\u021b\u0103 \u0219i Rimini Fiera la doar c\u00e2teva minute distan\u021b\u0103.<\/h2>\t\t\t\t<\/div>\n\t\t\t\t<\/div>\n\t\t\t\t<div class=\"elementor-element elementor-element-44eaa334 elementor-widget elementor-widget-text-editor\" data-id=\"44eaa334\" data-element_type=\"widget\" data-e-type=\"widget\" data-widget_type=\"text-editor.default\">\n\t\t\t\t<div class=\"elementor-widget-container\">\n\t\t\t\t\t\t\t\t\t<p>\u0218tia\u021bi c\u0103 \u0219i vacan\u021bele la <b>hotelul Milanese din Rimini<\/b>, l\u00e2ng\u0103 mare, sunt de asemenea green? Aici v\u0103 bucura\u021bi de confortul unei loca\u021bii privilegiate, u<b>nde pute\u021bi ajunge la toate pe jos<\/b>, cu o simpl\u0103 plimbare. <i>Parca\u021bi ma\u0219ina la hotel \u0219i uita\u021bi de ea\u2026<\/i> <\/p>\n<p><b>Plaja este \u00een fa\u021ba ta,<\/b> promenada pietonal\u0103 te r\u0103sfa\u021b\u0103 de diminea\u021b\u0103 p\u00e2n\u0103 seara cu miros de sare, centrul istoric al orasului Rimini este la doar c\u00e2teva minute cu trenul de la <b>sta\u021bia din Torre Pedrera<\/b>.<\/p>\n<p>Organiza\u021bi o c\u0103l\u0103torie de afaceri? <b>Aici v\u0103 afla\u021bi aproape de T\u00e2rgul Rimini<\/b> \u0219i de principalele centre de afaceri din Riviera: evita\u021bi traficul \u0219i asculta\u021bi sfaturile noastre <b>pentru a ajunge la ele mai u\u0219or sau cu mijloacele<\/b> de transport \u00een comun!<\/p>\n\t\t\t\t\t\t\t\t<\/div>\n\t\t\t\t<\/div>\n\t\t\t\t<div class=\"elementor-element elementor-element-3d62959b elementor-widget elementor-widget-image\" data-id=\"3d62959b\" data-element_type=\"widget\" data-e-type=\"widget\" data-widget_type=\"image.default\">\n\t\t\t\t<div class=\"elementor-widget-container\">\n\t\t\t\t\t\t\t\t\t\t\t\t\t\t\t<img fetchpriority=\"high\" decoding=\"async\" width=\"1540\" height=\"730\" src=\"https:\/\/www.hotelmilanese.it\/wp-content\/uploads\/2022\/11\/Milanese_it.jpg\" class=\"attachment-full size-full wp-image-2746\" alt=\"\" srcset=\"https:\/\/www.hotelmilanese.it\/wp-content\/uploads\/2022\/11\/Milanese_it.jpg 1540w, https:\/\/www.hotelmilanese.it\/wp-content\/uploads\/2022\/11\/Milanese_it-300x142.jpg 300w, https:\/\/www.hotelmilanese.it\/wp-content\/uploads\/2022\/11\/Milanese_it-1024x485.jpg 1024w, https:\/\/www.hotelmilanese.it\/wp-content\/uploads\/2022\/11\/Milanese_it-768x364.jpg 768w, https:\/\/www.hotelmilanese.it\/wp-content\/uploads\/2022\/11\/Milanese_it-1536x728.jpg 1536w\" sizes=\"(max-width: 1540px) 100vw, 1540px\" \/>\t\t\t\t\t\t\t\t\t\t\t\t\t\t\t<\/div>\n\t\t\t\t<\/div>\n\t\t\t\t\t<\/div>\n\t\t<\/div>\n\t\t\t\t\t<\/div>\n\t\t<\/section>\n\t\t\t\t<\/div>\n\t\t","protected":false},"excerpt":{"rendered":"<p>HOTEL \u00ceN RIMINI CU VEDERE LA PLAJ\u0102? BINE A\u021aI VENIT \u00ceN MILANESE, \u00ceN INIMA RIVIEREI ROMAGNOLE! Aici ave\u021bi totul la \u00eendem\u00e2n\u0103, marea din Rimini \u00een fa\u021b\u0103 \u0219i Rimini Fiera la doar c\u00e2teva minute distan\u021b\u0103. \u0218tia\u021bi c\u0103 \u0219i vacan\u021bele la hotelul Milanese din Rimini, l\u00e2ng\u0103 mare, sunt de asemenea green? Aici v\u0103 bucura\u021bi de confortul unei [&hellip;]<\/p>\n","protected":false},"author":1,"featured_media":0,"parent":0,"menu_order":0,"comment_status":"closed","ping_status":"closed","template":"","meta":{"_acf_changed":false,"footnotes":""},"class_list":["post-3527","page","type-page","status-publish","hentry"],"acf":[],"_links":{"self":[{"href":"https:\/\/www.hotelmilanese.it\/ro\/wp-json\/wp\/v2\/pages\/3527","targetHints":{"allow":["GET"]}}],"collection":[{"href":"https:\/\/www.hotelmilanese.it\/ro\/wp-json\/wp\/v2\/pages"}],"about":[{"href":"https:\/\/www.hotelmilanese.it\/ro\/wp-json\/wp\/v2\/types\/page"}],"author":[{"embeddable":true,"href":"https:\/\/www.hotelmilanese.it\/ro\/wp-json\/wp\/v2\/users\/1"}],"replies":[{"embeddable":true,"href":"https:\/\/www.hotelmilanese.it\/ro\/wp-json\/wp\/v2\/comments?post=3527"}],"version-history":[{"count":1,"href":"https:\/\/www.hotelmilanese.it\/ro\/wp-json\/wp\/v2\/pages\/3527\/revisions"}],"predecessor-version":[{"id":3528,"href":"https:\/\/www.hotelmilanese.it\/ro\/wp-json\/wp\/v2\/pages\/3527\/revisions\/3528"}],"wp:attachment":[{"href":"https:\/\/www.hotelmilanese.it\/ro\/wp-json\/wp\/v2\/media?parent=3527"}],"curies":[{"name":"wp","href":"https:\/\/api.w.org\/{rel}","templated":true}]}}