{"id":3566,"date":"2022-11-25T11:21:06","date_gmt":"2022-11-25T11:21:06","guid":{"rendered":"https:\/\/www.hotelmilanese.it\/oferte\/"},"modified":"2024-12-03T15:53:56","modified_gmt":"2024-12-03T15:53:56","slug":"oferte","status":"publish","type":"page","link":"https:\/\/www.hotelmilanese.it\/ro\/oferte\/","title":{"rendered":"OFERTE"},"content":{"rendered":"\t\t<div data-elementor-type=\"wp-page\" data-elementor-id=\"3566\" class=\"elementor elementor-3566 elementor-259\" data-elementor-post-type=\"page\">\n\t\t\t\t\t\t<section class=\"elementor-section elementor-top-section elementor-element elementor-element-b5d0c58 elementor-section-height-min-height elementor-section-content-middle elementor-section-boxed elementor-section-height-default elementor-section-items-middle\" data-id=\"b5d0c58\" data-element_type=\"section\" data-e-type=\"section\">\n\t\t\t\t\t\t<div class=\"elementor-container elementor-column-gap-wide\">\n\t\t\t\t\t<div class=\"elementor-column elementor-col-100 elementor-top-column elementor-element elementor-element-20675529\" data-id=\"20675529\" data-element_type=\"column\" data-e-type=\"column\">\n\t\t\t<div class=\"elementor-widget-wrap elementor-element-populated\">\n\t\t\t\t\t\t<div class=\"elementor-element elementor-element-1a441525 elementor-widget elementor-widget-heading\" data-id=\"1a441525\" data-element_type=\"widget\" data-e-type=\"widget\" data-widget_type=\"heading.default\">\n\t\t\t\t<div class=\"elementor-widget-container\">\n\t\t\t\t\t<h1 class=\"elementor-heading-title elementor-size-default\">OFERTE PENTRU VACAN\u021aA PERFECT\u0102 \u00ceN RIMINI: VARA ACEASTA AI O MARE DE OPORTUNIT\u0102\u021aI!<\/h1>\t\t\t\t<\/div>\n\t\t\t\t<\/div>\n\t\t\t\t<div class=\"elementor-element elementor-element-7017ad9b elementor-widget elementor-widget-heading\" data-id=\"7017ad9b\" data-element_type=\"widget\" data-e-type=\"widget\" data-settings=\"{&quot;motion_fx_motion_fx_scrolling&quot;:&quot;yes&quot;,&quot;motion_fx_devices&quot;:[&quot;desktop&quot;,&quot;tablet&quot;,&quot;mobile&quot;]}\" data-widget_type=\"heading.default\">\n\t\t\t\t<div class=\"elementor-widget-container\">\n\t\t\t\t\t<h2 class=\"elementor-heading-title elementor-size-default\">Descoperi\u021bi toate promo\u021biile Bed and Breakfast cu vedere la plaja din Torre Pedrera<\/h2>\t\t\t\t<\/div>\n\t\t\t\t<\/div>\n\t\t\t\t<div class=\"elementor-element elementor-element-e503e96 elementor-widget elementor-widget-text-editor\" data-id=\"e503e96\" data-element_type=\"widget\" data-e-type=\"widget\" data-widget_type=\"text-editor.default\">\n\t\t\t\t<div class=\"elementor-widget-container\">\n\t\t\t\t\t\t\t\t\t<p>Ce \u00eenseamn\u0103\u00a0<i>\u201evacan\u021b\u0103 de neuitat\u201d\u00a0<\/i> pentru tine? Pentru noi, o vacan\u021b\u0103 care r\u0103m\u00e2ne gravat\u0103 \u00een amintirile tale este f\u0103cut\u0103 din simplitate, f\u0103r\u0103 griji \u0219i comoditate. Apropo de buget \u2026 dac\u0103 sunte\u021bi \u00een c\u0103utarea unor \u00a0<b>oferte \u00een Rimini de tip Bed and Breakfast,<\/b><b>\u00a0<\/b>aici la Milanese v\u0103 oferim \u00a0<b>promo\u021bii pentru \u00eentreg sezonul \u0219i beneficii exclusive\u00a0<\/b>. Experimenta\u021bi fiecare nuan\u021b\u0103 de bun\u0103stare \u0219i r\u0103sf\u0103\u021ba\u021bi-v\u0103 cu un sejur \u00een hotel l\u00e2ng\u0103 plaja din Rimini: \u00a0<b>sunte\u021bi pe pagina potrivit\u0103<\/b>,\u00a0<i>aici comoditatea predomin\u0103!<\/i><\/p>\n<p>Munca te duce \u00een Romagna? \u00a0Planifica\u021bi-v\u0103 <b>c\u0103l\u0103toria de afaceri la Rimini \u0219i \u00een \u00eemprejurimi<\/b>,\u00a0 cu cea mai mare u\u0219urin\u021b\u0103: afla\u021bi detaliile \u00a0<b>ofertelor noastre business<\/b>!\u00a0<i>V\u0103 garant\u0103m confortul unui hotel l\u00e2ng\u0103 T\u00e2rgul din Rimini, cu pachete de camer\u0103 \u0219i mic dejun. Preg\u0103ti\u021bi pentru un randament maxim?<\/i><\/p>\n<p>Pl\u0103nui\u021bi o nou\u0103 c\u0103l\u0103torie de afaceri pe Riviera Romagnola?\u00a0<strong>Descoperi\u021bi toate ofertele de afaceri active \u00een hotelul<\/strong> nostru din apropierea T\u00e2rgului Rimini, \u00a0completate cu cele mai <strong>bune servicii<\/strong>:\u00a0<em>c\u0103l\u0103tori\u021bi confortabil \u0219i cre\u0219te\u021bi productivitatea!<\/em><\/p>\n\t\t\t\t\t\t\t\t<\/div>\n\t\t\t\t<\/div>\n\t\t\t\t<div class=\"elementor-element elementor-element-6e8653e elementor-grid-3 elementor-grid-tablet-2 elementor-grid-mobile-1 elementor-widget elementor-widget-loop-grid\" data-id=\"6e8653e\" data-element_type=\"widget\" data-e-type=\"widget\" data-settings=\"{&quot;template_id&quot;:5168,&quot;row_gap&quot;:{&quot;unit&quot;:&quot;px&quot;,&quot;size&quot;:10,&quot;sizes&quot;:[]},&quot;_skin&quot;:&quot;post&quot;,&quot;columns&quot;:&quot;3&quot;,&quot;columns_tablet&quot;:&quot;2&quot;,&quot;columns_mobile&quot;:&quot;1&quot;,&quot;edit_handle_selector&quot;:&quot;[data-elementor-type=\\&quot;loop-item\\&quot;]&quot;,&quot;row_gap_tablet&quot;:{&quot;unit&quot;:&quot;px&quot;,&quot;size&quot;:&quot;&quot;,&quot;sizes&quot;:[]},&quot;row_gap_mobile&quot;:{&quot;unit&quot;:&quot;px&quot;,&quot;size&quot;:&quot;&quot;,&quot;sizes&quot;:[]}}\" data-widget_type=\"loop-grid.post\">\n\t\t\t\t<div class=\"elementor-widget-container\">\n\t\t\t\t\t\t\t<div class=\"e-loop-nothing-found-message\">\n\t\t<\/div>\n\t\t\t\t\t\t<\/div>\n\t\t\t\t<\/div>\n\t\t\t\t<div class=\"elementor-element elementor-element-5f2f0fa4 elementor-widget elementor-widget-spacer\" data-id=\"5f2f0fa4\" data-element_type=\"widget\" data-e-type=\"widget\" data-widget_type=\"spacer.default\">\n\t\t\t\t<div class=\"elementor-widget-container\">\n\t\t\t\t\t\t\t<div class=\"elementor-spacer\">\n\t\t\t<div class=\"elementor-spacer-inner\"><\/div>\n\t\t<\/div>\n\t\t\t\t\t\t<\/div>\n\t\t\t\t<\/div>\n\t\t\t\t\t<\/div>\n\t\t<\/div>\n\t\t\t\t\t<\/div>\n\t\t<\/section>\n\t\t\t\t<\/div>\n\t\t","protected":false},"excerpt":{"rendered":"<p>OFERTE PENTRU VACAN\u021aA PERFECT\u0102 \u00ceN RIMINI: VARA ACEASTA AI O MARE DE OPORTUNIT\u0102\u021aI! Descoperi\u021bi toate promo\u021biile Bed and Breakfast cu vedere la plaja din Torre Pedrera Ce \u00eenseamn\u0103\u00a0\u201evacan\u021b\u0103 de neuitat\u201d\u00a0 pentru tine? Pentru noi, o vacan\u021b\u0103 care r\u0103m\u00e2ne gravat\u0103 \u00een amintirile tale este f\u0103cut\u0103 din simplitate, f\u0103r\u0103 griji \u0219i comoditate. Apropo de buget \u2026 dac\u0103 [&hellip;]<\/p>\n","protected":false},"author":1,"featured_media":0,"parent":0,"menu_order":0,"comment_status":"closed","ping_status":"closed","template":"","meta":{"_acf_changed":false,"footnotes":""},"class_list":["post-3566","page","type-page","status-publish","hentry"],"acf":[],"_links":{"self":[{"href":"https:\/\/www.hotelmilanese.it\/ro\/wp-json\/wp\/v2\/pages\/3566","targetHints":{"allow":["GET"]}}],"collection":[{"href":"https:\/\/www.hotelmilanese.it\/ro\/wp-json\/wp\/v2\/pages"}],"about":[{"href":"https:\/\/www.hotelmilanese.it\/ro\/wp-json\/wp\/v2\/types\/page"}],"author":[{"embeddable":true,"href":"https:\/\/www.hotelmilanese.it\/ro\/wp-json\/wp\/v2\/users\/1"}],"replies":[{"embeddable":true,"href":"https:\/\/www.hotelmilanese.it\/ro\/wp-json\/wp\/v2\/comments?post=3566"}],"version-history":[{"count":3,"href":"https:\/\/www.hotelmilanese.it\/ro\/wp-json\/wp\/v2\/pages\/3566\/revisions"}],"predecessor-version":[{"id":5206,"href":"https:\/\/www.hotelmilanese.it\/ro\/wp-json\/wp\/v2\/pages\/3566\/revisions\/5206"}],"wp:attachment":[{"href":"https:\/\/www.hotelmilanese.it\/ro\/wp-json\/wp\/v2\/media?parent=3566"}],"curies":[{"name":"wp","href":"https:\/\/api.w.org\/{rel}","templated":true}]}}