{"id":3578,"date":"2022-11-25T11:21:04","date_gmt":"2022-11-25T11:21:04","guid":{"rendered":"https:\/\/www.hotelmilanese.it\/piscina\/"},"modified":"2022-12-29T15:56:04","modified_gmt":"2022-12-29T15:56:04","slug":"piscina","status":"publish","type":"page","link":"https:\/\/www.hotelmilanese.it\/ro\/piscina\/","title":{"rendered":"PISCIN\u0102"},"content":{"rendered":"\t\t<div data-elementor-type=\"wp-page\" data-elementor-id=\"3578\" class=\"elementor elementor-3578 elementor-247\" data-elementor-post-type=\"page\">\n\t\t\t\t\t\t<section class=\"elementor-section elementor-top-section elementor-element elementor-element-193edebc elementor-section-full_width elementor-section-height-default elementor-section-height-default\" data-id=\"193edebc\" data-element_type=\"section\" data-e-type=\"section\">\n\t\t\t\t\t\t<div class=\"elementor-container elementor-column-gap-no\">\n\t\t\t\t\t<div class=\"elementor-column elementor-col-100 elementor-top-column elementor-element elementor-element-3e977a78\" data-id=\"3e977a78\" data-element_type=\"column\" data-e-type=\"column\">\n\t\t\t<div class=\"elementor-widget-wrap elementor-element-populated\">\n\t\t\t\t\t\t<div class=\"elementor-element elementor-element-5778e038 elementor--h-position-right elementor--v-position-middle elementor-arrows-position-inside elementor-widget elementor-widget-slides\" data-id=\"5778e038\" data-element_type=\"widget\" data-e-type=\"widget\" data-settings=\"{&quot;navigation&quot;:&quot;arrows&quot;,&quot;autoplay&quot;:&quot;yes&quot;,&quot;pause_on_hover&quot;:&quot;yes&quot;,&quot;pause_on_interaction&quot;:&quot;yes&quot;,&quot;autoplay_speed&quot;:5000,&quot;infinite&quot;:&quot;yes&quot;,&quot;transition&quot;:&quot;slide&quot;,&quot;transition_speed&quot;:500}\" data-widget_type=\"slides.default\">\n\t\t\t\t<div class=\"elementor-widget-container\">\n\t\t\t\t\t\t\t\t\t<div class=\"elementor-swiper\">\n\t\t\t\t\t<div class=\"elementor-slides-wrapper elementor-main-swiper swiper\" role=\"region\" aria-roledescription=\"carousel\" aria-label=\"Slides\" dir=\"ltr\" data-animation=\"fadeInUp\">\n\t\t\t\t<div class=\"swiper-wrapper elementor-slides\">\n\t\t\t\t\t\t\t\t\t\t<div class=\"elementor-repeater-item-b595367 swiper-slide\" role=\"group\" aria-roledescription=\"slide\"><div class=\"swiper-slide-bg\" role=\"img\" aria-label=\"Piscina-cascate-cervicali-idromassagio-Hotel-Montmartre-Milanese-Torre-Pedrera\"><\/div><div class=\"swiper-slide-inner\" ><div class=\"swiper-slide-contents\"><\/div><\/div><\/div><div class=\"elementor-repeater-item-a18064a swiper-slide\" role=\"group\" aria-roledescription=\"slide\"><div class=\"swiper-slide-bg\" role=\"img\" aria-label=\"Piscina-idromassaggio-solarium-Hotel-Montmartre-Milanese-Torre-Pedrera\"><\/div><div class=\"swiper-slide-inner\" ><div class=\"swiper-slide-contents\"><\/div><\/div><\/div><div class=\"elementor-repeater-item-33832c4 swiper-slide\" role=\"group\" aria-roledescription=\"slide\"><div class=\"swiper-slide-bg\" role=\"img\" aria-label=\"Piscina-idromassagio-Hotel-Montmartre-Milanese-Torre-Pedrera\"><\/div><div class=\"swiper-slide-inner\" ><div class=\"swiper-slide-contents\"><\/div><\/div><\/div>\t\t\t\t<\/div>\n\t\t\t\t\t\t\t\t\t\t\t\t\t\t\t<div class=\"elementor-swiper-button elementor-swiper-button-prev\" role=\"button\" tabindex=\"0\" aria-label=\"Previous slide\">\n\t\t\t\t\t\t\t<i aria-hidden=\"true\" class=\"eicon-chevron-left\"><\/i>\t\t\t\t\t\t<\/div>\n\t\t\t\t\t\t<div class=\"elementor-swiper-button elementor-swiper-button-next\" role=\"button\" tabindex=\"0\" aria-label=\"Next slide\">\n\t\t\t\t\t\t\t<i aria-hidden=\"true\" class=\"eicon-chevron-right\"><\/i>\t\t\t\t\t\t<\/div>\n\t\t\t\t\t\t\t\t\t\t\t\t\t\t\t\t\t<\/div>\n\t\t\t\t<\/div>\n\t\t\t\t\t\t\t\t<\/div>\n\t\t\t\t<\/div>\n\t\t\t\t\t<\/div>\n\t\t<\/div>\n\t\t\t\t\t<\/div>\n\t\t<\/section>\n\t\t\t\t<section class=\"elementor-section elementor-top-section elementor-element elementor-element-6a999017 elementor-section-boxed elementor-section-height-default elementor-section-height-default\" data-id=\"6a999017\" data-element_type=\"section\" data-e-type=\"section\">\n\t\t\t\t\t\t<div class=\"elementor-container elementor-column-gap-default\">\n\t\t\t\t\t<div class=\"elementor-column elementor-col-100 elementor-top-column elementor-element elementor-element-626b865\" data-id=\"626b865\" data-element_type=\"column\" data-e-type=\"column\">\n\t\t\t<div class=\"elementor-widget-wrap elementor-element-populated\">\n\t\t\t\t\t\t<div class=\"elementor-element elementor-element-13b8563e elementor-widget elementor-widget-heading\" data-id=\"13b8563e\" data-element_type=\"widget\" data-e-type=\"widget\" data-widget_type=\"heading.default\">\n\t\t\t\t<div class=\"elementor-widget-container\">\n\t\t\t\t\t<h1 class=\"elementor-heading-title elementor-size-default\">ACCESA\u021aI PISCINA HOTELULUI HOTEL MONTMARTRE ORIC\u00c2ND DORI\u021aI, PARADISUL DVS. LA DOAR O ARUNC\u0102TUR\u0102 DE B\u0102\u021a<\/h1>\t\t\t\t<\/div>\n\t\t\t\t<\/div>\n\t\t\t\t<div class=\"elementor-element elementor-element-70607537 elementor-widget elementor-widget-heading\" data-id=\"70607537\" data-element_type=\"widget\" data-e-type=\"widget\" data-widget_type=\"heading.default\">\n\t\t\t\t<div class=\"elementor-widget-container\">\n\t\t\t\t\t<h2 class=\"elementor-heading-title elementor-size-default\">Ampl\u0103, \u00eensorit\u0103 \u0219i zon\u0103 de relax bine \u00eentre\u021binut\u0103, dotat\u0103 cu bar\n<\/h2>\t\t\t\t<\/div>\n\t\t\t\t<\/div>\n\t\t\t\t<div class=\"elementor-element elementor-element-4e26b326 elementor-widget elementor-widget-text-editor\" data-id=\"4e26b326\" data-element_type=\"widget\" data-e-type=\"widget\" data-widget_type=\"text-editor.default\">\n\t\t\t\t<div class=\"elementor-widget-container\">\n\t\t\t\t\t\t\t\t\t<p><em>\u00centotdeauna ne-am \u00eentrebat cum s\u0103 combin\u0103m confortul \u0219i serviciile de \u00eenalt\u0103 calitate pentru vacan\u021ba dvs\u2026 <\/em><\/p>\n<p>A\u0219a s-a n\u0103scut leg\u0103tura <strong>dintre Hotel Milanese \u0219i Hotel Montmartre<\/strong>. Chiar \u00een fa\u021ba ta, doar c\u00e2teva secunde te despart de cel mai bun confort, pus la dispozi\u021bia ta.<\/p>\n<p><strong>Piscina Montmartre este o adev\u0103rat\u0103 pl\u0103cere pentru toate sim\u021burile<\/strong>: este solu\u021bia ideal\u0103 pentru acele zile \u00een care plaja este prea aglomerat\u0103 \u0219i dori\u021bi s\u0103 v\u0103 relaxa\u021bi \u00een lini\u0219te. O pute\u021bi accesa atunci c\u00e2nd prefera\u021bi direct de la intrarea din spate rezervat\u0103 oaspe\u021bilor, este vorba <strong>doar de 10 pa\u0219i<\/strong>. <\/p>\n<p>Este <strong>ampl\u0103 \u0219i clar\u0103<\/strong>, perfect\u0103 pentru o baie r\u0103coritoare sau o baie odihnitoare. Acest spa\u021biu este conceput \u0219i <strong>pentru cei care c\u0103l\u0103toresc cu familia, deoarece este foarte sigur \u0219i este \u00eentotdeauna supravegheat de salvamarii Filippo \u0219i Antonio<\/strong>. Totul \u00een jurul piscinei v\u0103 \u00eent\u00e2mpin\u0103 cu aten\u021bie la cele mai mici detalii. <strong>Pute\u021bi folosi \u00een mod liber jacuzzi \u0219i cele trei cascade<\/strong> pentru masaje relaxante. <\/p>\n<p>Pentru a finaliza experien\u021ba, <strong>sorbi\u021bi ceva r\u0103coros \u00een barul din col\u021b, \u00een aer liber<\/strong>. Este situat chiar <strong>\u00een fa\u021ba piscinei<\/strong> <em>(perfect pentru a \u021bine copiii sub control!)<\/em> \u0218i este disponibil pe tot parcursul zilei.  <em>C\u0103uta\u021bi o mic\u0103 oaz\u0103 de lini\u0219te pentru o pauz\u0103 de gustare sau un aperitiv? Sunte\u021bi \u00een locul potrivit. <\/em><\/p>\n\t\t\t\t\t\t\t\t<\/div>\n\t\t\t\t<\/div>\n\t\t\t\t<div class=\"elementor-element elementor-element-7a73599b elementor-pagination-position-outside elementor-widget elementor-widget-image-carousel\" data-id=\"7a73599b\" data-element_type=\"widget\" data-e-type=\"widget\" data-settings=\"{&quot;slides_to_show&quot;:&quot;3&quot;,&quot;slides_to_scroll&quot;:&quot;1&quot;,&quot;navigation&quot;:&quot;dots&quot;,&quot;image_spacing_custom&quot;:{&quot;unit&quot;:&quot;px&quot;,&quot;size&quot;:10,&quot;sizes&quot;:[]},&quot;autoplay&quot;:&quot;yes&quot;,&quot;pause_on_hover&quot;:&quot;yes&quot;,&quot;pause_on_interaction&quot;:&quot;yes&quot;,&quot;autoplay_speed&quot;:5000,&quot;infinite&quot;:&quot;yes&quot;,&quot;speed&quot;:500,&quot;image_spacing_custom_tablet&quot;:{&quot;unit&quot;:&quot;px&quot;,&quot;size&quot;:&quot;&quot;,&quot;sizes&quot;:[]},&quot;image_spacing_custom_mobile&quot;:{&quot;unit&quot;:&quot;px&quot;,&quot;size&quot;:&quot;&quot;,&quot;sizes&quot;:[]}}\" data-widget_type=\"image-carousel.default\">\n\t\t\t\t<div class=\"elementor-widget-container\">\n\t\t\t\t\t\t\t<div class=\"elementor-image-carousel-wrapper swiper\" role=\"region\" aria-roledescription=\"carousel\" aria-label=\"Carusel de imagini\" dir=\"ltr\">\n\t\t\t<div class=\"elementor-image-carousel swiper-wrapper\" aria-live=\"off\">\n\t\t\t\t\t\t\t\t<div class=\"swiper-slide\" role=\"group\" aria-roledescription=\"slide\" aria-label=\"1 din 6\"><a data-elementor-open-lightbox=\"yes\" data-elementor-lightbox-slideshow=\"7a73599b\" data-e-action-hash=\"#elementor-action%3Aaction%3Dlightbox%26settings%3DeyJpZCI6MzA3MCwidXJsIjoiaHR0cHM6XC9cL3d3dy5ob3RlbG1pbGFuZXNlLml0XC93cC1jb250ZW50XC91cGxvYWRzXC8yMDIyXC8xMVwvaG90ZWwtbWlsYW5lc2UtdG9ycmUtcGVkcmVyYS1waXNjaW5hLWdhbGxlcnktMi5qcGciLCJzbGlkZXNob3ciOiI3YTczNTk5YiJ9\" href=\"https:\/\/www.hotelmilanese.it\/wp-content\/uploads\/2022\/11\/hotel-milanese-torre-pedrera-piscina-gallery-2.jpg\"><figure class=\"swiper-slide-inner\"><img decoding=\"async\" class=\"swiper-slide-image\" src=\"https:\/\/www.hotelmilanese.it\/wp-content\/uploads\/2022\/11\/hotel-milanese-torre-pedrera-piscina-gallery-2-1024x768.jpg\" alt=\"hotel-milanese-torre-pedrera-piscina-gallery-2\" \/><\/figure><\/a><\/div><div class=\"swiper-slide\" role=\"group\" aria-roledescription=\"slide\" aria-label=\"2 din 6\"><a data-elementor-open-lightbox=\"yes\" data-elementor-lightbox-slideshow=\"7a73599b\" data-e-action-hash=\"#elementor-action%3Aaction%3Dlightbox%26settings%3DeyJpZCI6MTczOCwidXJsIjoiaHR0cHM6XC9cL3d3dy5ob3RlbG1pbGFuZXNlLml0XC93cC1jb250ZW50XC91cGxvYWRzXC8yMDIyXC8xMVwvaG90ZWwtbWlsYW5lc2UtdG9ycmUtcGVkcmVyYS1waXNjaW5hLWdhbGxlcnktMy5qcGciLCJzbGlkZXNob3ciOiI3YTczNTk5YiJ9\" href=\"https:\/\/www.hotelmilanese.it\/wp-content\/uploads\/2022\/11\/hotel-milanese-torre-pedrera-piscina-gallery-3.jpg\"><figure class=\"swiper-slide-inner\"><img decoding=\"async\" class=\"swiper-slide-image\" src=\"https:\/\/www.hotelmilanese.it\/wp-content\/uploads\/2022\/11\/hotel-milanese-torre-pedrera-piscina-gallery-3-1024x768.jpg\" alt=\"hotel-milanese-torre-pedrera-piscina-gallery-3\" \/><\/figure><\/a><\/div><div class=\"swiper-slide\" role=\"group\" aria-roledescription=\"slide\" aria-label=\"3 din 6\"><a data-elementor-open-lightbox=\"yes\" data-elementor-lightbox-slideshow=\"7a73599b\" data-e-action-hash=\"#elementor-action%3Aaction%3Dlightbox%26settings%3DeyJpZCI6MTcxNCwidXJsIjoiaHR0cHM6XC9cL3d3dy5ob3RlbG1pbGFuZXNlLml0XC93cC1jb250ZW50XC91cGxvYWRzXC8yMDIyXC8xMVwvaG90ZWwtbWlsYW5lc2UtdG9ycmUtcGVkcmVyYS1waXNjaW5hLWdhbGxlcnkuanBnIiwic2xpZGVzaG93IjoiN2E3MzU5OWIifQ%3D%3D\" href=\"https:\/\/www.hotelmilanese.it\/wp-content\/uploads\/2022\/11\/hotel-milanese-torre-pedrera-piscina-gallery.jpg\"><figure class=\"swiper-slide-inner\"><img decoding=\"async\" class=\"swiper-slide-image\" src=\"https:\/\/www.hotelmilanese.it\/wp-content\/uploads\/2022\/11\/hotel-milanese-torre-pedrera-piscina-gallery-1024x768.jpg\" alt=\"hotel-milanese-torre-pedrera-piscina-gallery\" \/><\/figure><\/a><\/div><div class=\"swiper-slide\" role=\"group\" aria-roledescription=\"slide\" aria-label=\"4 din 6\"><a data-elementor-open-lightbox=\"yes\" data-elementor-lightbox-slideshow=\"7a73599b\" data-e-action-hash=\"#elementor-action%3Aaction%3Dlightbox%26settings%3DeyJpZCI6MjkwOCwidXJsIjoiaHR0cHM6XC9cL3d3dy5ob3RlbG1pbGFuZXNlLml0XC93cC1jb250ZW50XC91cGxvYWRzXC8yMDIyXC8xMVwvcGlzY2luYS1ob3RlbC1tb250bWFydHJlLXRvcnJlLXBlZHJlcmEtNC5qcGciLCJzbGlkZXNob3ciOiI3YTczNTk5YiJ9\" href=\"https:\/\/www.hotelmilanese.it\/wp-content\/uploads\/2022\/11\/piscina-hotel-montmartre-torre-pedrera-4.jpg\"><figure class=\"swiper-slide-inner\"><img decoding=\"async\" class=\"swiper-slide-image\" src=\"https:\/\/www.hotelmilanese.it\/wp-content\/uploads\/2022\/11\/piscina-hotel-montmartre-torre-pedrera-4-1024x768.jpg\" alt=\"piscina-hotel-montmartre-torre-pedrera-4\" \/><\/figure><\/a><\/div><div class=\"swiper-slide\" role=\"group\" aria-roledescription=\"slide\" aria-label=\"5 din 6\"><a data-elementor-open-lightbox=\"yes\" data-elementor-lightbox-slideshow=\"7a73599b\" data-e-action-hash=\"#elementor-action%3Aaction%3Dlightbox%26settings%3DeyJpZCI6MTQ1NiwidXJsIjoiaHR0cHM6XC9cL3d3dy5ob3RlbG1pbGFuZXNlLml0XC93cC1jb250ZW50XC91cGxvYWRzXC8yMDIyXC8xMVwvcGlzY2luYS1ob3RlbC1tb250bWFydHJlLXRvcnJlLXBlZHJlcmEtMTAuanBnIiwic2xpZGVzaG93IjoiN2E3MzU5OWIifQ%3D%3D\" href=\"https:\/\/www.hotelmilanese.it\/wp-content\/uploads\/2022\/11\/piscina-hotel-montmartre-torre-pedrera-10.jpg\"><figure class=\"swiper-slide-inner\"><img decoding=\"async\" class=\"swiper-slide-image\" src=\"https:\/\/www.hotelmilanese.it\/wp-content\/uploads\/2022\/11\/piscina-hotel-montmartre-torre-pedrera-10-1024x768.jpg\" alt=\"piscina-hotel-montmartre-torre-pedrera-10\" \/><\/figure><\/a><\/div><div class=\"swiper-slide\" role=\"group\" aria-roledescription=\"slide\" aria-label=\"6 din 6\"><a data-elementor-open-lightbox=\"yes\" data-elementor-lightbox-slideshow=\"7a73599b\" data-e-action-hash=\"#elementor-action%3Aaction%3Dlightbox%26settings%3DeyJpZCI6MTk5MCwidXJsIjoiaHR0cHM6XC9cL3d3dy5ob3RlbG1pbGFuZXNlLml0XC93cC1jb250ZW50XC91cGxvYWRzXC8yMDIyXC8xMVwvMTk4NTU2NTE2LWUxNjY5NzIyNTE3NTY3LmpwZyIsInNsaWRlc2hvdyI6IjdhNzM1OTliIn0%3D\" href=\"https:\/\/www.hotelmilanese.it\/wp-content\/uploads\/2022\/11\/198556516-e1669722517567.jpg\"><figure class=\"swiper-slide-inner\"><img decoding=\"async\" class=\"swiper-slide-image\" src=\"https:\/\/www.hotelmilanese.it\/wp-content\/uploads\/2022\/11\/198556516-e1669722517567.jpg\" alt=\"198556516\" \/><\/figure><\/a><\/div>\t\t\t<\/div>\n\t\t\t\t\t\t\t\n\t\t\t\t\t\t\t\t\t<div class=\"swiper-pagination\"><\/div>\n\t\t\t\t\t\t\t\t\t<\/div>\n\t\t\t\t\t\t<\/div>\n\t\t\t\t<\/div>\n\t\t\t\t\t<\/div>\n\t\t<\/div>\n\t\t\t\t\t<\/div>\n\t\t<\/section>\n\t\t\t\t<\/div>\n\t\t","protected":false},"excerpt":{"rendered":"<p>Precedente Successivo ACCESA\u021aI PISCINA HOTELULUI HOTEL MONTMARTRE ORIC\u00c2ND DORI\u021aI, PARADISUL DVS. LA DOAR O ARUNC\u0102TUR\u0102 DE B\u0102\u021a Ampl\u0103, \u00eensorit\u0103 \u0219i zon\u0103 de relax bine \u00eentre\u021binut\u0103, dotat\u0103 cu bar \u00centotdeauna ne-am \u00eentrebat cum s\u0103 combin\u0103m confortul \u0219i serviciile de \u00eenalt\u0103 calitate pentru vacan\u021ba dvs\u2026 A\u0219a s-a n\u0103scut leg\u0103tura dintre Hotel Milanese \u0219i Hotel Montmartre. Chiar \u00een [&hellip;]<\/p>\n","protected":false},"author":1,"featured_media":0,"parent":0,"menu_order":0,"comment_status":"closed","ping_status":"closed","template":"","meta":{"_acf_changed":false,"footnotes":""},"class_list":["post-3578","page","type-page","status-publish","hentry"],"acf":[],"_links":{"self":[{"href":"https:\/\/www.hotelmilanese.it\/ro\/wp-json\/wp\/v2\/pages\/3578","targetHints":{"allow":["GET"]}}],"collection":[{"href":"https:\/\/www.hotelmilanese.it\/ro\/wp-json\/wp\/v2\/pages"}],"about":[{"href":"https:\/\/www.hotelmilanese.it\/ro\/wp-json\/wp\/v2\/types\/page"}],"author":[{"embeddable":true,"href":"https:\/\/www.hotelmilanese.it\/ro\/wp-json\/wp\/v2\/users\/1"}],"replies":[{"embeddable":true,"href":"https:\/\/www.hotelmilanese.it\/ro\/wp-json\/wp\/v2\/comments?post=3578"}],"version-history":[{"count":1,"href":"https:\/\/www.hotelmilanese.it\/ro\/wp-json\/wp\/v2\/pages\/3578\/revisions"}],"predecessor-version":[{"id":3579,"href":"https:\/\/www.hotelmilanese.it\/ro\/wp-json\/wp\/v2\/pages\/3578\/revisions\/3579"}],"wp:attachment":[{"href":"https:\/\/www.hotelmilanese.it\/ro\/wp-json\/wp\/v2\/media?parent=3578"}],"curies":[{"name":"wp","href":"https:\/\/api.w.org\/{rel}","templated":true}]}}