{"id":5344,"date":"2025-07-07T08:33:30","date_gmt":"2025-07-07T08:33:30","guid":{"rendered":"https:\/\/www.hotelmilanese.it\/declaratie-de-accesibilitate\/"},"modified":"2025-07-07T08:45:20","modified_gmt":"2025-07-07T08:45:20","slug":"declaratie-de-accesibilitate","status":"publish","type":"page","link":"https:\/\/www.hotelmilanese.it\/ro\/declaratie-de-accesibilitate\/","title":{"rendered":"Declara\u021bie de accesibilitate"},"content":{"rendered":"\t\t<div data-elementor-type=\"wp-page\" data-elementor-id=\"5344\" class=\"elementor elementor-5344 elementor-5325\" data-elementor-post-type=\"page\">\n\t\t\t\t<div class=\"elementor-element elementor-element-a0c149a e-flex e-con-boxed e-con e-parent\" data-id=\"a0c149a\" data-element_type=\"container\" data-e-type=\"container\">\n\t\t\t\t\t<div class=\"e-con-inner\">\n\t\t<div class=\"elementor-element elementor-element-82b6c49 e-con-full e-flex e-con e-child\" data-id=\"82b6c49\" data-element_type=\"container\" data-e-type=\"container\" data-settings=\"{&quot;background_background&quot;:&quot;classic&quot;}\">\n\t\t\t\t<div class=\"elementor-element elementor-element-4a4330d elementor-widget elementor-widget-heading\" data-id=\"4a4330d\" data-element_type=\"widget\" data-e-type=\"widget\" data-widget_type=\"heading.default\">\n\t\t\t\t<div class=\"elementor-widget-container\">\n\t\t\t\t\t<h1 class=\"elementor-heading-title elementor-size-default\">Declara\u021bie de accesibilitate<\/h1>\t\t\t\t<\/div>\n\t\t\t\t<\/div>\n\t\t<div class=\"elementor-element elementor-element-b99ce8e e-con-full e-flex e-con e-child\" data-id=\"b99ce8e\" data-element_type=\"container\" data-e-type=\"container\">\n\t\t<div class=\"elementor-element elementor-element-f9f1541 e-con-full e-flex e-con e-child\" data-id=\"f9f1541\" data-element_type=\"container\" data-e-type=\"container\">\n\t\t\t\t<div class=\"elementor-element elementor-element-2b15c4d elementor-widget elementor-widget-heading\" data-id=\"2b15c4d\" data-element_type=\"widget\" data-e-type=\"widget\" data-widget_type=\"heading.default\">\n\t\t\t\t<div class=\"elementor-widget-container\">\n\t\t\t\t\t<p class=\"elementor-heading-title elementor-size-default\">Hotel Milanese<\/p>\t\t\t\t<\/div>\n\t\t\t\t<\/div>\n\t\t\t\t<div class=\"elementor-element elementor-element-8648129 elementor-widget elementor-widget-heading\" data-id=\"8648129\" data-element_type=\"widget\" data-e-type=\"widget\" data-widget_type=\"heading.default\">\n\t\t\t\t<div class=\"elementor-widget-container\">\n\t\t\t\t\t<p class=\"elementor-heading-title elementor-size-default\"><a href=\"mailto:info@hotelmilanese.it\">info@hotelmilanese.it<\/a><\/p>\t\t\t\t<\/div>\n\t\t\t\t<\/div>\n\t\t\t\t<div class=\"elementor-element elementor-element-dacfaf7 elementor-widget elementor-widget-text-editor\" data-id=\"dacfaf7\" data-element_type=\"widget\" data-e-type=\"widget\" data-widget_type=\"text-editor.default\">\n\t\t\t\t<div class=\"elementor-widget-container\">\n\t\t\t\t\t\t\t\t\tRagione Sociale: Hotel Montmartre srl<br>\r\nSede Legale: Viale S. Salvador, 36 \u2013 47922 Torre Pedrera di Rimini (RN) \u2013 Italia<br>\r\nP.IVA e C.F.: 02481710404<br>\r\nN. Iscr. Reg. Imp.: 02481710404 di RImini<br>\r\nREA: RN \u2013 264522<br>\r\nCapitale Sociale: 30.000,00 i.v.<br>\r\nPEC: hotelmontmartre@legalmail.it<br>\r\nCIR Hotel Milanese: 099014-AL-00169<br>\r\nCIN:IT099014A1GJTGHEHF\t\t\t\t\t\t\t\t<\/div>\n\t\t\t\t<\/div>\n\t\t\t\t<\/div>\n\t\t\t\t<div class=\"elementor-element elementor-element-323cbed elementor-widget elementor-widget-heading\" data-id=\"323cbed\" data-element_type=\"widget\" data-e-type=\"widget\" data-widget_type=\"heading.default\">\n\t\t\t\t<div class=\"elementor-widget-container\">\n\t\t\t\t\t<p class=\"elementor-heading-title elementor-size-default\">Site-ul a fost publicat la data de <strong>29 noiembrie 2022<\/strong><\/p>\t\t\t\t<\/div>\n\t\t\t\t<\/div>\n\t\t\t\t<div class=\"elementor-element elementor-element-2135279 elementor-widget elementor-widget-heading\" data-id=\"2135279\" data-element_type=\"widget\" data-e-type=\"widget\" data-widget_type=\"heading.default\">\n\t\t\t\t<div class=\"elementor-widget-container\">\n\t\t\t\t\t<p class=\"elementor-heading-title elementor-size-default\">Site-ul a fost actualizat la data de <strong>9 iunie 2025<\/strong><\/p>\t\t\t\t<\/div>\n\t\t\t\t<\/div>\n\t\t\t\t<div class=\"elementor-element elementor-element-c7992ba elementor-widget elementor-widget-spacer\" data-id=\"c7992ba\" data-element_type=\"widget\" data-e-type=\"widget\" data-widget_type=\"spacer.default\">\n\t\t\t\t<div class=\"elementor-widget-container\">\n\t\t\t\t\t\t\t<div class=\"elementor-spacer\">\n\t\t\t<div class=\"elementor-spacer-inner\"><\/div>\n\t\t<\/div>\n\t\t\t\t\t\t<\/div>\n\t\t\t\t<\/div>\n\t\t\t\t<div class=\"elementor-element elementor-element-cf1cb45 elementor-widget elementor-widget-heading\" data-id=\"cf1cb45\" data-element_type=\"widget\" data-e-type=\"widget\" data-widget_type=\"heading.default\">\n\t\t\t\t<div class=\"elementor-widget-container\">\n\t\t\t\t\t<p class=\"elementor-heading-title elementor-size-default\">Conformitate<\/p>\t\t\t\t<\/div>\n\t\t\t\t<\/div>\n\t\t\t\t<div class=\"elementor-element elementor-element-d3f21fb elementor-widget elementor-widget-text-editor\" data-id=\"d3f21fb\" data-element_type=\"widget\" data-e-type=\"widget\" data-widget_type=\"text-editor.default\">\n\t\t\t\t<div class=\"elementor-widget-container\">\n\t\t\t\t\t\t\t\t\t<p>Acest site este par\u021bial conform cerin\u021belor din anexa A a standardului UNI\u202fCEI\u202fEN\u202f301\u202f549 (WCAG 2.1 nivel AA).<\/p>\n\t\t\t\t\t\t\t\t<\/div>\n\t\t\t\t<\/div>\n\t\t\t\t<div class=\"elementor-element elementor-element-695100e elementor-widget elementor-widget-heading\" data-id=\"695100e\" data-element_type=\"widget\" data-e-type=\"widget\" data-widget_type=\"heading.default\">\n\t\t\t\t<div class=\"elementor-widget-container\">\n\t\t\t\t\t<p class=\"elementor-heading-title elementor-size-default\">Con\u021binut inaccesibil<\/p>\t\t\t\t<\/div>\n\t\t\t\t<\/div>\n\t\t\t\t<div class=\"elementor-element elementor-element-cbfa46e elementor-widget elementor-widget-text-editor\" data-id=\"cbfa46e\" data-element_type=\"widget\" data-e-type=\"widget\" data-widget_type=\"text-editor.default\">\n\t\t\t\t<div class=\"elementor-widget-container\">\n\t\t\t\t\t\t\t\t\t<p>Con\u021binutul de mai jos nu este accesibil din urm\u0103toarele motive: <\/p>\n<ul> \u2003\u2003<\/p>\n<li>Imagini f\u0103r\u0103 text alternativ sau cu descrieri necorespunz\u0103toare<\/li>\n<p> \u2003\u2003<\/p>\n<li>Unele elemente nu respect\u0103 cerin\u021bele privind contrastul de culori<\/li>\n<p> \u2003\u2003<\/p>\n<li>Lipsa unor etichete semantice limiteaz\u0103 par\u021bial navigarea cu cititoare de ecran<\/li>\n<p> \u2003\u2003<\/p>\n<li>Video: lipsesc subtitr\u0103rile \u0219i transcrierile<\/li>\n<p> \u2003\u2003<\/p>\n<li>Lipsa sitemap-ului \u00een subsol<\/li>\n<p> \u2003\u2003<\/p>\n<li>Focalizarea nu este \u00eentotdeauna vizibil\u0103<\/li>\n<p> \u2003\u2003<\/p>\n<li>Lipsa breadcrumb-ului (fir de navigare)<\/li>\n<p> \u2003\u2003<\/p>\n<li>Fi\u0219ierele PDF nu sunt complet accesibile<\/li>\n<\/ul>\n<p> \u00cen ciuda eforturilor depuse de <strong>Hotel Milanese<\/strong>, pot exista \u0219i alte elemente neconforme care nu sunt men\u021bionate \u00een prezenta Declara\u021bie.<\/p>\n\t\t\t\t\t\t\t\t<\/div>\n\t\t\t\t<\/div>\n\t\t\t\t<div class=\"elementor-element elementor-element-7014e5a elementor-widget elementor-widget-heading\" data-id=\"7014e5a\" data-element_type=\"widget\" data-e-type=\"widget\" data-widget_type=\"heading.default\">\n\t\t\t\t<div class=\"elementor-widget-container\">\n\t\t\t\t\t<div class=\"elementor-heading-title elementor-size-default\">Declara\u021bie redactat\u0103 de<\/div>\t\t\t\t<\/div>\n\t\t\t\t<\/div>\n\t\t\t\t<div class=\"elementor-element elementor-element-3e9aff0 elementor-widget elementor-widget-text-editor\" data-id=\"3e9aff0\" data-element_type=\"widget\" data-e-type=\"widget\" data-widget_type=\"text-editor.default\">\n\t\t\t\t<div class=\"elementor-widget-container\">\n\t\t\t\t\t\t\t\t\t<p>Network Service Srl, pe baza unei evalu\u0103ri interne efectuate la data de 9 iunie 2025. Declara\u021bia a fost redactat\u0103 conform cerin\u021belor directivei (UE) 2016\/2102, pe baza unei autoevalu\u0103ri realizate de Network Service Srl cu ajutorul unor instrumente automate.<\/p>\n\t\t\t\t\t\t\t\t<\/div>\n\t\t\t\t<\/div>\n\t\t\t\t<div class=\"elementor-element elementor-element-1e8e28a elementor-widget elementor-widget-heading\" data-id=\"1e8e28a\" data-element_type=\"widget\" data-e-type=\"widget\" data-widget_type=\"heading.default\">\n\t\t\t\t<div class=\"elementor-widget-container\">\n\t\t\t\t\t<div class=\"elementor-heading-title elementor-size-default\">Modalit\u0103\u021bi de transmitere a sesiz\u0103rilor<\/div>\t\t\t\t<\/div>\n\t\t\t\t<\/div>\n\t\t\t\t<div class=\"elementor-element elementor-element-ec36ff9 elementor-widget elementor-widget-text-editor\" data-id=\"ec36ff9\" data-element_type=\"widget\" data-e-type=\"widget\" data-widget_type=\"text-editor.default\">\n\t\t\t\t<div class=\"elementor-widget-container\">\n\t\t\t\t\t\t\t\t\t<p>Po\u021bi semnala orice problem\u0103 la: Email: <span style=\"text-decoration: underline;\"><a href=\"mailto:accessibilita@network-service.it\">accessibilita@network-service.it<\/a><\/span><a><\/a> Vom r\u0103spunde \u00een termen de 30 de zile lucr\u0103toare.<\/p>\n\t\t\t\t\t\t\t\t<\/div>\n\t\t\t\t<\/div>\n\t\t\t\t<div class=\"elementor-element elementor-element-7b4b0b1 elementor-widget elementor-widget-heading\" data-id=\"7b4b0b1\" data-element_type=\"widget\" data-e-type=\"widget\" data-widget_type=\"heading.default\">\n\t\t\t\t<div class=\"elementor-widget-container\">\n\t\t\t\t\t<div class=\"elementor-heading-title elementor-size-default\">Sesiz\u0103ri c\u0103tre AgID<\/div>\t\t\t\t<\/div>\n\t\t\t\t<\/div>\n\t\t\t\t<div class=\"elementor-element elementor-element-7f9389d elementor-widget elementor-widget-text-editor\" data-id=\"7f9389d\" data-element_type=\"widget\" data-e-type=\"widget\" data-widget_type=\"text-editor.default\">\n\t\t\t\t<div class=\"elementor-widget-container\">\n\t\t\t\t\t\t\t\t\t<p>Dac\u0103 r\u0103spunsul nu este satisf\u0103c\u0103tor, po\u021bi trimite o sesizare c\u0103tre AgID la: protocollo@pec.agid.gov.it.<\/p>\n\t\t\t\t\t\t\t\t<\/div>\n\t\t\t\t<\/div>\n\t\t\t\t<\/div>\n\t\t\t\t<\/div>\n\t\t\t\t\t<\/div>\n\t\t\t\t<\/div>\n\t\t\t\t<\/div>\n\t\t","protected":false},"excerpt":{"rendered":"<p>Declara\u021bie de accesibilitate Site-ul a fost publicat la data de Site-ul a fost actualizat la data de Conformitate Acest site este par\u021bial conform cerin\u021belor din anexa A a standardului UNI\u202fCEI\u202fEN\u202f301\u202f549 (WCAG 2.1 nivel AA). Con\u021binut inaccesibil Con\u021binutul de mai jos nu este accesibil din urm\u0103toarele motive: \u2003\u2003 Imagini f\u0103r\u0103 text alternativ sau cu descrieri necorespunz\u0103toare [&hellip;]<\/p>\n","protected":false},"author":1,"featured_media":0,"parent":0,"menu_order":0,"comment_status":"closed","ping_status":"closed","template":"elementor_canvas","meta":{"_acf_changed":false,"footnotes":""},"class_list":["post-5344","page","type-page","status-publish","hentry"],"acf":[],"_links":{"self":[{"href":"https:\/\/www.hotelmilanese.it\/ro\/wp-json\/wp\/v2\/pages\/5344","targetHints":{"allow":["GET"]}}],"collection":[{"href":"https:\/\/www.hotelmilanese.it\/ro\/wp-json\/wp\/v2\/pages"}],"about":[{"href":"https:\/\/www.hotelmilanese.it\/ro\/wp-json\/wp\/v2\/types\/page"}],"author":[{"embeddable":true,"href":"https:\/\/www.hotelmilanese.it\/ro\/wp-json\/wp\/v2\/users\/1"}],"replies":[{"embeddable":true,"href":"https:\/\/www.hotelmilanese.it\/ro\/wp-json\/wp\/v2\/comments?post=5344"}],"version-history":[{"count":1,"href":"https:\/\/www.hotelmilanese.it\/ro\/wp-json\/wp\/v2\/pages\/5344\/revisions"}],"predecessor-version":[{"id":5345,"href":"https:\/\/www.hotelmilanese.it\/ro\/wp-json\/wp\/v2\/pages\/5344\/revisions\/5345"}],"wp:attachment":[{"href":"https:\/\/www.hotelmilanese.it\/ro\/wp-json\/wp\/v2\/media?parent=5344"}],"curies":[{"name":"wp","href":"https:\/\/api.w.org\/{rel}","templated":true}]}}