{"id":5346,"date":"2025-07-07T08:33:30","date_gmt":"2025-07-07T08:33:30","guid":{"rendered":"https:\/\/www.hotelmilanese.it\/%d0%b7%d0%b0%d1%8f%d0%b2%d0%bb%d0%b5%d0%bd%d0%b8%d0%b5-%d0%be-%d0%b4%d0%be%d1%81%d1%82%d1%83%d0%bf%d0%bd%d0%be%d1%81%d1%82%d0%b8\/"},"modified":"2025-07-07T08:48:40","modified_gmt":"2025-07-07T08:48:40","slug":"%d0%b7%d0%b0%d1%8f%d0%b2%d0%bb%d0%b5%d0%bd%d0%b8%d0%b5-%d0%be-%d0%b4%d0%be%d1%81%d1%82%d1%83%d0%bf%d0%bd%d0%be%d1%81%d1%82%d0%b8","status":"publish","type":"page","link":"https:\/\/www.hotelmilanese.it\/ru\/%d0%b7%d0%b0%d1%8f%d0%b2%d0%bb%d0%b5%d0%bd%d0%b8%d0%b5-%d0%be-%d0%b4%d0%be%d1%81%d1%82%d1%83%d0%bf%d0%bd%d0%be%d1%81%d1%82%d0%b8\/","title":{"rendered":"\u0417\u0430\u044f\u0432\u043b\u0435\u043d\u0438\u0435 \u043e \u0434\u043e\u0441\u0442\u0443\u043f\u043d\u043e\u0441\u0442\u0438"},"content":{"rendered":"\t\t<div data-elementor-type=\"wp-page\" data-elementor-id=\"5346\" class=\"elementor elementor-5346 elementor-5325\" data-elementor-post-type=\"page\">\n\t\t\t\t<div class=\"elementor-element elementor-element-a0c149a e-flex e-con-boxed e-con e-parent\" data-id=\"a0c149a\" data-element_type=\"container\" data-e-type=\"container\">\n\t\t\t\t\t<div class=\"e-con-inner\">\n\t\t<div class=\"elementor-element elementor-element-82b6c49 e-con-full e-flex e-con e-child\" data-id=\"82b6c49\" data-element_type=\"container\" data-e-type=\"container\" data-settings=\"{&quot;background_background&quot;:&quot;classic&quot;}\">\n\t\t\t\t<div class=\"elementor-element elementor-element-4a4330d elementor-widget elementor-widget-heading\" data-id=\"4a4330d\" data-element_type=\"widget\" data-e-type=\"widget\" data-widget_type=\"heading.default\">\n\t\t\t\t<div class=\"elementor-widget-container\">\n\t\t\t\t\t<h1 class=\"elementor-heading-title elementor-size-default\">\u0417\u0430\u044f\u0432\u043b\u0435\u043d\u0438\u0435 \u043e \u0434\u043e\u0441\u0442\u0443\u043f\u043d\u043e\u0441\u0442\u0438<\/h1>\t\t\t\t<\/div>\n\t\t\t\t<\/div>\n\t\t<div class=\"elementor-element elementor-element-b99ce8e e-con-full e-flex e-con e-child\" data-id=\"b99ce8e\" data-element_type=\"container\" data-e-type=\"container\">\n\t\t<div class=\"elementor-element elementor-element-f9f1541 e-con-full e-flex e-con e-child\" data-id=\"f9f1541\" data-element_type=\"container\" data-e-type=\"container\">\n\t\t\t\t<div class=\"elementor-element elementor-element-2b15c4d elementor-widget elementor-widget-heading\" data-id=\"2b15c4d\" data-element_type=\"widget\" data-e-type=\"widget\" data-widget_type=\"heading.default\">\n\t\t\t\t<div class=\"elementor-widget-container\">\n\t\t\t\t\t<p class=\"elementor-heading-title elementor-size-default\">Hotel Milanese<\/p>\t\t\t\t<\/div>\n\t\t\t\t<\/div>\n\t\t\t\t<div class=\"elementor-element elementor-element-8648129 elementor-widget elementor-widget-heading\" data-id=\"8648129\" data-element_type=\"widget\" data-e-type=\"widget\" data-widget_type=\"heading.default\">\n\t\t\t\t<div class=\"elementor-widget-container\">\n\t\t\t\t\t<p class=\"elementor-heading-title elementor-size-default\"><a href=\"mailto:info@hotelmilanese.it\">info@hotelmilanese.it<\/a><\/p>\t\t\t\t<\/div>\n\t\t\t\t<\/div>\n\t\t\t\t<div class=\"elementor-element elementor-element-dacfaf7 elementor-widget elementor-widget-text-editor\" data-id=\"dacfaf7\" data-element_type=\"widget\" data-e-type=\"widget\" data-widget_type=\"text-editor.default\">\n\t\t\t\t<div class=\"elementor-widget-container\">\n\t\t\t\t\t\t\t\t\tRagione Sociale: Hotel Montmartre srl<br>\r\nSede Legale: Viale S. Salvador, 36 \u2013 47922 Torre Pedrera di Rimini (RN) \u2013 Italia<br>\r\nP.IVA e C.F.: 02481710404<br>\r\nN. Iscr. Reg. Imp.: 02481710404 di RImini<br>\r\nREA: RN \u2013 264522<br>\r\nCapitale Sociale: 30.000,00 i.v.<br>\r\nPEC: hotelmontmartre@legalmail.it<br>\r\nCIR Hotel Milanese: 099014-AL-00169<br>\r\nCIN:IT099014A1GJTGHEHF\t\t\t\t\t\t\t\t<\/div>\n\t\t\t\t<\/div>\n\t\t\t\t<\/div>\n\t\t\t\t<div class=\"elementor-element elementor-element-323cbed elementor-widget elementor-widget-heading\" data-id=\"323cbed\" data-element_type=\"widget\" data-e-type=\"widget\" data-widget_type=\"heading.default\">\n\t\t\t\t<div class=\"elementor-widget-container\">\n\t\t\t\t\t<p class=\"elementor-heading-title elementor-size-default\">\u0421\u0430\u0439\u0442 \u0431\u044b\u043b \u043e\u043f\u0443\u0431\u043b\u0438\u043a\u043e\u0432\u0430\u043d <strong>29 \u043d\u043e\u044f\u0431\u0440\u044f 2022<\/strong><\/p>\t\t\t\t<\/div>\n\t\t\t\t<\/div>\n\t\t\t\t<div class=\"elementor-element elementor-element-2135279 elementor-widget elementor-widget-heading\" data-id=\"2135279\" data-element_type=\"widget\" data-e-type=\"widget\" data-widget_type=\"heading.default\">\n\t\t\t\t<div class=\"elementor-widget-container\">\n\t\t\t\t\t<p class=\"elementor-heading-title elementor-size-default\">\u0421\u0430\u0439\u0442 \u0431\u044b\u043b \u043e\u0431\u043d\u043e\u0432\u043b\u0451\u043d <strong>9 \u0438\u044e\u043d\u044f 2025<\/strong><\/p>\t\t\t\t<\/div>\n\t\t\t\t<\/div>\n\t\t\t\t<div class=\"elementor-element elementor-element-c7992ba elementor-widget elementor-widget-spacer\" data-id=\"c7992ba\" data-element_type=\"widget\" data-e-type=\"widget\" data-widget_type=\"spacer.default\">\n\t\t\t\t<div class=\"elementor-widget-container\">\n\t\t\t\t\t\t\t<div class=\"elementor-spacer\">\n\t\t\t<div class=\"elementor-spacer-inner\"><\/div>\n\t\t<\/div>\n\t\t\t\t\t\t<\/div>\n\t\t\t\t<\/div>\n\t\t\t\t<div class=\"elementor-element elementor-element-cf1cb45 elementor-widget elementor-widget-heading\" data-id=\"cf1cb45\" data-element_type=\"widget\" data-e-type=\"widget\" data-widget_type=\"heading.default\">\n\t\t\t\t<div class=\"elementor-widget-container\">\n\t\t\t\t\t<p class=\"elementor-heading-title elementor-size-default\">\u0421\u043e\u043e\u0442\u0432\u0435\u0442\u0441\u0442\u0432\u0438\u0435<\/p>\t\t\t\t<\/div>\n\t\t\t\t<\/div>\n\t\t\t\t<div class=\"elementor-element elementor-element-d3f21fb elementor-widget elementor-widget-text-editor\" data-id=\"d3f21fb\" data-element_type=\"widget\" data-e-type=\"widget\" data-widget_type=\"text-editor.default\">\n\t\t\t\t<div class=\"elementor-widget-container\">\n\t\t\t\t\t\t\t\t\t<p>\u042d\u0442\u043e\u0442 \u0441\u0430\u0439\u0442 \u0447\u0430\u0441\u0442\u0438\u0447\u043d\u043e \u0441\u043e\u043e\u0442\u0432\u0435\u0442\u0441\u0442\u0432\u0443\u0435\u0442 \u0442\u0440\u0435\u0431\u043e\u0432\u0430\u043d\u0438\u044f\u043c \u043f\u0440\u0438\u043b\u043e\u0436\u0435\u043d\u0438\u044f A \u0441\u0442\u0430\u043d\u0434\u0430\u0440\u0442\u0430 UNI\u202fCEI\u202fEN\u202f301\u202f549 (WCAG 2.1 \u0443\u0440\u043e\u0432\u0435\u043d\u044c AA).<\/p>\n\t\t\t\t\t\t\t\t<\/div>\n\t\t\t\t<\/div>\n\t\t\t\t<div class=\"elementor-element elementor-element-695100e elementor-widget elementor-widget-heading\" data-id=\"695100e\" data-element_type=\"widget\" data-e-type=\"widget\" data-widget_type=\"heading.default\">\n\t\t\t\t<div class=\"elementor-widget-container\">\n\t\t\t\t\t<p class=\"elementor-heading-title elementor-size-default\">\u041d\u0435\u0434\u043e\u0441\u0442\u0443\u043f\u043d\u044b\u0439 \u043a\u043e\u043d\u0442\u0435\u043d\u0442<\/p>\t\t\t\t<\/div>\n\t\t\t\t<\/div>\n\t\t\t\t<div class=\"elementor-element elementor-element-cbfa46e elementor-widget elementor-widget-text-editor\" data-id=\"cbfa46e\" data-element_type=\"widget\" data-e-type=\"widget\" data-widget_type=\"text-editor.default\">\n\t\t\t\t<div class=\"elementor-widget-container\">\n\t\t\t\t\t\t\t\t\t<p>Poni\u017csze tre\u015bci s\u0105 niedost\u0119pne z nast\u0119puj\u0105cych powod\u00f3w: <\/p>\n<ul> \u2003\u2003<\/p>\n<li>Obrazy bez tekstu alternatywnego lub z nieodpowiednim opisem<\/li>\n<p> \u2003\u2003<\/p>\n<li>Niekt\u00f3re elementy nie spe\u0142niaj\u0105 wymaga\u0144 dotycz\u0105cych kontrastu kolor\u00f3w<\/li>\n<p> \u2003\u2003<\/p>\n<li>Brak niekt\u00f3rych znacznik\u00f3w semantycznych cz\u0119\u015bciowo utrudnia nawigacj\u0119 za pomoc\u0105 czytnik\u00f3w ekranu<\/li>\n<p> \u2003\u2003<\/p>\n<li>Filmy: brak napis\u00f3w i transkrypcji<\/li>\n<p> \u2003\u2003<\/p>\n<li>Brak mapy strony w stopce<\/li>\n<p> \u2003\u2003<\/p>\n<li>Brak wyra\u017anego zaznaczenia element\u00f3w w fokusie<\/li>\n<p> \u2003\u2003<\/p>\n<li>Brak nawigacji breadcrumb<\/li>\n<p> \u2003\u2003<\/p>\n<li>Pliki PDF nie s\u0105 w pe\u0142ni dost\u0119pne<\/li>\n<\/ul>\n<p> Pomimo stara\u0144 <strong>Hotel Milanese<\/strong>, mog\u0105 wyst\u0119powa\u0107 inne niezgodno\u015bci, kt\u00f3re nie zosta\u0142y uj\u0119te w niniejszej Deklaracji.<\/p>\n\t\t\t\t\t\t\t\t<\/div>\n\t\t\t\t<\/div>\n\t\t\t\t<div class=\"elementor-element elementor-element-7014e5a elementor-widget elementor-widget-heading\" data-id=\"7014e5a\" data-element_type=\"widget\" data-e-type=\"widget\" data-widget_type=\"heading.default\">\n\t\t\t\t<div class=\"elementor-widget-container\">\n\t\t\t\t\t<div class=\"elementor-heading-title elementor-size-default\">Declara\u021bie redactat\u0103 de<\/div>\t\t\t\t<\/div>\n\t\t\t\t<\/div>\n\t\t\t\t<div class=\"elementor-element elementor-element-3e9aff0 elementor-widget elementor-widget-text-editor\" data-id=\"3e9aff0\" data-element_type=\"widget\" data-e-type=\"widget\" data-widget_type=\"text-editor.default\">\n\t\t\t\t<div class=\"elementor-widget-container\">\n\t\t\t\t\t\t\t\t\t<p>Network Service Srl, pe baza unei evalu\u0103ri interne efectuate la data de 9 \u0438\u044e\u043d\u044f 2025. Declara\u021bia a fost redactat\u0103 conform cerin\u021belor directivei (UE) 2016\/2102, pe baza unei autoevalu\u0103ri realizate de Network Service Srl cu ajutorul unor instrumente automate.<\/p>\n\t\t\t\t\t\t\t\t<\/div>\n\t\t\t\t<\/div>\n\t\t\t\t<div class=\"elementor-element elementor-element-1e8e28a elementor-widget elementor-widget-heading\" data-id=\"1e8e28a\" data-element_type=\"widget\" data-e-type=\"widget\" data-widget_type=\"heading.default\">\n\t\t\t\t<div class=\"elementor-widget-container\">\n\t\t\t\t\t<div class=\"elementor-heading-title elementor-size-default\">Modalit\u0103\u021bi de transmitere a sesiz\u0103rilor<\/div>\t\t\t\t<\/div>\n\t\t\t\t<\/div>\n\t\t\t\t<div class=\"elementor-element elementor-element-ec36ff9 elementor-widget elementor-widget-text-editor\" data-id=\"ec36ff9\" data-element_type=\"widget\" data-e-type=\"widget\" data-widget_type=\"text-editor.default\">\n\t\t\t\t<div class=\"elementor-widget-container\">\n\t\t\t\t\t\t\t\t\t<p>Po\u021bi semnala orice problem\u0103 la: Email: <span style=\"text-decoration: underline;\"><a href=\"mailto:accessibilita@network-service.it\">accessibilita@network-service.it<\/a><\/span><a><\/a> Vom r\u0103spunde \u00een termen de 30 de zile lucr\u0103toare.<\/p>\n\t\t\t\t\t\t\t\t<\/div>\n\t\t\t\t<\/div>\n\t\t\t\t<div class=\"elementor-element elementor-element-7b4b0b1 elementor-widget elementor-widget-heading\" data-id=\"7b4b0b1\" data-element_type=\"widget\" data-e-type=\"widget\" data-widget_type=\"heading.default\">\n\t\t\t\t<div class=\"elementor-widget-container\">\n\t\t\t\t\t<div class=\"elementor-heading-title elementor-size-default\">Sesiz\u0103ri c\u0103tre AgID<\/div>\t\t\t\t<\/div>\n\t\t\t\t<\/div>\n\t\t\t\t<div class=\"elementor-element elementor-element-7f9389d elementor-widget elementor-widget-text-editor\" data-id=\"7f9389d\" data-element_type=\"widget\" data-e-type=\"widget\" data-widget_type=\"text-editor.default\">\n\t\t\t\t<div class=\"elementor-widget-container\">\n\t\t\t\t\t\t\t\t\t<p>Dac\u0103 r\u0103spunsul nu este satisf\u0103c\u0103tor, po\u021bi trimite o sesizare c\u0103tre AgID la: protocollo@pec.agid.gov.it.<\/p>\n\t\t\t\t\t\t\t\t<\/div>\n\t\t\t\t<\/div>\n\t\t\t\t<\/div>\n\t\t\t\t<\/div>\n\t\t\t\t\t<\/div>\n\t\t\t\t<\/div>\n\t\t\t\t<\/div>\n\t\t","protected":false},"excerpt":{"rendered":"<p>\u0417\u0430\u044f\u0432\u043b\u0435\u043d\u0438\u0435 \u043e \u0434\u043e\u0441\u0442\u0443\u043f\u043d\u043e\u0441\u0442\u0438 \u0421\u0430\u0439\u0442 \u0431\u044b\u043b \u043e\u043f\u0443\u0431\u043b\u0438\u043a\u043e\u0432\u0430\u043d \u0421\u0430\u0439\u0442 \u0431\u044b\u043b \u043e\u0431\u043d\u043e\u0432\u043b\u0451\u043d \u0421\u043e\u043e\u0442\u0432\u0435\u0442\u0441\u0442\u0432\u0438\u0435 \u042d\u0442\u043e\u0442 \u0441\u0430\u0439\u0442 \u0447\u0430\u0441\u0442\u0438\u0447\u043d\u043e \u0441\u043e\u043e\u0442\u0432\u0435\u0442\u0441\u0442\u0432\u0443\u0435\u0442 \u0442\u0440\u0435\u0431\u043e\u0432\u0430\u043d\u0438\u044f\u043c \u043f\u0440\u0438\u043b\u043e\u0436\u0435\u043d\u0438\u044f A \u0441\u0442\u0430\u043d\u0434\u0430\u0440\u0442\u0430 UNI\u202fCEI\u202fEN\u202f301\u202f549 (WCAG 2.1 \u0443\u0440\u043e\u0432\u0435\u043d\u044c AA). \u041d\u0435\u0434\u043e\u0441\u0442\u0443\u043f\u043d\u044b\u0439 \u043a\u043e\u043d\u0442\u0435\u043d\u0442 Poni\u017csze tre\u015bci s\u0105 niedost\u0119pne z nast\u0119puj\u0105cych powod\u00f3w: \u2003\u2003 Obrazy bez tekstu alternatywnego lub z nieodpowiednim opisem \u2003\u2003 Niekt\u00f3re elementy nie spe\u0142niaj\u0105 wymaga\u0144 dotycz\u0105cych kontrastu kolor\u00f3w \u2003\u2003 Brak niekt\u00f3rych znacznik\u00f3w semantycznych [&hellip;]<\/p>\n","protected":false},"author":1,"featured_media":0,"parent":0,"menu_order":0,"comment_status":"closed","ping_status":"closed","template":"elementor_canvas","meta":{"_acf_changed":false,"footnotes":""},"class_list":["post-5346","page","type-page","status-publish","hentry"],"acf":[],"_links":{"self":[{"href":"https:\/\/www.hotelmilanese.it\/ru\/wp-json\/wp\/v2\/pages\/5346","targetHints":{"allow":["GET"]}}],"collection":[{"href":"https:\/\/www.hotelmilanese.it\/ru\/wp-json\/wp\/v2\/pages"}],"about":[{"href":"https:\/\/www.hotelmilanese.it\/ru\/wp-json\/wp\/v2\/types\/page"}],"author":[{"embeddable":true,"href":"https:\/\/www.hotelmilanese.it\/ru\/wp-json\/wp\/v2\/users\/1"}],"replies":[{"embeddable":true,"href":"https:\/\/www.hotelmilanese.it\/ru\/wp-json\/wp\/v2\/comments?post=5346"}],"version-history":[{"count":1,"href":"https:\/\/www.hotelmilanese.it\/ru\/wp-json\/wp\/v2\/pages\/5346\/revisions"}],"predecessor-version":[{"id":5347,"href":"https:\/\/www.hotelmilanese.it\/ru\/wp-json\/wp\/v2\/pages\/5346\/revisions\/5347"}],"wp:attachment":[{"href":"https:\/\/www.hotelmilanese.it\/ru\/wp-json\/wp\/v2\/media?parent=5346"}],"curies":[{"name":"wp","href":"https:\/\/api.w.org\/{rel}","templated":true}]}}